{"id":2870,"date":"2025-09-16T08:12:00","date_gmt":"2025-09-16T08:12:00","guid":{"rendered":"https:\/\/raytalkcomms.com\/?page_id=2870"},"modified":"2025-12-31T08:34:27","modified_gmt":"2025-12-31T08:34:27","slug":"technical-advantages","status":"publish","type":"page","link":"https:\/\/raytalkcomms.com\/fr\/odm-service\/technical-advantages\/","title":{"rendered":"Avantages techniques"},"content":{"rendered":"<div data-elementor-type=\"wp-page\" data-elementor-id=\"2870\" class=\"elementor elementor-2870\" data-elementor-post-type=\"page\">\n\t\t\t\t<div class=\"elementor-element elementor-element-6732be4 e-grid e-con-boxed e-con e-parent\" data-id=\"6732be4\" data-element_type=\"container\" data-settings=\"{&quot;background_background&quot;:&quot;classic&quot;}\">\n\t\t\t\t\t<div class=\"e-con-inner\">\n\t\t<div class=\"elementor-element elementor-element-4a42ef1 e-con-full e-flex e-con e-child\" data-id=\"4a42ef1\" data-element_type=\"container\">\n\t\t\t\t<div class=\"elementor-element elementor-element-89389a8 elementor-widget elementor-widget-heading\" data-id=\"89389a8\" data-element_type=\"widget\" data-widget_type=\"heading.default\">\n\t\t\t\t<div class=\"elementor-widget-container\">\n\t\t\t\t\t<h2 class=\"elementor-heading-title elementor-size-default\">Avantages techniques<\/h2>\t\t\t\t<\/div>\n\t\t\t\t<\/div>\n\t\t\t\t<div class=\"elementor-element elementor-element-15cdcfa elementor-widget elementor-widget-text-editor\" data-id=\"15cdcfa\" data-element_type=\"widget\" data-widget_type=\"text-editor.default\">\n\t\t\t\t<div class=\"elementor-widget-container\">\n\t\t\t\t\t\t\t\t\t<p>Quand l'innovation rencontre la pr\u00e9cision.<\/p>\t\t\t\t\t\t\t\t<\/div>\n\t\t\t\t<\/div>\n\t\t\t\t<\/div>\n\t\t\t\t\t<\/div>\n\t\t\t\t<\/div>\n\t\t<div class=\"elementor-element elementor-element-4cd7afa e-flex e-con-boxed e-con e-parent\" data-id=\"4cd7afa\" data-element_type=\"container\">\n\t\t\t\t\t<div class=\"e-con-inner\">\n\t\t\t\t<div class=\"elementor-element elementor-element-21cd72f e-n-tabs-mobile elementor-widget elementor-widget-n-tabs\" data-id=\"21cd72f\" data-element_type=\"widget\" data-settings=\"{&quot;horizontal_scroll&quot;:&quot;disable&quot;}\" data-widget_type=\"nested-tabs.default\">\n\t\t\t\t<div class=\"elementor-widget-container\">\n\t\t\t\t\t\t\t<div class=\"e-n-tabs\" data-widget-number=\"35444527\" aria-label=\"Tabs. Open items with Enter or Space, close with Escape and navigate using the Arrow keys.\" data-no-translation-aria-label=\"\">\n\t\t\t<div class=\"e-n-tabs-heading\" role=\"tablist\">\n\t\t\t\t\t<button id=\"e-n-tab-title-354445271\" data-tab-title-id=\"e-n-tab-title-354445271\" class=\"e-n-tab-title\" aria-selected=\"true\" data-tab-index=\"1\" role=\"tab\" tabindex=\"0\" aria-controls=\"e-n-tab-content-354445271\" style=\"--n-tabs-title-order: 1;\">\n\t\t\t\t\t<span class=\"e-n-tab-icon\">\n\t\t\t<i aria-hidden=\"true\" class=\"fas fa-pencil-ruler\"><\/i>\t\t\t<i aria-hidden=\"true\" class=\"fas fa-pencil-ruler\"><\/i>\t\t<\/span>\n\t\t\t\t\t<span class=\"e-n-tab-title-text\">\n\t\t\t\tConception\t\t\t<\/span>\n\t\t<\/button>\n\t\t\t\t<button id=\"e-n-tab-title-354445272\" data-tab-title-id=\"e-n-tab-title-354445272\" class=\"e-n-tab-title\" aria-selected=\"false\" data-tab-index=\"2\" role=\"tab\" tabindex=\"-1\" aria-controls=\"e-n-tab-content-354445272\" style=\"--n-tabs-title-order: 2;\">\n\t\t\t\t\t<span class=\"e-n-tab-icon\">\n\t\t\t<i aria-hidden=\"true\" class=\"fas fa-cog\"><\/i>\t\t\t<i aria-hidden=\"true\" class=\"fas fa-cog\"><\/i>\t\t<\/span>\n\t\t\t\t\t<span class=\"e-n-tab-title-text\">\n\t\t\t\tIng\u00e9nierie\t\t\t<\/span>\n\t\t<\/button>\n\t\t\t\t<button id=\"e-n-tab-title-354445273\" data-tab-title-id=\"e-n-tab-title-354445273\" class=\"e-n-tab-title\" aria-selected=\"false\" data-tab-index=\"3\" role=\"tab\" tabindex=\"-1\" aria-controls=\"e-n-tab-content-354445273\" style=\"--n-tabs-title-order: 3;\">\n\t\t\t\t\t<span class=\"e-n-tab-icon\">\n\t\t\t<i aria-hidden=\"true\" class=\"fas fa-hammer\"><\/i>\t\t\t<i aria-hidden=\"true\" class=\"fas fa-hammer\"><\/i>\t\t<\/span>\n\t\t\t\t\t<span class=\"e-n-tab-title-text\">\n\t\t\t\tFabrication\t\t\t<\/span>\n\t\t<\/button>\n\t\t\t\t\t<\/div>\n\t\t\t<div class=\"e-n-tabs-content\">\n\t\t\t\t<div id=\"e-n-tab-content-354445271\" role=\"tabpanel\" aria-labelledby=\"e-n-tab-title-354445271\" data-tab-index=\"1\" style=\"--n-tabs-title-order: 1;\" class=\"e-active elementor-element elementor-element-7fa2ba2 e-con-full e-flex e-con e-child\" data-id=\"7fa2ba2\" data-element_type=\"container\">\n\t\t<div class=\"elementor-element elementor-element-c9607cb e-flex e-con-boxed e-con e-child\" data-id=\"c9607cb\" data-element_type=\"container\">\n\t\t\t\t\t<div class=\"e-con-inner\">\n\t\t\t\t<div class=\"elementor-element elementor-element-bc7251e elementor-widget elementor-widget-image\" data-id=\"bc7251e\" data-element_type=\"widget\" data-widget_type=\"image.default\">\n\t\t\t\t<div class=\"elementor-widget-container\">\n\t\t\t\t\t\t\t\t\t\t\t\t\t\t\t<img fetchpriority=\"high\" decoding=\"async\" width=\"1024\" height=\"366\" src=\"https:\/\/raytalkcomms.com\/wp-content\/uploads\/2025\/09\/ODM-Design-1024x366.jpg\" class=\"attachment-large size-large wp-image-3611\" alt=\"Blueprint and 3D design of two way radio accessories showcasing RayTalk engineering, design, and manufacturing expertise.\" srcset=\"https:\/\/raytalkcomms.com\/wp-content\/uploads\/2025\/09\/ODM-Design-1024x366.jpg 1024w, https:\/\/raytalkcomms.com\/wp-content\/uploads\/2025\/09\/ODM-Design-300x107.jpg 300w, https:\/\/raytalkcomms.com\/wp-content\/uploads\/2025\/09\/ODM-Design-768x274.jpg 768w, https:\/\/raytalkcomms.com\/wp-content\/uploads\/2025\/09\/ODM-Design-1536x549.jpg 1536w, https:\/\/raytalkcomms.com\/wp-content\/uploads\/2025\/09\/ODM-Design-1000x357.jpg 1000w, https:\/\/raytalkcomms.com\/wp-content\/uploads\/2025\/09\/ODM-Design.jpg 1903w\" sizes=\"(max-width: 1024px) 100vw, 1024px\" \/>\t\t\t\t\t\t\t\t\t\t\t\t\t\t\t<\/div>\n\t\t\t\t<\/div>\n\t\t\t\t<div class=\"elementor-element elementor-element-c4d88d2 elementor-widget elementor-widget-text-editor\" data-id=\"c4d88d2\" data-element_type=\"widget\" data-widget_type=\"text-editor.default\">\n\t\t\t\t<div class=\"elementor-widget-container\">\n\t\t\t\t\t\t\t\t\t<p>Nous sommes des experts en mati\u00e8re de conception et de fabrication de moules. Que nos clients aient besoin de simples pi\u00e8ces en plastique moul\u00e9 ou de composants \u00e9lectroniques plus complexes, notre \u00e9quipe d'ing\u00e9nieurs a la capacit\u00e9 et les outils n\u00e9cessaires pour trouver des solutions rapides. La r\u00e9ussite d'un projet de conception de fabrication est li\u00e9e \u00e0 la discussion et \u00e0 la coop\u00e9ration entre vous et le client.<\/p>\t\t\t\t\t\t\t\t<\/div>\n\t\t\t\t<\/div>\n\t\t\t\t\t<\/div>\n\t\t\t\t<\/div>\n\t\t\t\t<\/div>\n\t\t<div id=\"e-n-tab-content-354445272\" role=\"tabpanel\" aria-labelledby=\"e-n-tab-title-354445272\" data-tab-index=\"2\" style=\"--n-tabs-title-order: 2;\" class=\"elementor-element elementor-element-536ee01 e-con-full e-flex e-con e-child\" data-id=\"536ee01\" data-element_type=\"container\">\n\t\t<div class=\"elementor-element elementor-element-dc6a3c6 e-con-full e-flex e-con e-child\" data-id=\"dc6a3c6\" data-element_type=\"container\" data-settings=\"{&quot;background_background&quot;:&quot;classic&quot;}\">\n\t\t\t\t<div class=\"elementor-element elementor-element-0d30616 elementor-widget elementor-widget-heading\" data-id=\"0d30616\" data-element_type=\"widget\" data-widget_type=\"heading.default\">\n\t\t\t\t<div class=\"elementor-widget-container\">\n\t\t\t\t\t<h3 class=\"elementor-heading-title elementor-size-default\">PCBA<\/h3>\t\t\t\t<\/div>\n\t\t\t\t<\/div>\n\t\t\t\t<div class=\"elementor-element elementor-element-a4ac5b4 elementor-widget elementor-widget-text-editor\" data-id=\"a4ac5b4\" data-element_type=\"widget\" data-widget_type=\"text-editor.default\">\n\t\t\t\t<div class=\"elementor-widget-container\">\n\t\t\t\t\t\t\t\t\t<p>Le PCBA est un composant indispensable des produits \u00e9lectroniques. Nous pouvons produire des circuits int\u00e9gr\u00e9s multicouches simples ou complexes. Notre \u00e9quipe de R&amp;D peut concevoir des circuits avanc\u00e9s pour fabriquer des produits complets.<\/p>\t\t\t\t\t\t\t\t<\/div>\n\t\t\t\t<\/div>\n\t\t\t\t<\/div>\n\t\t<div class=\"elementor-element elementor-element-b3632f6 e-con-full e-flex e-con e-child\" data-id=\"b3632f6\" data-element_type=\"container\" data-settings=\"{&quot;background_background&quot;:&quot;classic&quot;}\">\n\t\t\t\t<div class=\"elementor-element elementor-element-bf587ac elementor-widget elementor-widget-heading\" data-id=\"bf587ac\" data-element_type=\"widget\" data-widget_type=\"heading.default\">\n\t\t\t\t<div class=\"elementor-widget-container\">\n\t\t\t\t\t<h3 class=\"elementor-heading-title elementor-size-default\">CONCEPTION DU MOULE<\/h3>\t\t\t\t<\/div>\n\t\t\t\t<\/div>\n\t\t\t\t<div class=\"elementor-element elementor-element-b74f217 elementor-widget elementor-widget-text-editor\" data-id=\"b74f217\" data-element_type=\"widget\" data-widget_type=\"text-editor.default\">\n\t\t\t\t<div class=\"elementor-widget-container\">\n\t\t\t\t\t\t\t\t\t<p>Nous disposons de notre propre d\u00e9partement des moules, qui est rempli de toutes sortes de moules. \u00c0 l'exception des moules pour les produits conventionnels, beaucoup d'entre eux sont personnalis\u00e9s pour les clients. Notre capacit\u00e9 \u00e0 concevoir et \u00e0 fabriquer des moules d'injection et des gabarits de production d'assemblage nous permet de nous d\u00e9marquer de la concurrence.<\/p><p>Qu'il s'agisse d'un petit lot de composants \u00e9lectroniques ou d'un grand lot de pi\u00e8ces en plastique, nous concevons et fabriquons syst\u00e9matiquement des moules \u00e0 injection de haute qualit\u00e9 \u00e0 un co\u00fbt inf\u00e9rieur et \u00e0 une vitesse sup\u00e9rieure. Comme nous ma\u00eetrisons enti\u00e8rement le processus de conception des moules d'injection, nous pouvons concevoir des pi\u00e8ces donn\u00e9es et des outils connexes afin d'obtenir une fabrication efficace. Nous pouvons faire passer votre produit de la conception \u00e0 la production compl\u00e8te en dix semaines ou moins. Cela permet de minimiser les co\u00fbts de production globaux sans sacrifier la qualit\u00e9.<\/p>\t\t\t\t\t\t\t\t<\/div>\n\t\t\t\t<\/div>\n\t\t\t\t<\/div>\n\t\t<div class=\"elementor-element elementor-element-711b573 e-con-full e-flex e-con e-child\" data-id=\"711b573\" data-element_type=\"container\" data-settings=\"{&quot;background_background&quot;:&quot;classic&quot;}\">\n\t\t\t\t<div class=\"elementor-element elementor-element-6cce6ca elementor-widget elementor-widget-heading\" data-id=\"6cce6ca\" data-element_type=\"widget\" data-widget_type=\"heading.default\">\n\t\t\t\t<div class=\"elementor-widget-container\">\n\t\t\t\t\t<h3 class=\"elementor-heading-title elementor-size-default\">IMPRESSION 3D<\/h3>\t\t\t\t<\/div>\n\t\t\t\t<\/div>\n\t\t\t\t<div class=\"elementor-element elementor-element-9cdb8b0 elementor-widget elementor-widget-text-editor\" data-id=\"9cdb8b0\" data-element_type=\"widget\" data-widget_type=\"text-editor.default\">\n\t\t\t\t<div class=\"elementor-widget-container\">\n\t\t\t\t\t\t\t\t\t<p>De nos jours, l'impression 3D est largement utilis\u00e9e dans divers composants de production, prototypes et outils. Dans le cadre de la fabrication Ray Talk, nous appliquons \u00e9galement l'impression 3D aux projets OEM et ODM. Les prototypes fonctionnels et structurels en 3D peuvent aider \u00e0 respecter le calendrier du projet et \u00e0 passer plus efficacement \u00e0 la production en s\u00e9rie.<\/p>\t\t\t\t\t\t\t\t<\/div>\n\t\t\t\t<\/div>\n\t\t\t\t<\/div>\n\t\t\t\t<\/div>\n\t\t<div id=\"e-n-tab-content-354445273\" role=\"tabpanel\" aria-labelledby=\"e-n-tab-title-354445273\" data-tab-index=\"3\" style=\"--n-tabs-title-order: 3;\" class=\"elementor-element elementor-element-b1e0d53 e-con-full e-flex e-con e-child\" data-id=\"b1e0d53\" data-element_type=\"container\">\n\t\t<div class=\"elementor-element elementor-element-b7a49c1 e-con-full e-flex e-con e-child\" data-id=\"b7a49c1\" data-element_type=\"container\" data-settings=\"{&quot;background_background&quot;:&quot;classic&quot;}\">\n\t\t\t\t<div class=\"elementor-element elementor-element-4bf3e03 elementor-widget elementor-widget-heading\" data-id=\"4bf3e03\" data-element_type=\"widget\" data-widget_type=\"heading.default\">\n\t\t\t\t<div class=\"elementor-widget-container\">\n\t\t\t\t\t<h3 class=\"elementor-heading-title elementor-size-default\">ACHATS &amp; IQC<\/h3>\t\t\t\t<\/div>\n\t\t\t\t<\/div>\n\t\t\t\t<div class=\"elementor-element elementor-element-a37a44b elementor-widget elementor-widget-text-editor\" data-id=\"a37a44b\" data-element_type=\"widget\" data-widget_type=\"text-editor.default\">\n\t\t\t\t<div class=\"elementor-widget-container\">\n\t\t\t\t\t\t\t\t\t<p>Acheter tous les mat\u00e9riaux et composants n\u00e9cessaires et fabriquer les outils. Ce processus prend g\u00e9n\u00e9ralement de 4 \u00e0 6 semaines. Une fois que les mat\u00e9riaux arrivent \u00e0 notre usine, le d\u00e9partement IQC inspecte les mati\u00e8res premi\u00e8res pour s'assurer que les mat\u00e9riaux utilis\u00e9s dans la production sont tous des produits qualifi\u00e9s. Ensuite, la nomenclature sera organis\u00e9e par nos experts en inventaire et remise aux assembleurs de l'\u00e9quipe de production pour les \u00e9tapes suivantes.<\/p>\t\t\t\t\t\t\t\t<\/div>\n\t\t\t\t<\/div>\n\t\t\t\t<\/div>\n\t\t<div class=\"elementor-element elementor-element-a69cb73 e-con-full e-flex e-con e-child\" data-id=\"a69cb73\" data-element_type=\"container\" data-settings=\"{&quot;background_background&quot;:&quot;classic&quot;}\">\n\t\t\t\t<div class=\"elementor-element elementor-element-30839d0 elementor-widget elementor-widget-heading\" data-id=\"30839d0\" data-element_type=\"widget\" data-widget_type=\"heading.default\">\n\t\t\t\t<div class=\"elementor-widget-container\">\n\t\t\t\t\t<h3 class=\"elementor-heading-title elementor-size-default\">FABRICATION<\/h3>\t\t\t\t<\/div>\n\t\t\t\t<\/div>\n\t\t\t\t<div class=\"elementor-element elementor-element-6a6cadf elementor-widget elementor-widget-text-editor\" data-id=\"6a6cadf\" data-element_type=\"widget\" data-widget_type=\"text-editor.default\">\n\t\t\t\t<div class=\"elementor-widget-container\">\n\t\t\t\t\t\t\t\t\t<p>Une fois que le client a confirm\u00e9 l'\u00e9chantillon de pr\u00e9production, nous en informons imm\u00e9diatement la cha\u00eene de production, qui demande le pr\u00e9l\u00e8vement, la v\u00e9rification, les pi\u00e8ces de rechange et les outils de production correspondants, puis organise le processus de production afin de promouvoir une production efficace. Une fois la production de masse lanc\u00e9e, nous confirmerons le d\u00e9lai de livraison. En r\u00e8gle g\u00e9n\u00e9rale, le d\u00e9lai de livraison est d'environ 4 semaines. Le d\u00e9lai sp\u00e9cifique d\u00e9pend de la complexit\u00e9 et de l'ampleur du projet. Qu'il s'agisse de la complexit\u00e9 du projet ou de la taille de la commande, nous disposons d'une installation de production compl\u00e8te et d'une \u00e9quipe technique professionnelle pour r\u00e9pondre \u00e0 vos besoins de fabrication.<\/p>\t\t\t\t\t\t\t\t<\/div>\n\t\t\t\t<\/div>\n\t\t\t\t<\/div>\n\t\t<div class=\"elementor-element elementor-element-cc77ea6 e-con-full e-flex e-con e-child\" data-id=\"cc77ea6\" data-element_type=\"container\" data-settings=\"{&quot;background_background&quot;:&quot;classic&quot;}\">\n\t\t\t\t<div class=\"elementor-element elementor-element-71c0845 elementor-widget elementor-widget-heading\" data-id=\"71c0845\" data-element_type=\"widget\" data-widget_type=\"heading.default\">\n\t\t\t\t<div class=\"elementor-widget-container\">\n\t\t\t\t\t<h3 class=\"elementor-heading-title elementor-size-default\">TEST<\/h3>\t\t\t\t<\/div>\n\t\t\t\t<\/div>\n\t\t\t\t<div class=\"elementor-element elementor-element-ce8ea6e elementor-widget elementor-widget-text-editor\" data-id=\"ce8ea6e\" data-element_type=\"widget\" data-widget_type=\"text-editor.default\">\n\t\t\t\t<div class=\"elementor-widget-container\">\n\t\t\t\t\t\t\t\t\t<p>Nous effectuons plusieurs s\u00e9ries de tests et une inspection compl\u00e8te des produits avant leur exp\u00e9dition. En g\u00e9n\u00e9ral, notre personnel AQ\/CQ teste les produits avant et apr\u00e8s la production, l'assemblage et l'emballage afin de fournir aux clients des produits dont la qualit\u00e9 est garantie et de s'assurer que les produits sont sp\u00e9cifiquement con\u00e7us pour leurs applications uniques.<\/p>\t\t\t\t\t\t\t\t<\/div>\n\t\t\t\t<\/div>\n\t\t\t\t<\/div>\n\t\t\t\t<\/div>\n\t\t\t\t\t<\/div>\n\t\t<\/div>\n\t\t\t\t\t\t<\/div>\n\t\t\t\t<\/div>\n\t\t\t\t\t<\/div>\n\t\t\t\t<\/div>\n\t\t<div class=\"elementor-element elementor-element-c933118 e-flex e-con-boxed e-con e-parent\" data-id=\"c933118\" data-element_type=\"container\">\n\t\t\t\t\t<div class=\"e-con-inner\">\n\t\t\t\t\t<\/div>\n\t\t\t\t<\/div>\n\t\t\t\t<\/div>","protected":false},"excerpt":{"rendered":"<p>Technical Advantages Where innovation meets precision. Design Engineering Manufacturing We are experts in mold design and manufacturing. Whether our customers need simple molded plastic parts or more complex electronic components, Our engineering team has the ability and tools to generate quick solutions. A successful manufacturing design project is related to the discussion and cooperation between [&hellip;]<\/p>\n","protected":false},"author":1,"featured_media":3611,"parent":2525,"menu_order":0,"comment_status":"closed","ping_status":"closed","template":"","meta":{"footnotes":""},"class_list":["post-2870","page","type-page","status-publish","has-post-thumbnail","hentry"],"blocksy_meta":[],"_links":{"self":[{"href":"https:\/\/raytalkcomms.com\/fr\/wp-json\/wp\/v2\/pages\/2870","targetHints":{"allow":["GET"]}}],"collection":[{"href":"https:\/\/raytalkcomms.com\/fr\/wp-json\/wp\/v2\/pages"}],"about":[{"href":"https:\/\/raytalkcomms.com\/fr\/wp-json\/wp\/v2\/types\/page"}],"author":[{"embeddable":true,"href":"https:\/\/raytalkcomms.com\/fr\/wp-json\/wp\/v2\/users\/1"}],"replies":[{"embeddable":true,"href":"https:\/\/raytalkcomms.com\/fr\/wp-json\/wp\/v2\/comments?post=2870"}],"version-history":[{"count":24,"href":"https:\/\/raytalkcomms.com\/fr\/wp-json\/wp\/v2\/pages\/2870\/revisions"}],"predecessor-version":[{"id":6667,"href":"https:\/\/raytalkcomms.com\/fr\/wp-json\/wp\/v2\/pages\/2870\/revisions\/6667"}],"up":[{"embeddable":true,"href":"https:\/\/raytalkcomms.com\/fr\/wp-json\/wp\/v2\/pages\/2525"}],"wp:featuredmedia":[{"embeddable":true,"href":"https:\/\/raytalkcomms.com\/fr\/wp-json\/wp\/v2\/media\/3611"}],"wp:attachment":[{"href":"https:\/\/raytalkcomms.com\/fr\/wp-json\/wp\/v2\/media?parent=2870"}],"curies":[{"name":"wp","href":"https:\/\/api.w.org\/{rel}","templated":true}]}}