{"id":2851,"date":"2025-09-16T06:20:18","date_gmt":"2025-09-16T06:20:18","guid":{"rendered":"https:\/\/raytalkcomms.com\/?page_id=2851"},"modified":"2026-01-07T13:36:14","modified_gmt":"2026-01-07T13:36:14","slug":"our-culture","status":"publish","type":"page","link":"https:\/\/raytalkcomms.com\/fr\/about-us\/our-culture\/","title":{"rendered":"Notre culture"},"content":{"rendered":"<div data-elementor-type=\"wp-page\" data-elementor-id=\"2851\" class=\"elementor elementor-2851\" data-elementor-post-type=\"page\">\n\t\t\t\t<div class=\"elementor-element elementor-element-47ade8e e-grid e-con-boxed e-con e-parent\" data-id=\"47ade8e\" data-element_type=\"container\" data-settings=\"{&quot;background_background&quot;:&quot;classic&quot;}\">\n\t\t\t\t\t<div class=\"e-con-inner\">\n\t\t<div class=\"elementor-element elementor-element-510750c e-con-full e-flex e-con e-child\" data-id=\"510750c\" data-element_type=\"container\">\n\t\t\t\t<div class=\"elementor-element elementor-element-85a192d elementor-widget elementor-widget-heading\" data-id=\"85a192d\" data-element_type=\"widget\" data-widget_type=\"heading.default\">\n\t\t\t\t<div class=\"elementor-widget-container\">\n\t\t\t\t\t<h2 class=\"elementor-heading-title elementor-size-default\">Notre culture<\/h2>\t\t\t\t<\/div>\n\t\t\t\t<\/div>\n\t\t\t\t<div class=\"elementor-element elementor-element-7575d94 elementor-widget elementor-widget-text-editor\" data-id=\"7575d94\" data-element_type=\"widget\" data-widget_type=\"text-editor.default\">\n\t\t\t\t<div class=\"elementor-widget-container\">\n\t\t\t\t\t\t\t\t\t<p>L\u00e0 o\u00f9 le respect, la confiance, la croissance et la cr\u00e9ativit\u00e9 fa\u00e7onnent l'avenir.<\/p>\t\t\t\t\t\t\t\t<\/div>\n\t\t\t\t<\/div>\n\t\t\t\t<\/div>\n\t\t\t\t\t<\/div>\n\t\t\t\t<\/div>\n\t\t<div class=\"elementor-element elementor-element-82c84ce e-flex e-con-boxed e-con e-parent\" data-id=\"82c84ce\" data-element_type=\"container\">\n\t\t\t\t\t<div class=\"e-con-inner\">\n\t\t\t\t<div class=\"elementor-element elementor-element-4845c4e elementor-widget elementor-widget-heading\" data-id=\"4845c4e\" data-element_type=\"widget\" data-widget_type=\"heading.default\">\n\t\t\t\t<div class=\"elementor-widget-container\">\n\t\t\t\t\t<h2 class=\"elementor-heading-title elementor-size-default\">Notre culture<\/h2>\t\t\t\t<\/div>\n\t\t\t\t<\/div>\n\t\t\t\t<div class=\"elementor-element elementor-element-db3f76e elementor-widget__width-initial elementor-widget elementor-widget-text-editor\" data-id=\"db3f76e\" data-element_type=\"widget\" data-widget_type=\"text-editor.default\">\n\t\t\t\t<div class=\"elementor-widget-container\">\n\t\t\t\t\t\t\t\t\t<p>Chez RayTalk, notre culture est \u00e0 la base de tout ce que nous faisons. Nous pensons que des valeurs fortes ne guident pas seulement nos d\u00e9cisions quotidiennes, mais qu'elles inspirent aussi nos collaborateurs \u00e0 se d\u00e9velopper, \u00e0 innover et \u00e0 cr\u00e9er un impact durable.<\/p>\t\t\t\t\t\t\t\t<\/div>\n\t\t\t\t<\/div>\n\t\t<div class=\"elementor-element elementor-element-133b36b e-con-full e-grid e-con e-child\" data-id=\"133b36b\" data-element_type=\"container\">\n\t\t\t\t<div class=\"elementor-element elementor-element-a5d465a elementor-view-default elementor-position-top elementor-mobile-position-top elementor-widget elementor-widget-icon-box\" data-id=\"a5d465a\" data-element_type=\"widget\" data-widget_type=\"icon-box.default\">\n\t\t\t\t<div class=\"elementor-widget-container\">\n\t\t\t\t\t\t\t<div class=\"elementor-icon-box-wrapper\">\n\n\t\t\t\t\t\t<div class=\"elementor-icon-box-icon\">\n\t\t\t\t<a href=\"https:\/\/raytalkcomms.com\/fr\/about-us\/why-buy-raytalk\/\" class=\"elementor-icon\" tabindex=\"-1\" aria-label=\"Respect\">\n\t\t\t\t<i aria-hidden=\"true\" class=\"far fa-handshake\"><\/i>\t\t\t\t<\/a>\n\t\t\t<\/div>\n\t\t\t\n\t\t\t\t\t\t<div class=\"elementor-icon-box-content\">\n\n\t\t\t\t\t\t\t\t\t<h3 class=\"elementor-icon-box-title\">\n\t\t\t\t\t\t<a href=\"https:\/\/raytalkcomms.com\/fr\/about-us\/why-buy-raytalk\/\" >\n\t\t\t\t\t\t\tRespect\t\t\t\t\t\t<\/a>\n\t\t\t\t\t<\/h3>\n\t\t\t\t\n\t\t\t\t\t\t\t\t\t<p class=\"elementor-icon-box-description\">\n\t\t\t\t\t\tNous accordons de l'importance \u00e0 chaque voix.\t\t\t\t\t<\/p>\n\t\t\t\t\n\t\t\t<\/div>\n\t\t\t\n\t\t<\/div>\n\t\t\t\t\t\t<\/div>\n\t\t\t\t<\/div>\n\t\t\t\t<div class=\"elementor-element elementor-element-1d6bc55 elementor-view-default elementor-position-top elementor-mobile-position-top elementor-widget elementor-widget-icon-box\" data-id=\"1d6bc55\" data-element_type=\"widget\" data-widget_type=\"icon-box.default\">\n\t\t\t\t<div class=\"elementor-widget-container\">\n\t\t\t\t\t\t\t<div class=\"elementor-icon-box-wrapper\">\n\n\t\t\t\t\t\t<div class=\"elementor-icon-box-icon\">\n\t\t\t\t<a href=\"https:\/\/raytalkcomms.com\/fr\/about-us\/why-work-at-raytalk\/\" class=\"elementor-icon\" tabindex=\"-1\" aria-label=\"Confiance\">\n\t\t\t\t<i aria-hidden=\"true\" class=\"far fa-thumbs-up\"><\/i>\t\t\t\t<\/a>\n\t\t\t<\/div>\n\t\t\t\n\t\t\t\t\t\t<div class=\"elementor-icon-box-content\">\n\n\t\t\t\t\t\t\t\t\t<h3 class=\"elementor-icon-box-title\">\n\t\t\t\t\t\t<a href=\"https:\/\/raytalkcomms.com\/fr\/about-us\/why-work-at-raytalk\/\" >\n\t\t\t\t\t\t\tConfiance\t\t\t\t\t\t<\/a>\n\t\t\t\t\t<\/h3>\n\t\t\t\t\n\t\t\t\t\t\t\t\t\t<p class=\"elementor-icon-box-description\">\n\t\t\t\t\t\tLa fiabilit\u00e9 et l'int\u00e9grit\u00e9 sont les fondements de notre action.\t\t\t\t\t<\/p>\n\t\t\t\t\n\t\t\t<\/div>\n\t\t\t\n\t\t<\/div>\n\t\t\t\t\t\t<\/div>\n\t\t\t\t<\/div>\n\t\t\t\t<div class=\"elementor-element elementor-element-29edec9 elementor-view-default elementor-position-top elementor-mobile-position-top elementor-widget elementor-widget-icon-box\" data-id=\"29edec9\" data-element_type=\"widget\" data-widget_type=\"icon-box.default\">\n\t\t\t\t<div class=\"elementor-widget-container\">\n\t\t\t\t\t\t\t<div class=\"elementor-icon-box-wrapper\">\n\n\t\t\t\t\t\t<div class=\"elementor-icon-box-icon\">\n\t\t\t\t<a href=\"https:\/\/raytalkcomms.com\/fr\/about-us\/certifications\/\" class=\"elementor-icon\" tabindex=\"-1\" aria-label=\"Cr\u00e9ativit\u00e9\">\n\t\t\t\t<i aria-hidden=\"true\" class=\"far fa-lightbulb\"><\/i>\t\t\t\t<\/a>\n\t\t\t<\/div>\n\t\t\t\n\t\t\t\t\t\t<div class=\"elementor-icon-box-content\">\n\n\t\t\t\t\t\t\t\t\t<h3 class=\"elementor-icon-box-title\">\n\t\t\t\t\t\t<a href=\"https:\/\/raytalkcomms.com\/fr\/about-us\/certifications\/\" >\n\t\t\t\t\t\t\tCr\u00e9ativit\u00e9\t\t\t\t\t\t<\/a>\n\t\t\t\t\t<\/h3>\n\t\t\t\t\n\t\t\t\t\t\t\t\t\t<p class=\"elementor-icon-box-description\">\n\t\t\t\t\t\tEncourager les id\u00e9es pour stimuler l'innovation.\t\t\t\t\t<\/p>\n\t\t\t\t\n\t\t\t<\/div>\n\t\t\t\n\t\t<\/div>\n\t\t\t\t\t\t<\/div>\n\t\t\t\t<\/div>\n\t\t\t\t<div class=\"elementor-element elementor-element-d6660ed elementor-view-default elementor-position-top elementor-mobile-position-top elementor-widget elementor-widget-icon-box\" data-id=\"d6660ed\" data-element_type=\"widget\" data-widget_type=\"icon-box.default\">\n\t\t\t\t<div class=\"elementor-widget-container\">\n\t\t\t\t\t\t\t<div class=\"elementor-icon-box-wrapper\">\n\n\t\t\t\t\t\t<div class=\"elementor-icon-box-icon\">\n\t\t\t\t<a href=\"https:\/\/raytalkcomms.com\/fr\/about-us\/certifications\/\" class=\"elementor-icon\" tabindex=\"-1\" aria-label=\"Croissance\">\n\t\t\t\t<i aria-hidden=\"true\" class=\"far fa-paper-plane\"><\/i>\t\t\t\t<\/a>\n\t\t\t<\/div>\n\t\t\t\n\t\t\t\t\t\t<div class=\"elementor-icon-box-content\">\n\n\t\t\t\t\t\t\t\t\t<h3 class=\"elementor-icon-box-title\">\n\t\t\t\t\t\t<a href=\"https:\/\/raytalkcomms.com\/fr\/about-us\/certifications\/\" >\n\t\t\t\t\t\t\tCroissance\t\t\t\t\t\t<\/a>\n\t\t\t\t\t<\/h3>\n\t\t\t\t\n\t\t\t\t\t\t\t\t\t<p class=\"elementor-icon-box-description\">\n\t\t\t\t\t\tFormation continue et d\u00e9veloppement de carri\u00e8re.\t\t\t\t\t<\/p>\n\t\t\t\t\n\t\t\t<\/div>\n\t\t\t\n\t\t<\/div>\n\t\t\t\t\t\t<\/div>\n\t\t\t\t<\/div>\n\t\t\t\t<\/div>\n\t\t\t\t\t<\/div>\n\t\t\t\t<\/div>\n\t\t<div class=\"elementor-element elementor-element-313aa15 e-con-full e-flex e-con e-parent\" data-id=\"313aa15\" data-element_type=\"container\">\n\t\t\t\t<div class=\"elementor-element elementor-element-136d531 elementor-widget elementor-widget-heading\" data-id=\"136d531\" data-element_type=\"widget\" data-widget_type=\"heading.default\">\n\t\t\t\t<div class=\"elementor-widget-container\">\n\t\t\t\t\t<h2 class=\"elementor-heading-title elementor-size-default\">Exp\u00e9rience des employ\u00e9s<\/h2>\t\t\t\t<\/div>\n\t\t\t\t<\/div>\n\t\t\t\t<div class=\"elementor-element elementor-element-cc57bb4 elementor-widget__width-initial elementor-widget elementor-widget-text-editor\" data-id=\"cc57bb4\" data-element_type=\"widget\" data-widget_type=\"text-editor.default\">\n\t\t\t\t<div class=\"elementor-widget-container\">\n\t\t\t\t\t\t\t\t\t<p>Chez RayTalk, nous pensons que l'exp\u00e9rience des employ\u00e9s va au-del\u00e0 du lieu de travail. En favorisant un environnement positif, en encourageant le travail d'\u00e9quipe et en offrant des possibilit\u00e9s d'exposition globale, nous donnons \u00e0 nos employ\u00e9s les moyens de s'\u00e9panouir sur le plan personnel et professionnel, cr\u00e9ant ainsi une communaut\u00e9 qui s'\u00e9panouit ensemble.<\/p>\t\t\t\t\t\t\t\t<\/div>\n\t\t\t\t<\/div>\n\t\t\t\t<div class=\"elementor-element elementor-element-b6d2551 elementor-widget elementor-widget-image\" data-id=\"b6d2551\" data-element_type=\"widget\" data-widget_type=\"image.default\">\n\t\t\t\t<div class=\"elementor-widget-container\">\n\t\t\t\t\t\t\t\t\t\t\t\t\t\t\t<img fetchpriority=\"high\" decoding=\"async\" width=\"1920\" height=\"1080\" src=\"https:\/\/raytalkcomms.com\/wp-content\/uploads\/2025\/12\/raytalk-famliy.png\" class=\"attachment-full size-full wp-image-6705\" alt=\"\" srcset=\"https:\/\/raytalkcomms.com\/wp-content\/uploads\/2025\/12\/raytalk-famliy.png 1920w, https:\/\/raytalkcomms.com\/wp-content\/uploads\/2025\/12\/raytalk-famliy-300x169.png 300w, https:\/\/raytalkcomms.com\/wp-content\/uploads\/2025\/12\/raytalk-famliy-1024x576.png 1024w, https:\/\/raytalkcomms.com\/wp-content\/uploads\/2025\/12\/raytalk-famliy-768x432.png 768w, https:\/\/raytalkcomms.com\/wp-content\/uploads\/2025\/12\/raytalk-famliy-1536x864.png 1536w, https:\/\/raytalkcomms.com\/wp-content\/uploads\/2025\/12\/raytalk-famliy-1000x563.png 1000w\" sizes=\"(max-width: 1920px) 100vw, 1920px\" \/>\t\t\t\t\t\t\t\t\t\t\t\t\t\t\t<\/div>\n\t\t\t\t<\/div>\n\t\t\t\t<\/div>\n\t\t\t\t<\/div>","protected":false},"excerpt":{"rendered":"<p>At RayTalk, we live by \u201cWork hard, live better\u201d. Driven by passion, rich benefits and a dynamic team culture, we are Always Reliable for our people and customers.<\/p>","protected":false},"author":1,"featured_media":0,"parent":953,"menu_order":0,"comment_status":"closed","ping_status":"closed","template":"","meta":{"footnotes":""},"class_list":["post-2851","page","type-page","status-publish","hentry"],"blocksy_meta":[],"_links":{"self":[{"href":"https:\/\/raytalkcomms.com\/fr\/wp-json\/wp\/v2\/pages\/2851","targetHints":{"allow":["GET"]}}],"collection":[{"href":"https:\/\/raytalkcomms.com\/fr\/wp-json\/wp\/v2\/pages"}],"about":[{"href":"https:\/\/raytalkcomms.com\/fr\/wp-json\/wp\/v2\/types\/page"}],"author":[{"embeddable":true,"href":"https:\/\/raytalkcomms.com\/fr\/wp-json\/wp\/v2\/users\/1"}],"replies":[{"embeddable":true,"href":"https:\/\/raytalkcomms.com\/fr\/wp-json\/wp\/v2\/comments?post=2851"}],"version-history":[{"count":38,"href":"https:\/\/raytalkcomms.com\/fr\/wp-json\/wp\/v2\/pages\/2851\/revisions"}],"predecessor-version":[{"id":6753,"href":"https:\/\/raytalkcomms.com\/fr\/wp-json\/wp\/v2\/pages\/2851\/revisions\/6753"}],"up":[{"embeddable":true,"href":"https:\/\/raytalkcomms.com\/fr\/wp-json\/wp\/v2\/pages\/953"}],"wp:attachment":[{"href":"https:\/\/raytalkcomms.com\/fr\/wp-json\/wp\/v2\/media?parent=2851"}],"curies":[{"name":"wp","href":"https:\/\/api.w.org\/{rel}","templated":true}]}}