{"id":6581,"date":"2025-12-31T06:42:38","date_gmt":"2025-12-31T06:42:38","guid":{"rendered":"https:\/\/raytalkcomms.com\/?post_type=product&#038;p=6581"},"modified":"2025-12-31T06:42:38","modified_gmt":"2025-12-31T06:42:38","slug":"rpb-fnb113li-radio-battery-for-vertex-standard-vx-series-radios","status":"publish","type":"product","link":"https:\/\/raytalkcomms.com\/es\/producto\/rpb-fnb113li-radio-battery-for-vertex-standard-vx-series-radios\/","title":{"rendered":"Bater\u00eda de radio RPB-FNB113Li para radios Vertex est\u00e1ndar de la serie VX"},"content":{"rendered":"<h3>Caracter\u00edsticas:<\/h3>\n<ul>\n<li>Compatible con los walkie-talkies Vertex Standard VX450\/VX459\/VX451\/VX454.<\/li>\n<li>sanyo2200mAh\/2600mah\/samsung 2600mah de alta capacidad soporta el uso continuo de radio de alta frecuencia.<\/li>\n<li>Sustituye a las bater\u00edas Vertex Standard \/ Yaesu OEM n\u00famero de pieza RPB-FNB113Li<\/li>\n<li>La qu\u00edmica LI-ION permite ciclos de carga m\u00e1s largos y un rendimiento constante.<\/li>\n<li>Su fabricaci\u00f3n duradera iguala o supera la calidad de la bater\u00eda RPB-FNB113Li original.<\/li>\n<li>Soluci\u00f3n de alimentaci\u00f3n fiable en la que conf\u00edan los equipos profesionales, industriales y de seguridad p\u00fablica.<\/li>\n<\/ul>","protected":false},"excerpt":{"rendered":"<p>RPB-FNB113Li es una bater\u00eda de radio de repuesto de LI-ION de alto rendimiento dise\u00f1ada para los walkie-talkies Vertex Standard, incluidos VX450\/VX459\/VX451\/VX454 Al funcionar con bater\u00eda de radio, proporciona una potencia de transmisi\u00f3n m\u00e1s estable para una comunicaci\u00f3n de voz m\u00e1s clara y fiable.<\/p>\n<p>Con una alta capacidad de sanyo2200mAh\/2600mah\/samsung 2600mah, esta Bater\u00eda de Radio proporciona energ\u00eda constante y continua, por lo que es ideal para equipos que dependen del uso frecuente e ininterrumpido de la radio.<\/p>\n<p>Fabricada para durar, la bater\u00eda de radio RPB-FNB113Li iguala o supera el rendimiento y la calidad de la bater\u00eda original Vertex Standard \/ Motorola RPB-FNB113Li. Su qu\u00edmica LI-ION admite ciclos de carga y descarga m\u00e1s largos, lo que garantiza una alimentaci\u00f3n fiable para las operaciones diarias intensivas.<\/p>\n<p>RayTalk ofrece una amplia gama de bater\u00edas de repuesto para radios bidireccionales. Empresas, organismos gubernamentales y profesionales de la seguridad p\u00fablica conf\u00edan en ellas por su fiabilidad demostrada.<\/p>","protected":false},"featured_media":6578,"template":"","meta":[],"product_brand":[],"product_cat":[214,219,323],"product_tag":[],"class_list":{"0":"post-6581","1":"product","2":"type-product","3":"status-publish","4":"has-post-thumbnail","6":"product_cat-two-way-radio-accessories","7":"product_cat-batteries-and-chargers","8":"product_cat-vertex-standard-yaesu","10":"first","11":"instock","12":"shipping-taxable","13":"purchasable","14":"product-type-simple"},"_links":{"self":[{"href":"https:\/\/raytalkcomms.com\/es\/wp-json\/wp\/v2\/product\/6581","targetHints":{"allow":["GET"]}}],"collection":[{"href":"https:\/\/raytalkcomms.com\/es\/wp-json\/wp\/v2\/product"}],"about":[{"href":"https:\/\/raytalkcomms.com\/es\/wp-json\/wp\/v2\/types\/product"}],"wp:featuredmedia":[{"embeddable":true,"href":"https:\/\/raytalkcomms.com\/es\/wp-json\/wp\/v2\/media\/6578"}],"wp:attachment":[{"href":"https:\/\/raytalkcomms.com\/es\/wp-json\/wp\/v2\/media?parent=6581"}],"wp:term":[{"taxonomy":"product_brand","embeddable":true,"href":"https:\/\/raytalkcomms.com\/es\/wp-json\/wp\/v2\/product_brand?post=6581"},{"taxonomy":"product_cat","embeddable":true,"href":"https:\/\/raytalkcomms.com\/es\/wp-json\/wp\/v2\/product_cat?post=6581"},{"taxonomy":"product_tag","embeddable":true,"href":"https:\/\/raytalkcomms.com\/es\/wp-json\/wp\/v2\/product_tag?post=6581"}],"curies":[{"name":"wp","href":"https:\/\/api.w.org\/{rel}","templated":true}]}}