{"id":6520,"date":"2025-12-31T03:36:35","date_gmt":"2025-12-31T03:36:35","guid":{"rendered":"https:\/\/raytalkcomms.com\/?post_type=product&#038;p=6520"},"modified":"2025-12-31T09:53:09","modified_gmt":"2025-12-31T09:53:09","slug":"em-3454-radio-earpiece-with-usb-c-plug-for-pttoc","status":"publish","type":"product","link":"https:\/\/raytalkcomms.com\/es\/producto\/em-3454-radio-earpiece-with-usb-c-plug-for-pttoc\/","title":{"rendered":"EM-3454 Auricular para radio con conector USB-C para PTToC"},"content":{"rendered":"<h3>Caracter\u00edsticas:<\/h3>\n<ul>\n<li>Gancho en forma de C de goma suave para un uso c\u00f3modo y prolongado<\/li>\n<li>El altavoz de alta potencia ofrece un sonido claro y uniforme en entornos con mucho tr\u00e1fico<\/li>\n<li>Nuevo bot\u00f3n PTT (PTT #54) con respuesta t\u00e1ctil para una r\u00e1pida activaci\u00f3n de la radio y transmisi\u00f3n de audio<\/li>\n<li>Bot\u00f3n \"pulsar para hablar\" con controles integrados de subida y bajada de volumen para ajustar f\u00e1cilmente los niveles de audio de las llamadas<\/li>\n<li>El cable reforzado con Kevlar aumenta la durabilidad y la resistencia al desgaste diario<\/li>\n<li>Dise\u00f1o de conector USB-C para radios PoC modernas y conectividad r\u00e1pida y estable.<\/li>\n<\/ul>\n<h3>Elegir el auricular POC perfecto es muy sencillo.<\/h3>\n<p>Por favor, facil\u00edtenos la siguiente informaci\u00f3n, nuestro equipo de profesionales le ofrecer\u00e1 una soluci\u00f3n en 24 horas.<br \/>\nD\u00edganoslo, por favor:<\/p>\n<ol>\n<li>Marca y modelo de tu dispositivo (por ejemplo, Samsung XCover Pro, Sonim XP10, Hytera PNC560, Caltta E700, Rugged phone, etc.)<\/li>\n<li>La aplicaci\u00f3n\/plataforma POC que est\u00e1 utilizando (por ejemplo, Zello, Teams, Eschat, Wave PTT, Real PTT, Tassta, AerieTalk, Hytera HyTalk, PeakPTT, etc.)<\/li>\n<\/ol>\n<p><img fetchpriority=\"high\" decoding=\"async\" class=\"wp-image-6129 size-full alignnone\" src=\"https:\/\/raytalkcomms.com\/wp-content\/uploads\/2025\/12\/\u84dd\u7259logo_\u753b\u677f-1_\u753b\u677f-1.jpg\" alt=\"Push-to-Talk over Cellular devices brands and PoC applications\" width=\"1920\" height=\"1080\" srcset=\"https:\/\/raytalkcomms.com\/wp-content\/uploads\/2025\/12\/\u84dd\u7259logo_\u753b\u677f-1_\u753b\u677f-1.jpg 1920w, https:\/\/raytalkcomms.com\/wp-content\/uploads\/2025\/12\/\u84dd\u7259logo_\u753b\u677f-1_\u753b\u677f-1-300x169.jpg 300w, https:\/\/raytalkcomms.com\/wp-content\/uploads\/2025\/12\/\u84dd\u7259logo_\u753b\u677f-1_\u753b\u677f-1-1024x576.jpg 1024w, https:\/\/raytalkcomms.com\/wp-content\/uploads\/2025\/12\/\u84dd\u7259logo_\u753b\u677f-1_\u753b\u677f-1-768x432.jpg 768w, https:\/\/raytalkcomms.com\/wp-content\/uploads\/2025\/12\/\u84dd\u7259logo_\u753b\u677f-1_\u753b\u677f-1-1536x864.jpg 1536w, https:\/\/raytalkcomms.com\/wp-content\/uploads\/2025\/12\/\u84dd\u7259logo_\u753b\u677f-1_\u753b\u677f-1-1000x563.jpg 1000w\" sizes=\"(max-width: 1920px) 100vw, 1920px\" \/><\/p>","protected":false},"excerpt":{"rendered":"<p>Este auricular para radio PoC EM-3454 se combina con un bot\u00f3n PTT de nuevo dise\u00f1o y un auricular de s\u00f3lo escucha con conector de 3,5. El nuevo bot\u00f3n PTT integra botones de control de volumen dedicados, lo que permite ajustar el audio sin interrumpir la comunicaci\u00f3n.<br \/>\nCon una interfaz est\u00e1ndar de desconexi\u00f3n r\u00e1pida de 3,5 mm, dispone de opciones flexibles para elegir el tipo de auricular que va a llevar.<br \/>\nOfrecemos una amplia selecci\u00f3n de opciones de ganchos auriculares, incluidos ganchos auriculares en forma de G, ganchos auriculares en forma de C, ganchos auriculares en forma de D y tubos ac\u00fasticos transparentes, para satisfacer diferentes escenarios de uso y necesidades de comunicaci\u00f3n por radio.<br \/>\nEste auricular de radio PoC es muy popular y ha recibido muy buenas cr\u00edticas por parte de equipos de supermercados, centros comerciales, restaurantes, hoteles y otros entornos comerciales y minoristas.<\/p>","protected":false},"featured_media":6519,"template":"","meta":[],"product_brand":[],"product_cat":[213,250],"product_tag":[],"class_list":{"0":"post-6520","1":"product","2":"type-product","3":"status-publish","4":"has-post-thumbnail","6":"product_cat-poc","7":"product_cat-earphone","9":"first","10":"instock","11":"shipping-taxable","12":"purchasable","13":"product-type-simple"},"_links":{"self":[{"href":"https:\/\/raytalkcomms.com\/es\/wp-json\/wp\/v2\/product\/6520","targetHints":{"allow":["GET"]}}],"collection":[{"href":"https:\/\/raytalkcomms.com\/es\/wp-json\/wp\/v2\/product"}],"about":[{"href":"https:\/\/raytalkcomms.com\/es\/wp-json\/wp\/v2\/types\/product"}],"wp:featuredmedia":[{"embeddable":true,"href":"https:\/\/raytalkcomms.com\/es\/wp-json\/wp\/v2\/media\/6519"}],"wp:attachment":[{"href":"https:\/\/raytalkcomms.com\/es\/wp-json\/wp\/v2\/media?parent=6520"}],"wp:term":[{"taxonomy":"product_brand","embeddable":true,"href":"https:\/\/raytalkcomms.com\/es\/wp-json\/wp\/v2\/product_brand?post=6520"},{"taxonomy":"product_cat","embeddable":true,"href":"https:\/\/raytalkcomms.com\/es\/wp-json\/wp\/v2\/product_cat?post=6520"},{"taxonomy":"product_tag","embeddable":true,"href":"https:\/\/raytalkcomms.com\/es\/wp-json\/wp\/v2\/product_tag?post=6520"}],"curies":[{"name":"wp","href":"https:\/\/api.w.org\/{rel}","templated":true}]}}