{"id":6420,"date":"2025-12-30T10:00:27","date_gmt":"2025-12-30T10:00:27","guid":{"rendered":"https:\/\/raytalkcomms.com\/?post_type=product&#038;p=6420"},"modified":"2025-12-30T10:00:27","modified_gmt":"2025-12-30T10:00:27","slug":"rpb-fnbv130l-replacement-battery-pack-for-vertex-standard-yaesu-radios","status":"publish","type":"product","link":"https:\/\/raytalkcomms.com\/es\/producto\/rpb-fnbv130l-replacement-battery-pack-for-vertex-standard-yaesu-radios\/","title":{"rendered":"RPB-FNBV130L Bater\u00eda de repuesto para radios Vertex Standard\/Yaesu"},"content":{"rendered":"<h3>Caracter\u00edsticas:<\/h3>\n<ul>\n<li>Compatible con los walkie-talkies Vertex Standard\/Yaesu VX350, VX351 y VX354.<\/li>\n<li>La salida de 7,4 V proporciona una potencia de transmisi\u00f3n estable y una comunicaci\u00f3n de voz m\u00e1s clara.<\/li>\n<li>2400mAh de alta capacidad soporta el uso continuo de radio de alta frecuencia.<\/li>\n<li>Sustituye a las bater\u00edas Vertex Standard \/ Yaesu OEM n\u00famero de pieza FNBV130L<\/li>\n<li>La qu\u00edmica de iones de litio permite ciclos de carga m\u00e1s largos y un rendimiento constante.<\/li>\n<li>Su fabricaci\u00f3n duradera iguala o supera la calidad de la bater\u00eda FNBV130L original.<\/li>\n<li>Soluci\u00f3n de alimentaci\u00f3n fiable en la que conf\u00edan los equipos profesionales, industriales y de seguridad p\u00fablica.<\/li>\n<\/ul>","protected":false},"excerpt":{"rendered":"<p>La RPB-FNBV130L es una bater\u00eda de repuesto de iones de litio de alto rendimiento dise\u00f1ada para los walkie-talkies Vertex Standard\/Yaesu, incluidos los modelos VX350, VX351 y VX354. Funciona a 7,4 V y proporciona una potencia de transmisi\u00f3n m\u00e1s estable para una comunicaci\u00f3n de voz m\u00e1s clara y fiable. Con una alta capacidad de 2400 mAh, esta bater\u00eda proporciona una potencia constante y continua, por lo que es ideal para equipos que dependen del uso frecuente e ininterrumpido de la radio.<br \/>\nDise\u00f1ada para durar, la RPB-FNBV130L iguala o supera el rendimiento y la calidad de la bater\u00eda de repuesto original Vertex Standard \/ Motorola FNBV130L. Su qu\u00edmica de iones de litio soporta ciclos de carga y descarga m\u00e1s largos, garantizando una potencia fiable para operaciones diarias intensivas. RayTalk ofrece una amplia gama de bater\u00edas de repuesto para radios bidireccionales. Empresas, organismos gubernamentales y profesionales de la seguridad p\u00fablica conf\u00edan en ellas por su fiabilidad demostrada.<\/p>","protected":false},"featured_media":6384,"template":"","meta":[],"product_brand":[],"product_cat":[214,219,323],"product_tag":[],"class_list":{"0":"post-6420","1":"product","2":"type-product","3":"status-publish","4":"has-post-thumbnail","6":"product_cat-two-way-radio-accessories","7":"product_cat-batteries-and-chargers","8":"product_cat-vertex-standard-yaesu","10":"first","11":"instock","12":"shipping-taxable","13":"purchasable","14":"product-type-simple"},"_links":{"self":[{"href":"https:\/\/raytalkcomms.com\/es\/wp-json\/wp\/v2\/product\/6420","targetHints":{"allow":["GET"]}}],"collection":[{"href":"https:\/\/raytalkcomms.com\/es\/wp-json\/wp\/v2\/product"}],"about":[{"href":"https:\/\/raytalkcomms.com\/es\/wp-json\/wp\/v2\/types\/product"}],"wp:featuredmedia":[{"embeddable":true,"href":"https:\/\/raytalkcomms.com\/es\/wp-json\/wp\/v2\/media\/6384"}],"wp:attachment":[{"href":"https:\/\/raytalkcomms.com\/es\/wp-json\/wp\/v2\/media?parent=6420"}],"wp:term":[{"taxonomy":"product_brand","embeddable":true,"href":"https:\/\/raytalkcomms.com\/es\/wp-json\/wp\/v2\/product_brand?post=6420"},{"taxonomy":"product_cat","embeddable":true,"href":"https:\/\/raytalkcomms.com\/es\/wp-json\/wp\/v2\/product_cat?post=6420"},{"taxonomy":"product_tag","embeddable":true,"href":"https:\/\/raytalkcomms.com\/es\/wp-json\/wp\/v2\/product_tag?post=6420"}],"curies":[{"name":"wp","href":"https:\/\/api.w.org\/{rel}","templated":true}]}}