{"id":6395,"date":"2025-12-30T09:38:27","date_gmt":"2025-12-30T09:38:27","guid":{"rendered":"https:\/\/raytalkcomms.com\/?post_type=product&#038;p=6395"},"modified":"2025-12-31T02:30:10","modified_gmt":"2025-12-31T02:30:10","slug":"rpb-fnbv146li-radio-battery-for-vertex-standard-evx-c59","status":"publish","type":"product","link":"https:\/\/raytalkcomms.com\/es\/producto\/rpb-fnbv146li-radio-battery-for-vertex-standard-evx-c59\/","title":{"rendered":"Bater\u00eda de radio RPB-FNBV146Li para radios Vertex Standard EVX-C59"},"content":{"rendered":"<h3>Caracter\u00edsticas:<\/h3>\n<ul>\n<li>Compatible con los walkie-talkies Vertex Standard EVX-C59.<\/li>\n<li>1800mAh de alta capacidad soporta el uso continuo de radio de alta frecuencia.<\/li>\n<li>Sustituye a las bater\u00edas Vertex Standard \/ Yaesu OEM n\u00famero de pieza FNBV146Li<\/li>\n<li>La qu\u00edmica de iones de litio permite ciclos de carga m\u00e1s largos y un rendimiento constante.<\/li>\n<li>Su fabricaci\u00f3n duradera iguala o supera la calidad de la bater\u00eda FNBV146Li original.<\/li>\n<li>Soluci\u00f3n de alimentaci\u00f3n fiable en la que conf\u00edan los equipos profesionales, industriales y de seguridad p\u00fablica.<\/li>\n<\/ul>","protected":false},"excerpt":{"rendered":"<p>La RPB-FNBV146Li es una bater\u00eda de radio de repuesto de iones de litio de alto rendimiento dise\u00f1ada para los walkie-talkies Vertex Standard, incluido el EVX-C59. Al funcionar con la bater\u00eda de radio, proporciona una potencia de transmisi\u00f3n m\u00e1s estable para una comunicaci\u00f3n de voz m\u00e1s clara y fiable.<\/p>\n<p>Con una alta capacidad de 1800mAh, esta bater\u00eda de radio proporciona energ\u00eda constante y continua, por lo que es ideal para equipos que dependen del uso frecuente e ininterrumpido de la radio.<\/p>\n<p>Fabricada para durar, la bater\u00eda de radio RPB-FNBV146Li iguala o supera el rendimiento y la calidad de la bater\u00eda original Vertex Standard \/ Motorola FNBV146Li. Su qu\u00edmica de iones de litio admite ciclos de carga y descarga m\u00e1s largos, lo que garantiza una alimentaci\u00f3n fiable para operaciones diarias intensivas.<\/p>\n<p>RayTalk ofrece una amplia gama de bater\u00edas de repuesto para radios bidireccionales. Empresas, organismos gubernamentales y profesionales de la seguridad p\u00fablica conf\u00edan en ellas por su fiabilidad demostrada.<\/p>","protected":false},"featured_media":6396,"template":"","meta":[],"product_brand":[],"product_cat":[214,219,323],"product_tag":[],"class_list":{"0":"post-6395","1":"product","2":"type-product","3":"status-publish","4":"has-post-thumbnail","6":"product_cat-two-way-radio-accessories","7":"product_cat-batteries-and-chargers","8":"product_cat-vertex-standard-yaesu","10":"first","11":"instock","12":"shipping-taxable","13":"purchasable","14":"product-type-simple"},"_links":{"self":[{"href":"https:\/\/raytalkcomms.com\/es\/wp-json\/wp\/v2\/product\/6395","targetHints":{"allow":["GET"]}}],"collection":[{"href":"https:\/\/raytalkcomms.com\/es\/wp-json\/wp\/v2\/product"}],"about":[{"href":"https:\/\/raytalkcomms.com\/es\/wp-json\/wp\/v2\/types\/product"}],"wp:featuredmedia":[{"embeddable":true,"href":"https:\/\/raytalkcomms.com\/es\/wp-json\/wp\/v2\/media\/6396"}],"wp:attachment":[{"href":"https:\/\/raytalkcomms.com\/es\/wp-json\/wp\/v2\/media?parent=6395"}],"wp:term":[{"taxonomy":"product_brand","embeddable":true,"href":"https:\/\/raytalkcomms.com\/es\/wp-json\/wp\/v2\/product_brand?post=6395"},{"taxonomy":"product_cat","embeddable":true,"href":"https:\/\/raytalkcomms.com\/es\/wp-json\/wp\/v2\/product_cat?post=6395"},{"taxonomy":"product_tag","embeddable":true,"href":"https:\/\/raytalkcomms.com\/es\/wp-json\/wp\/v2\/product_tag?post=6395"}],"curies":[{"name":"wp","href":"https:\/\/api.w.org\/{rel}","templated":true}]}}