{"id":6375,"date":"2025-12-30T08:59:20","date_gmt":"2025-12-30T08:59:20","guid":{"rendered":"https:\/\/raytalkcomms.com\/?post_type=product&#038;p=6375"},"modified":"2025-12-30T09:05:28","modified_gmt":"2025-12-30T09:05:28","slug":"rpb-fnbv103l-rpb-fnbv104l-high-capacity-vertex-li-ion-batteries","status":"publish","type":"product","link":"https:\/\/raytalkcomms.com\/es\/producto\/rpb-fnbv103l-rpb-fnbv104l-high-capacity-vertex-li-ion-batteries\/","title":{"rendered":"RPB-FNBV103L RPB-FNBV104L Bater\u00edas Vertex Li-ion de alta capacidad"},"content":{"rendered":"<h3>Caracter\u00edsticas:<\/h3>\n<ul>\n<li>La bater\u00eda de alta capacidad ofrece un mayor tiempo de conversaci\u00f3n y una alimentaci\u00f3n estable para las exigentes aplicaciones de radio Vertex.<\/li>\n<li>Totalmente compatible con las radios bidireccionales Vertex VX350, VX351 y VX354 para un ajuste y un funcionamiento perfectos.<\/li>\n<li>La fiable qu\u00edmica del Li-ion garantiza una descarga constante, una mayor eficiencia y una larga vida \u00fatil.<\/li>\n<li>Su construcci\u00f3n duradera admite el uso profesional diario en entornos de seguridad, log\u00edstica e industriales.<\/li>\n<li>Reduce el tiempo de inactividad con un mayor tiempo de funcionamiento entre cargas, lo que mejora la productividad general del equipo.<\/li>\n<\/ul>","protected":false},"excerpt":{"rendered":"<p>Las RPB-FNBV103L y RPB-FNBV104L son bater\u00edas de recambio de i\u00f3n-litio de alta capacidad dise\u00f1adas para las radios bidireccionales Vertex. Dise\u00f1adas para funcionar a la perfecci\u00f3n con los modelos VX350, VX351 y VX354, estas bater\u00edas proporcionan energ\u00eda estable y duradera a los equipos que dependen de la comunicaci\u00f3n frecuente por radio.<\/p>\n<p>Esta bater\u00eda de alta capacidad est\u00e1 disponible en capacidades de 1380mAh y 2000mAh y utiliza celdas Sanyo o Samsung de primera calidad, ofreciendo capacidades de hasta 2200mAh o 2600mAh.<\/p>\n<p>El dise\u00f1o de alta capacidad permite ampliar el tiempo de conversaci\u00f3n y en espera, reduciendo la necesidad de recarga constante durante los turnos m\u00e1s exigentes. Fabricados con la fiable qu\u00edmica Li-ion, ofrecen un rendimiento de descarga constante, una eficiencia mejorada y una durabilidad fiable para el uso profesional diario.<\/p>\n<p>Ideales para seguridad, construcci\u00f3n, log\u00edstica y otros entornos de alto uso, estas bater\u00edas garantizan que sus radios Vertex permanezcan encendidas y listas cuando la comunicaci\u00f3n es m\u00e1s importante.<\/p>","protected":false},"featured_media":6386,"template":"","meta":[],"product_brand":[],"product_cat":[214,219,323],"product_tag":[],"class_list":{"0":"post-6375","1":"product","2":"type-product","3":"status-publish","4":"has-post-thumbnail","6":"product_cat-two-way-radio-accessories","7":"product_cat-batteries-and-chargers","8":"product_cat-vertex-standard-yaesu","10":"first","11":"instock","12":"shipping-taxable","13":"purchasable","14":"product-type-simple"},"_links":{"self":[{"href":"https:\/\/raytalkcomms.com\/es\/wp-json\/wp\/v2\/product\/6375","targetHints":{"allow":["GET"]}}],"collection":[{"href":"https:\/\/raytalkcomms.com\/es\/wp-json\/wp\/v2\/product"}],"about":[{"href":"https:\/\/raytalkcomms.com\/es\/wp-json\/wp\/v2\/types\/product"}],"wp:featuredmedia":[{"embeddable":true,"href":"https:\/\/raytalkcomms.com\/es\/wp-json\/wp\/v2\/media\/6386"}],"wp:attachment":[{"href":"https:\/\/raytalkcomms.com\/es\/wp-json\/wp\/v2\/media?parent=6375"}],"wp:term":[{"taxonomy":"product_brand","embeddable":true,"href":"https:\/\/raytalkcomms.com\/es\/wp-json\/wp\/v2\/product_brand?post=6375"},{"taxonomy":"product_cat","embeddable":true,"href":"https:\/\/raytalkcomms.com\/es\/wp-json\/wp\/v2\/product_cat?post=6375"},{"taxonomy":"product_tag","embeddable":true,"href":"https:\/\/raytalkcomms.com\/es\/wp-json\/wp\/v2\/product_tag?post=6375"}],"curies":[{"name":"wp","href":"https:\/\/api.w.org\/{rel}","templated":true}]}}