{"id":6371,"date":"2025-12-30T08:16:48","date_gmt":"2025-12-30T08:16:48","guid":{"rendered":"https:\/\/raytalkcomms.com\/?post_type=product&#038;p=6371"},"modified":"2025-12-30T08:16:49","modified_gmt":"2025-12-30T08:16:49","slug":"rpb-fnbv95li-rpb-fnbv96li-li-ion-batteries-for-vertex-motorola-vx350-vx351-vx354","status":"publish","type":"product","link":"https:\/\/raytalkcomms.com\/es\/producto\/rpb-fnbv95li-rpb-fnbv96li-li-ion-batteries-for-vertex-motorola-vx350-vx351-vx354\/","title":{"rendered":"RPB-FNBV95Li RPB-FNBV96Li Bater\u00edas Li-ion para Vertex\/ Motorola VX350 VX351 VX354"},"content":{"rendered":"<h3>Caracter\u00edsticas:<\/h3>\n<ul>\n<li>Compatible with Vertex Standard VX350, VX351, and VX354 walkie-talkies.<\/li>\n<li>La salida de 7,4 V proporciona una potencia de transmisi\u00f3n estable y una comunicaci\u00f3n de voz m\u00e1s clara.<\/li>\n<li>2300mAh de alta capacidad soporta el uso continuo de radio de alta frecuencia.<\/li>\n<li>Replaces the Vertex Standard \/ Yaesu OEM part number FNBV95Li and FNBV96Li batteries<\/li>\n<li>La qu\u00edmica de iones de litio permite ciclos de carga m\u00e1s largos y un rendimiento constante.<\/li>\n<li>Durable build matches or exceeds original FNBV95Li and FNBV96Li batteries quality.<\/li>\n<li>Soluci\u00f3n de alimentaci\u00f3n fiable en la que conf\u00edan los equipos profesionales, industriales y de seguridad p\u00fablica.<\/li>\n<\/ul>","protected":false},"excerpt":{"rendered":"<p>The RPB-FNBV95Li RPB-FNBV96Li are high-performance Li-ion batteries for Vertex\/ Motorola walkie-talkies, including VX350, VX351, and VX354. Operating at 7.4V battery, it delivers more stable transmit power for clearer, more reliable voice communication.<br \/>\nWith a high capacity of 2300mAh, this battery provides consistent and continuous power, making it ideal for teams that rely on frequent, uninterrupted radio use.<br \/>\nBuilt for durability, the Li-ion Batteries match or exceed the performance and quality of the original Vertex Standard \/ Motorola FNBV95Li and FNBV96Li battery packs. Its Lithium-Ion chemistry supports longer charge and discharge cycles, ensuring dependable power for intensive daily operations.<\/p>","protected":false},"featured_media":6372,"template":"","meta":[],"product_brand":[],"product_cat":[214,219,323],"product_tag":[],"class_list":{"0":"post-6371","1":"product","2":"type-product","3":"status-publish","4":"has-post-thumbnail","6":"product_cat-two-way-radio-accessories","7":"product_cat-batteries-and-chargers","8":"product_cat-vertex-standard-yaesu","10":"first","11":"instock","12":"shipping-taxable","13":"purchasable","14":"product-type-simple"},"_links":{"self":[{"href":"https:\/\/raytalkcomms.com\/es\/wp-json\/wp\/v2\/product\/6371","targetHints":{"allow":["GET"]}}],"collection":[{"href":"https:\/\/raytalkcomms.com\/es\/wp-json\/wp\/v2\/product"}],"about":[{"href":"https:\/\/raytalkcomms.com\/es\/wp-json\/wp\/v2\/types\/product"}],"wp:featuredmedia":[{"embeddable":true,"href":"https:\/\/raytalkcomms.com\/es\/wp-json\/wp\/v2\/media\/6372"}],"wp:attachment":[{"href":"https:\/\/raytalkcomms.com\/es\/wp-json\/wp\/v2\/media?parent=6371"}],"wp:term":[{"taxonomy":"product_brand","embeddable":true,"href":"https:\/\/raytalkcomms.com\/es\/wp-json\/wp\/v2\/product_brand?post=6371"},{"taxonomy":"product_cat","embeddable":true,"href":"https:\/\/raytalkcomms.com\/es\/wp-json\/wp\/v2\/product_cat?post=6371"},{"taxonomy":"product_tag","embeddable":true,"href":"https:\/\/raytalkcomms.com\/es\/wp-json\/wp\/v2\/product_tag?post=6371"}],"curies":[{"name":"wp","href":"https:\/\/api.w.org\/{rel}","templated":true}]}}