{"id":6325,"date":"2025-12-29T07:24:01","date_gmt":"2025-12-29T07:24:01","guid":{"rendered":"https:\/\/raytalkcomms.com\/?post_type=product&#038;p=6325"},"modified":"2025-12-30T02:57:12","modified_gmt":"2025-12-30T02:57:12","slug":"rpb-cd-47-radio-single-charger-for-vertex-motorola-vx410-vx420-ft250e-radios","status":"publish","type":"product","link":"https:\/\/raytalkcomms.com\/es\/producto\/rpb-cd-47-radio-single-charger-for-vertex-motorola-vx410-vx420-ft250e-radios\/","title":{"rendered":"RPB-CD-47 Cargador individual de radio para radios Vertex\/Motorola VX410 VX420 FT250E"},"content":{"rendered":"<h3>Caracter\u00edsticas:<\/h3>\n<ul>\n<li>Cargador individual de radio para walkie-talkies Vertex \/ Motorola<\/li>\n<li>Disponible en versiones de cargador de 3 y 4 contactos<\/li>\n<li>3 contactos compatibles con las radios Vertex VX-410, VX-420<\/li>\n<li>3 contactos compatible con pilas FNB-V57, FNB-83<\/li>\n<li>4-contactos compatible con radios Vertex especiales, incluyendo VX-110, VX-120, VX-127, NX-150, VX-160, VX-170, VX-177, NX-180, VX-210, VX-210A, VX-400, VX-410, VX-414, VX-417, VX-420, VX-424, VX-427, VX-800, VX-800V, VX-800U, FT-60E, FT-60R, FT-250E, FT-250R, FT-270E, FT-270R, FT-277R, VX-230, NX-231, VX231L, VX228<\/li>\n<li>Compatible con bater\u00edas de 4 contactos FNB-64, FNB-V57, FNB-V57X, FNB-83X, FNB-83XH, FNB-83XE, FNB-V94 y FNB-V106<\/li>\n<li>Rendimiento de carga estable y fiable para uso profesional<\/li>\n<\/ul>","protected":false},"excerpt":{"rendered":"<p>El cargador individual de radio RPB-CD-47 es una soluci\u00f3n de carga vers\u00e1til de una sola bah\u00eda dise\u00f1ada para los walkie-talkies Vertex. Para satisfacer diferentes requisitos de radio, este cargador \u00fanico de radio est\u00e1 disponible en versiones de 3 y 4 contactos.<br \/>\nEl cargador de 3 contactos es compatible con las radios Vertex VX-410 y VX-420 que utilizan bater\u00edas FNB-V57 y FNB-83.<br \/>\nEl cargador de 4 contactos es compatible con una amplia gama de radios Vertex, incluidos los modelos de las series VX, NX y FT, y funciona con varios tipos de bater\u00edas FNB.<br \/>\nConstruido para uso profesional, el RPB-CD-47 proporciona una carga estable y segura, por lo que es adecuado para entornos de comunicaci\u00f3n comerciales, de seguridad e industriales.<br \/>\nAdem\u00e1s, ofrecemos una amplia gama de <a href=\"https:\/\/online.fliphtml5.com\/sdcle\/atfh\/#p=138\">cargadores para bater\u00edas de radio Vertex<\/a>, que proporciona una carga fiable tanto para las bater\u00edas originales como para las de repuesto.<\/p>","protected":false},"featured_media":6327,"template":"","meta":[],"product_brand":[],"product_cat":[214,219,330],"product_tag":[],"class_list":{"0":"post-6325","1":"product","2":"type-product","3":"status-publish","4":"has-post-thumbnail","6":"product_cat-two-way-radio-accessories","7":"product_cat-batteries-and-chargers","8":"product_cat-chargers","10":"first","11":"instock","12":"shipping-taxable","13":"purchasable","14":"product-type-simple"},"_links":{"self":[{"href":"https:\/\/raytalkcomms.com\/es\/wp-json\/wp\/v2\/product\/6325","targetHints":{"allow":["GET"]}}],"collection":[{"href":"https:\/\/raytalkcomms.com\/es\/wp-json\/wp\/v2\/product"}],"about":[{"href":"https:\/\/raytalkcomms.com\/es\/wp-json\/wp\/v2\/types\/product"}],"wp:featuredmedia":[{"embeddable":true,"href":"https:\/\/raytalkcomms.com\/es\/wp-json\/wp\/v2\/media\/6327"}],"wp:attachment":[{"href":"https:\/\/raytalkcomms.com\/es\/wp-json\/wp\/v2\/media?parent=6325"}],"wp:term":[{"taxonomy":"product_brand","embeddable":true,"href":"https:\/\/raytalkcomms.com\/es\/wp-json\/wp\/v2\/product_brand?post=6325"},{"taxonomy":"product_cat","embeddable":true,"href":"https:\/\/raytalkcomms.com\/es\/wp-json\/wp\/v2\/product_cat?post=6325"},{"taxonomy":"product_tag","embeddable":true,"href":"https:\/\/raytalkcomms.com\/es\/wp-json\/wp\/v2\/product_tag?post=6325"}],"curies":[{"name":"wp","href":"https:\/\/api.w.org\/{rel}","templated":true}]}}