{"id":6212,"date":"2025-12-25T13:05:29","date_gmt":"2025-12-25T13:05:29","guid":{"rendered":"https:\/\/raytalkcomms.com\/?post_type=product&#038;p=6212"},"modified":"2025-12-25T13:05:29","modified_gmt":"2025-12-25T13:05:29","slug":"adc-k1-3-5f-2-pin-to-3-5mm-audio-adapter-cable-for-kenwood-tk-tc-series-radios","status":"publish","type":"product","link":"https:\/\/raytalkcomms.com\/es\/producto\/adc-k1-3-5f-2-pin-to-3-5mm-audio-adapter-cable-for-kenwood-tk-tc-series-radios\/","title":{"rendered":"ADC-K1-3.5F Cable adaptador de audio de 2 patillas a 3,5 mm para radios Kenwood de las series TK y TC"},"content":{"rendered":"<h3>Caracter\u00edsticas:<\/h3>\n<ul>\n<li>Conector de 2 clavijas para radios Kenwood de las series TK y TC<\/li>\n<li>La toma de audio hembra de 3,5 mm admite dispositivos est\u00e9reo y mono<\/li>\n<li>Compatible con radios de carreras y accesorios de audio<\/li>\n<li>El dise\u00f1o del cable en espiral reduce la tensi\u00f3n y mejora la flexibilidad<\/li>\n<li>Construcci\u00f3n duradera para deportes de motor y uso en campo<\/li>\n<li>F\u00e1cil instalaci\u00f3n plug-and-play<\/li>\n<li>Ideal para configuraciones de comunicaci\u00f3n profesionales y de carreras<\/li>\n<\/ul>","protected":false},"excerpt":{"rendered":"<p>El cable adaptador de audio ADC-K1-3.5F est\u00e1 dise\u00f1ado para conectar radios Kenwood de 2 patillas a accesorios que utilicen un conector de audio est\u00e1ndar de 3,5 mm. Con un conector Kenwood de 2 patillas en un extremo y un conector de audio hembra de 3,5 mm en el otro, este cable adaptador de audio admite dispositivos de audio est\u00e9reo y mono.<\/p>\n<p>Permite una integraci\u00f3n perfecta con radios de competici\u00f3n, auriculares, cascos y otros accesorios de audio utilizados habitualmente en deportes de motor y en configuraciones de comunicaci\u00f3n profesionales.<\/p>\n<p>Construido para la durabilidad, el dise\u00f1o del cable en espiral reduce la tensi\u00f3n y proporciona flexibilidad en carreras exigentes y entornos de campo. Compatible con una amplia gama de radios Kenwood de las series TK y TC, incluidos los modelos utilizados por Harris Race Radios.<\/p>\n<p>Tambi\u00e9n podemos fabricar un cable adaptador personalizado con un conector diferente para que se adapte perfectamente al sistema de comunicaci\u00f3n de su equipo de automovilismo.<\/p>","protected":false},"featured_media":6139,"template":"","meta":[],"product_brand":[],"product_cat":[209,269],"product_tag":[],"class_list":{"0":"post-6212","1":"product","2":"type-product","3":"status-publish","4":"has-post-thumbnail","6":"product_cat-racing","7":"product_cat-cable","9":"first","10":"instock","11":"shipping-taxable","12":"purchasable","13":"product-type-simple"},"_links":{"self":[{"href":"https:\/\/raytalkcomms.com\/es\/wp-json\/wp\/v2\/product\/6212","targetHints":{"allow":["GET"]}}],"collection":[{"href":"https:\/\/raytalkcomms.com\/es\/wp-json\/wp\/v2\/product"}],"about":[{"href":"https:\/\/raytalkcomms.com\/es\/wp-json\/wp\/v2\/types\/product"}],"wp:featuredmedia":[{"embeddable":true,"href":"https:\/\/raytalkcomms.com\/es\/wp-json\/wp\/v2\/media\/6139"}],"wp:attachment":[{"href":"https:\/\/raytalkcomms.com\/es\/wp-json\/wp\/v2\/media?parent=6212"}],"wp:term":[{"taxonomy":"product_brand","embeddable":true,"href":"https:\/\/raytalkcomms.com\/es\/wp-json\/wp\/v2\/product_brand?post=6212"},{"taxonomy":"product_cat","embeddable":true,"href":"https:\/\/raytalkcomms.com\/es\/wp-json\/wp\/v2\/product_cat?post=6212"},{"taxonomy":"product_tag","embeddable":true,"href":"https:\/\/raytalkcomms.com\/es\/wp-json\/wp\/v2\/product_tag?post=6212"}],"curies":[{"name":"wp","href":"https:\/\/api.w.org\/{rel}","templated":true}]}}