{"id":6203,"date":"2025-12-25T11:28:35","date_gmt":"2025-12-25T11:28:35","guid":{"rendered":"https:\/\/raytalkcomms.com\/?post_type=product&#038;p=6203"},"modified":"2025-12-25T11:28:36","modified_gmt":"2025-12-25T11:28:36","slug":"rpb-srp2000-sepura-li-ion-walkie-talkie-battery-for-sepura-radio","status":"publish","type":"product","link":"https:\/\/raytalkcomms.com\/es\/producto\/rpb-srp2000-sepura-li-ion-walkie-talkie-battery-for-sepura-radio\/","title":{"rendered":"RPB-SRP2000 Bater\u00eda de Li-ion Sepura Walkie Talkie para radio Sepura"},"content":{"rendered":"<h3>Caracter\u00edsticas:<\/h3>\n<ul>\n<li>Alta capacidad de 1800mah y 19600mah para un uso prolongado y un rendimiento fiable.<\/li>\n<li>La qu\u00edmica LI-ION garantiza una alimentaci\u00f3n estable y duradera para la bater\u00eda de Walkie Talkie de las radios Sepura.<\/li>\n<li>Compatible con los modelos RPB-SRP2000 SRP2000\/SRP3000\/SRP3500\/SRP3800 para una integraci\u00f3n perfecta.<\/li>\n<li>Dise\u00f1o resistente y duradero, fabricado para un uso prolongado en entornos exigentes.<\/li>\n<li>Calidad y rendimiento probados para garantizar una comunicaci\u00f3n fiable.<\/li>\n<\/ul>","protected":false},"excerpt":{"rendered":"<p>RPB-SRP2000 es una bater\u00eda resistente, duradera Walkie Talkie bater\u00eda, perfectamente compatible con radios Sepura, incluyendo theSRP2000\/SRP3000\/SRP3500\/SRP3800. Ofrece una alta capacidad de 1800mah y 19600mah caracter\u00edsticasLI-ION qu\u00edmica, proporcionando energ\u00eda duradera y estable para un uso prolongado. Ideal para radios Tait, esta bater\u00eda recargable es muy recomendable para compras al por mayor, con un rendimiento y calidad que igualan o superan a la bater\u00eda original Tait. La RPB-SRP2000 asegura una alimentaci\u00f3n fiable para las comunicaciones por radio, respaldada por rigurosas pruebas del producto para garantizar su calidad.<\/p>","protected":false},"featured_media":6202,"template":"","meta":[],"product_brand":[],"product_cat":[214,219,328],"product_tag":[],"class_list":{"0":"post-6203","1":"product","2":"type-product","3":"status-publish","4":"has-post-thumbnail","6":"product_cat-two-way-radio-accessories","7":"product_cat-batteries-and-chargers","8":"product_cat-sepura","10":"first","11":"instock","12":"shipping-taxable","13":"purchasable","14":"product-type-simple"},"_links":{"self":[{"href":"https:\/\/raytalkcomms.com\/es\/wp-json\/wp\/v2\/product\/6203","targetHints":{"allow":["GET"]}}],"collection":[{"href":"https:\/\/raytalkcomms.com\/es\/wp-json\/wp\/v2\/product"}],"about":[{"href":"https:\/\/raytalkcomms.com\/es\/wp-json\/wp\/v2\/types\/product"}],"wp:featuredmedia":[{"embeddable":true,"href":"https:\/\/raytalkcomms.com\/es\/wp-json\/wp\/v2\/media\/6202"}],"wp:attachment":[{"href":"https:\/\/raytalkcomms.com\/es\/wp-json\/wp\/v2\/media?parent=6203"}],"wp:term":[{"taxonomy":"product_brand","embeddable":true,"href":"https:\/\/raytalkcomms.com\/es\/wp-json\/wp\/v2\/product_brand?post=6203"},{"taxonomy":"product_cat","embeddable":true,"href":"https:\/\/raytalkcomms.com\/es\/wp-json\/wp\/v2\/product_cat?post=6203"},{"taxonomy":"product_tag","embeddable":true,"href":"https:\/\/raytalkcomms.com\/es\/wp-json\/wp\/v2\/product_tag?post=6203"}],"curies":[{"name":"wp","href":"https:\/\/api.w.org\/{rel}","templated":true}]}}