{"id":6124,"date":"2025-12-24T10:44:34","date_gmt":"2025-12-24T10:44:34","guid":{"rendered":"https:\/\/raytalkcomms.com\/?post_type=product&#038;p=6124"},"modified":"2025-12-24T10:44:34","modified_gmt":"2025-12-24T10:44:34","slug":"rpb-topb200orca-5010-5040-tait-li-ion-walkie-talkie-battery-for-tait-radio","status":"publish","type":"product","link":"https:\/\/raytalkcomms.com\/es\/producto\/rpb-topb200orca-5010-5040-tait-li-ion-walkie-talkie-battery-for-tait-radio\/","title":{"rendered":"RPB-TOPB200(Orca 5010\/5040) Bater\u00eda Tait Li-ion Walkie Talkie para radio Tait"},"content":{"rendered":"<h3>Caracter\u00edsticas:<\/h3>\n<ul>\n<li>Alta Capacidad de 1500mah y 1800mah para un uso prolongado y un rendimiento fiable.<\/li>\n<li>La qu\u00edmica LI-ION garantiza una alimentaci\u00f3n estable y duradera para las radiosTait.<\/li>\n<li>Compatible con los modelos Tait TP8100\/TP8110\/TP8135\/TP8140\/TP9300\/TP9100 para una perfecta integraci\u00f3n...<\/li>\n<li>Dise\u00f1o resistente y duradero, fabricado para un uso prolongado en entornos exigentes.<\/li>\n<li>Calidad y rendimiento probados para garantizar una comunicaci\u00f3n fiable.<\/li>\n<\/ul>","protected":false},"excerpt":{"rendered":"<p>RPB-TOPB200(Orca 5010\/5040)es una bater\u00eda resistente, duradera Walkie Talkie bater\u00eda, perfectamente compatible con las radios Tait, incluyendo elTAIT ORCA 5010\/5040. Ofrece una alta capacidad de 1500mah y 1800mah caracter\u00edsticas NI-MH qu\u00edmica, proporcionando energ\u00eda duradera y estable para un uso prolongado. Ideal para las radios Tait, esta bater\u00eda recargable es muy recomendable para compras al por mayor, con un rendimiento y una calidad que igualan o superan a la bater\u00eda Tait original. La RPB-TPA-BA100LI T03-00011-CAAA asegura una alimentaci\u00f3n fiable para las comunicaciones por radio, respaldada por rigurosas pruebas de producto para garantizar la calidad.<\/p>","protected":false},"featured_media":6119,"template":"","meta":[],"product_brand":[],"product_cat":[214,219,327],"product_tag":[],"class_list":{"0":"post-6124","1":"product","2":"type-product","3":"status-publish","4":"has-post-thumbnail","6":"product_cat-two-way-radio-accessories","7":"product_cat-batteries-and-chargers","8":"product_cat-tait","10":"first","11":"instock","12":"shipping-taxable","13":"purchasable","14":"product-type-simple"},"_links":{"self":[{"href":"https:\/\/raytalkcomms.com\/es\/wp-json\/wp\/v2\/product\/6124","targetHints":{"allow":["GET"]}}],"collection":[{"href":"https:\/\/raytalkcomms.com\/es\/wp-json\/wp\/v2\/product"}],"about":[{"href":"https:\/\/raytalkcomms.com\/es\/wp-json\/wp\/v2\/types\/product"}],"wp:featuredmedia":[{"embeddable":true,"href":"https:\/\/raytalkcomms.com\/es\/wp-json\/wp\/v2\/media\/6119"}],"wp:attachment":[{"href":"https:\/\/raytalkcomms.com\/es\/wp-json\/wp\/v2\/media?parent=6124"}],"wp:term":[{"taxonomy":"product_brand","embeddable":true,"href":"https:\/\/raytalkcomms.com\/es\/wp-json\/wp\/v2\/product_brand?post=6124"},{"taxonomy":"product_cat","embeddable":true,"href":"https:\/\/raytalkcomms.com\/es\/wp-json\/wp\/v2\/product_cat?post=6124"},{"taxonomy":"product_tag","embeddable":true,"href":"https:\/\/raytalkcomms.com\/es\/wp-json\/wp\/v2\/product_tag?post=6124"}],"curies":[{"name":"wp","href":"https:\/\/api.w.org\/{rel}","templated":true}]}}