{"id":6037,"date":"2025-12-23T10:52:18","date_gmt":"2025-12-23T10:52:18","guid":{"rendered":"https:\/\/raytalkcomms.com\/?post_type=product&#038;p=6037"},"modified":"2025-12-23T10:52:19","modified_gmt":"2025-12-23T10:52:19","slug":"rpb-bl2006rpb-bl2503-type-c-optionrpb-bl2008-rechargeable-battery-for-hytera-pd780-pd780g-pd700-pd700g-pd700s","status":"publish","type":"product","link":"https:\/\/raytalkcomms.com\/es\/producto\/rpb-bl2006rpb-bl2503-type-c-optionrpb-bl2008-rechargeable-battery-for-hytera-pd780-pd780g-pd700-pd700g-pd700s\/","title":{"rendered":"RPB-BL2006\nRPB-BL2503 Opci\u00f3n Tipo-C\nRPB-BL2008 Bater\u00eda recargable para Hytera PD780 PD780G PD700 PD700G PD700S"},"content":{"rendered":"<h3>Caracter\u00edsticas:<\/h3>\n<ul>\n<li>Bater\u00eda de repuesto Hytera de alta calidad para equipos de radio bidireccionales Hytera (HYT), incluidos PB-BL2006, RPB-BL2503 con opci\u00f3n Type-C y RPB-BL2008.<\/li>\n<li>Disponible en capacidades de 2000mAh y 2500mAh para una mayor duraci\u00f3n de la bater\u00eda.<\/li>\n<li>La qu\u00edmica de iones de litio garantiza una potencia duradera con una descarga fiable y continua.<\/li>\n<li>Totalmente compatible con las radios Hytera, lo que garantiza un rendimiento sin problemas.<\/li>\n<li>Fabricado en instalaciones con certificaci\u00f3n ISO 9001 para garantizar un alto nivel de seguridad y calidad.<\/li>\n<li>Dise\u00f1ado para cumplir las normas OEM de forma, ajuste y funci\u00f3n.<\/li>\n<li>Dise\u00f1ados para ofrecer un rendimiento fiable y duradero en entornos exigentes.<\/li>\n<li>Probado para garantizar la durabilidad y un rendimiento constante durante toda la producci\u00f3n.<\/li>\n<\/ul>","protected":false},"excerpt":{"rendered":"<p>La RPB-BL2006, la RPB-BL2503 con opci\u00f3n Type-C y la RPB-BL2008 son bater\u00edas recargables premium para equipos de radiotelefon\u00eda bidireccional de la serie PD de Hytera (HYT), disponibles en capacidades de 1800mAh y 2100mAh.<br \/>\nEsta bater\u00eda de Li-ion de repuesto de alta calidad ofrece una fiabilidad y durabilidad excepcionales, garantizando un rendimiento duradero. Es totalmente compatible con el equipo original de Hytera, proporcionando un ajuste perfecto para un funcionamiento sin problemas.<br \/>\nFabricado con qu\u00edmica de iones de litio, ofrece una alimentaci\u00f3n fiable para los equipos de radiotelefon\u00eda bidireccional Hytera en el exigente uso diario.<br \/>\nFabricadas en nuestras tres instalaciones de alta eficiencia y calidad con certificaci\u00f3n ISO 9001, cada bater\u00eda se somete a rigurosas pruebas para cumplir las normas de seguridad y rendimiento, proporcionando energ\u00eda fiable para sus necesidades de comunicaci\u00f3n.<\/p>","protected":false},"featured_media":5983,"template":"","meta":[],"product_brand":[],"product_cat":[214,219,272],"product_tag":[],"class_list":{"0":"post-6037","1":"product","2":"type-product","3":"status-publish","4":"has-post-thumbnail","6":"product_cat-two-way-radio-accessories","7":"product_cat-batteries-and-chargers","8":"product_cat-hytera","10":"first","11":"instock","12":"shipping-taxable","13":"purchasable","14":"product-type-simple"},"_links":{"self":[{"href":"https:\/\/raytalkcomms.com\/es\/wp-json\/wp\/v2\/product\/6037","targetHints":{"allow":["GET"]}}],"collection":[{"href":"https:\/\/raytalkcomms.com\/es\/wp-json\/wp\/v2\/product"}],"about":[{"href":"https:\/\/raytalkcomms.com\/es\/wp-json\/wp\/v2\/types\/product"}],"wp:featuredmedia":[{"embeddable":true,"href":"https:\/\/raytalkcomms.com\/es\/wp-json\/wp\/v2\/media\/5983"}],"wp:attachment":[{"href":"https:\/\/raytalkcomms.com\/es\/wp-json\/wp\/v2\/media?parent=6037"}],"wp:term":[{"taxonomy":"product_brand","embeddable":true,"href":"https:\/\/raytalkcomms.com\/es\/wp-json\/wp\/v2\/product_brand?post=6037"},{"taxonomy":"product_cat","embeddable":true,"href":"https:\/\/raytalkcomms.com\/es\/wp-json\/wp\/v2\/product_cat?post=6037"},{"taxonomy":"product_tag","embeddable":true,"href":"https:\/\/raytalkcomms.com\/es\/wp-json\/wp\/v2\/product_tag?post=6037"}],"curies":[{"name":"wp","href":"https:\/\/api.w.org\/{rel}","templated":true}]}}