{"id":5954,"date":"2025-12-22T10:06:42","date_gmt":"2025-12-22T10:06:42","guid":{"rendered":"https:\/\/raytalkcomms.com\/?post_type=product&#038;p=5954"},"modified":"2025-12-23T07:05:20","modified_gmt":"2025-12-23T07:05:20","slug":"rpb-bl1204-replacement-li-ion-battery-for-hytera-tc-610-tc-620","status":"publish","type":"product","link":"https:\/\/raytalkcomms.com\/es\/producto\/rpb-bl1204-replacement-li-ion-battery-for-hytera-tc-610-tc-620\/","title":{"rendered":"RPB-BL1204 Bater\u00eda de Li-ion de repuesto para Hytera TC-610 TC-620"},"content":{"rendered":"<h3>Caracter\u00edsticas:<\/h3>\n<ul>\n<li>Bater\u00eda de Li-ion de repuesto de alta calidad para los radiotel\u00e9fonos bidireccionales Hytera (HYT) TC-610 y TC-620.<\/li>\n<li>Disponible en capacidades de 1200mAh y 2000mAh para una mayor duraci\u00f3n de la bater\u00eda.<\/li>\n<li>La qu\u00edmica de iones de litio garantiza una potencia duradera con una descarga fiable y continua.<\/li>\n<li>Totalmente compatible con las radios Hytera, lo que garantiza un rendimiento sin problemas.<\/li>\n<li>Fabricado en instalaciones con certificaci\u00f3n ISO 9001 para garantizar un alto nivel de seguridad y calidad.<\/li>\n<li>Dise\u00f1ado para cumplir las normas OEM de forma, ajuste y funci\u00f3n.<\/li>\n<li>Dise\u00f1ados para ofrecer un rendimiento fiable y duradero en entornos exigentes.<\/li>\n<li>Probado para garantizar la durabilidad y un rendimiento constante durante toda la producci\u00f3n.<\/li>\n<\/ul>","protected":false},"excerpt":{"rendered":"<p>La RPB-BL1204 es una bater\u00eda de iones de litio de repuesto de alta calidad para los radiotel\u00e9fonos bidireccionales TC-610 y TC-620 de Hytera (HYT), disponible en capacidades de 1200 mAh y 2000 mAh.<br \/>\nEsta bater\u00eda de Li-ion de repuesto de alta calidad ofrece una fiabilidad y durabilidad excepcionales, garantizando un rendimiento duradero. Es totalmente compatible con el equipo original de Hytera, proporcionando un ajuste perfecto para un funcionamiento sin problemas.<\/p>\n<p>Fabricado con qu\u00edmica de iones de litio, ofrece una alimentaci\u00f3n fiable para los equipos de radiotelefon\u00eda bidireccional Hytera en el exigente uso diario.<br \/>\nFabricadas en nuestras tres instalaciones de alta eficiencia y calidad con certificaci\u00f3n ISO 9001, cada bater\u00eda se somete a rigurosas pruebas para cumplir las normas de seguridad y rendimiento, proporcionando energ\u00eda fiable para sus necesidades de comunicaci\u00f3n.<\/p>","protected":false},"featured_media":5955,"template":"","meta":[],"product_brand":[],"product_cat":[214,219,272],"product_tag":[],"class_list":{"0":"post-5954","1":"product","2":"type-product","3":"status-publish","4":"has-post-thumbnail","6":"product_cat-two-way-radio-accessories","7":"product_cat-batteries-and-chargers","8":"product_cat-hytera","10":"first","11":"instock","12":"shipping-taxable","13":"purchasable","14":"product-type-simple"},"_links":{"self":[{"href":"https:\/\/raytalkcomms.com\/es\/wp-json\/wp\/v2\/product\/5954","targetHints":{"allow":["GET"]}}],"collection":[{"href":"https:\/\/raytalkcomms.com\/es\/wp-json\/wp\/v2\/product"}],"about":[{"href":"https:\/\/raytalkcomms.com\/es\/wp-json\/wp\/v2\/types\/product"}],"wp:featuredmedia":[{"embeddable":true,"href":"https:\/\/raytalkcomms.com\/es\/wp-json\/wp\/v2\/media\/5955"}],"wp:attachment":[{"href":"https:\/\/raytalkcomms.com\/es\/wp-json\/wp\/v2\/media?parent=5954"}],"wp:term":[{"taxonomy":"product_brand","embeddable":true,"href":"https:\/\/raytalkcomms.com\/es\/wp-json\/wp\/v2\/product_brand?post=5954"},{"taxonomy":"product_cat","embeddable":true,"href":"https:\/\/raytalkcomms.com\/es\/wp-json\/wp\/v2\/product_cat?post=5954"},{"taxonomy":"product_tag","embeddable":true,"href":"https:\/\/raytalkcomms.com\/es\/wp-json\/wp\/v2\/product_tag?post=5954"}],"curies":[{"name":"wp","href":"https:\/\/api.w.org\/{rel}","templated":true}]}}