{"id":5951,"date":"2025-12-22T08:17:45","date_gmt":"2025-12-22T08:17:45","guid":{"rendered":"https:\/\/raytalkcomms.com\/?post_type=product&#038;p=5951"},"modified":"2025-12-22T08:22:06","modified_gmt":"2025-12-22T08:22:06","slug":"rpb-nntn9858-rpb-ntn9815-replacement-ni-mh-battery-for-motorola-xts2500-xts1500-pr1500","status":"publish","type":"product","link":"https:\/\/raytalkcomms.com\/es\/producto\/rpb-nntn9858-rpb-ntn9815-replacement-ni-mh-battery-for-motorola-xts2500-xts1500-pr1500\/","title":{"rendered":"RPB-NNTN9858 RPB-NTN9815 Bater\u00eda NI-MH de repuesto para Motorola XTS2500 XTS1500 PR1500"},"content":{"rendered":"<h3>Caracter\u00edsticas:<\/h3>\n<ul>\n<li>Compatible con radios Motorola, incluyendo XTS2500 XTS1500, y PR1500.<\/li>\n<li>Qu\u00edmica NI-MH de alto rendimiento<\/li>\n<li>M\u00e1s resistente al calor y al fr\u00edo extremos.<\/li>\n<li>Reducci\u00f3n del riesgo de embalamiento t\u00e9rmico para un funcionamiento m\u00e1s seguro.<\/li>\n<li>El bajo coste de las bater\u00edas y la madurez de su producci\u00f3n lo hacen ideal para grandes flotas (seguridad, hoteles, almacenes, f\u00e1bricas).<\/li>\n<li>Larga vida \u00fatil, adecuada para cargas y descargas frecuentes.<\/li>\n<li>Dise\u00f1o duradero para satisfacer las exigencias de exteriores y entornos dif\u00edciles.<\/li>\n<li>Construcci\u00f3n sin cadmio para una bater\u00eda m\u00e1s respetuosa con el medio ambiente.<br \/>\nProporciona hasta largas horas de funcionamiento continuo.<\/li>\n<\/ul>","protected":false},"excerpt":{"rendered":"<p>Se trata de un paquete de bater\u00edas NI-MH fiable y de calidad superior para una radio bidireccional Motorola. Las bater\u00edas de repuesto RayTalk RPB-NNTN9858 y RPB-NTN9815 est\u00e1n dise\u00f1adas para radios Motorola, incluidas XTS2500 XTS1500 y PR1500.<br \/>\nLa capacidad de la bater\u00eda del Walkie Talkie NI-MH es de 1800 mAh, 2000 mAh, 2200 mAh o 2500 mAh; se pueden personalizar otras capacidades a petici\u00f3n poni\u00e9ndose en contacto con nuestro equipo.<br \/>\nLa bater\u00eda de alta capacidad est\u00e1 fabricada con Ni-MH de alta calidad, que ofrece una resistencia superior al calor y al fr\u00edo extremos. Esta bater\u00eda Ni-MH para walkie-talkie est\u00e1 dise\u00f1ada para soportar un manejo brusco, ca\u00eddas y cargas prolongadas en entornos dif\u00edciles.<br \/>\nCon una larga vida \u00fatil, esta bater\u00eda de Ni-MH de repuesto es ideal para un uso frecuente de carga y descarga. Es especialmente adecuada para aplicaciones de alta demanda, como seguridad, obras de construcci\u00f3n, almacenes e instalaciones industriales.<br \/>\nProporciona una alimentaci\u00f3n fiable y rentable para los walkie-talkies Motorola, garantizando que sus tareas cr\u00edticas funcionen sin problemas en todo momento.<\/p>","protected":false},"featured_media":5947,"template":"","meta":[],"product_brand":[],"product_cat":[219,271,214],"product_tag":[],"class_list":{"0":"post-5951","1":"product","2":"type-product","3":"status-publish","4":"has-post-thumbnail","6":"product_cat-batteries-and-chargers","7":"product_cat-motorola","8":"product_cat-two-way-radio-accessories","10":"first","11":"instock","12":"shipping-taxable","13":"purchasable","14":"product-type-simple"},"_links":{"self":[{"href":"https:\/\/raytalkcomms.com\/es\/wp-json\/wp\/v2\/product\/5951","targetHints":{"allow":["GET"]}}],"collection":[{"href":"https:\/\/raytalkcomms.com\/es\/wp-json\/wp\/v2\/product"}],"about":[{"href":"https:\/\/raytalkcomms.com\/es\/wp-json\/wp\/v2\/types\/product"}],"wp:featuredmedia":[{"embeddable":true,"href":"https:\/\/raytalkcomms.com\/es\/wp-json\/wp\/v2\/media\/5947"}],"wp:attachment":[{"href":"https:\/\/raytalkcomms.com\/es\/wp-json\/wp\/v2\/media?parent=5951"}],"wp:term":[{"taxonomy":"product_brand","embeddable":true,"href":"https:\/\/raytalkcomms.com\/es\/wp-json\/wp\/v2\/product_brand?post=5951"},{"taxonomy":"product_cat","embeddable":true,"href":"https:\/\/raytalkcomms.com\/es\/wp-json\/wp\/v2\/product_cat?post=5951"},{"taxonomy":"product_tag","embeddable":true,"href":"https:\/\/raytalkcomms.com\/es\/wp-json\/wp\/v2\/product_tag?post=5951"}],"curies":[{"name":"wp","href":"https:\/\/api.w.org\/{rel}","templated":true}]}}