{"id":5841,"date":"2025-12-18T10:45:19","date_gmt":"2025-12-18T10:45:19","guid":{"rendered":"https:\/\/raytalkcomms.com\/?post_type=product&#038;p=5841"},"modified":"2025-12-18T11:37:38","modified_gmt":"2025-12-18T11:37:38","slug":"rpb-knb32n-rpb-knb54n-rechargeable-battery-for-kenwood-radios","status":"publish","type":"product","link":"https:\/\/raytalkcomms.com\/es\/producto\/rpb-knb32n-rpb-knb54n-rechargeable-battery-for-kenwood-radios\/","title":{"rendered":"RPB-KNB32N RPB-KNB54N Bater\u00eda recargable para radios Kenwood"},"content":{"rendered":"<h3>Caracter\u00edsticas:<\/h3>\n<ul>\n<li>Compatible con la bater\u00eda recargable de las radios Kenwood, incluida la radio Kenwood TK-3185\/2180\/3180\/5210.<\/li>\n<li>Las pilas NI-MH de alta capacidad permiten un uso prolongado en turnos y ciclos de trabajo largos.<\/li>\n<li>Pilas NI-MH de alto rendimiento<\/li>\n<li>Proporciona hasta largas horas de funcionamiento continuo.<\/li>\n<li>La bater\u00eda de repuesto original de RayTalk ofrece una alternativa rentable a los paquetes OEM\/ODM.<\/li>\n<li>Dise\u00f1ado para un uso cr\u00edtico con un rendimiento estable en condiciones de uso intensivo.<\/li>\n<\/ul>\n<p><img fetchpriority=\"high\" decoding=\"async\" class=\"wp-image-5833 aligncenter\" src=\"https:\/\/raytalkcomms.com\/wp-content\/uploads\/2025\/12\/about-us-1-300x78.jpg\" alt=\"\" width=\"1392\" height=\"362\" srcset=\"https:\/\/raytalkcomms.com\/wp-content\/uploads\/2025\/12\/about-us-1-300x78.jpg 300w, https:\/\/raytalkcomms.com\/wp-content\/uploads\/2025\/12\/about-us-1-1024x267.jpg 1024w, https:\/\/raytalkcomms.com\/wp-content\/uploads\/2025\/12\/about-us-1-768x200.jpg 768w, https:\/\/raytalkcomms.com\/wp-content\/uploads\/2025\/12\/about-us-1-1536x400.jpg 1536w, https:\/\/raytalkcomms.com\/wp-content\/uploads\/2025\/12\/about-us-1-1000x260.jpg 1000w, https:\/\/raytalkcomms.com\/wp-content\/uploads\/2025\/12\/about-us-1.jpg 1920w\" sizes=\"(max-width: 1392px) 100vw, 1392px\" \/><\/p>","protected":false},"excerpt":{"rendered":"<p>Esta es una bater\u00eda recargable profesional de alta calidad para radio Kenwood. Esta bater\u00eda recargable RayTalk est\u00e1 dise\u00f1ada para la radio Kenwood TK-3185\/2180\/3180\/5210<br \/>\nProporciona energ\u00eda de larga duraci\u00f3n sin necesidad de recarga, incluso con un uso intensivo.<br \/>\nLa capacidad de la bater\u00eda Kenwood es 1800mah 2100mah 2500mah; otras capacidades se pueden personalizar bajo petici\u00f3n poni\u00e9ndose en contacto con nuestro equipo.<br \/>\nFabricado con pilas NI-MH, ofrece una alimentaci\u00f3n fiable y rentable para el walkie-talkie Kenwood en el exigente uso diario.<br \/>\nRayTalk ofrece una bater\u00eda de radio Kenwood fiable dise\u00f1ada para proporcionar energ\u00eda constante para diversos sistemas de comunicaci\u00f3n y herramientas.<\/p>","protected":false},"featured_media":5844,"template":"","meta":[],"product_brand":[],"product_cat":[219,274,214],"product_tag":[],"class_list":{"0":"post-5841","1":"product","2":"type-product","3":"status-publish","4":"has-post-thumbnail","6":"product_cat-batteries-and-chargers","7":"product_cat-kenwood","8":"product_cat-two-way-radio-accessories","10":"first","11":"instock","12":"shipping-taxable","13":"purchasable","14":"product-type-simple"},"_links":{"self":[{"href":"https:\/\/raytalkcomms.com\/es\/wp-json\/wp\/v2\/product\/5841","targetHints":{"allow":["GET"]}}],"collection":[{"href":"https:\/\/raytalkcomms.com\/es\/wp-json\/wp\/v2\/product"}],"about":[{"href":"https:\/\/raytalkcomms.com\/es\/wp-json\/wp\/v2\/types\/product"}],"wp:featuredmedia":[{"embeddable":true,"href":"https:\/\/raytalkcomms.com\/es\/wp-json\/wp\/v2\/media\/5844"}],"wp:attachment":[{"href":"https:\/\/raytalkcomms.com\/es\/wp-json\/wp\/v2\/media?parent=5841"}],"wp:term":[{"taxonomy":"product_brand","embeddable":true,"href":"https:\/\/raytalkcomms.com\/es\/wp-json\/wp\/v2\/product_brand?post=5841"},{"taxonomy":"product_cat","embeddable":true,"href":"https:\/\/raytalkcomms.com\/es\/wp-json\/wp\/v2\/product_cat?post=5841"},{"taxonomy":"product_tag","embeddable":true,"href":"https:\/\/raytalkcomms.com\/es\/wp-json\/wp\/v2\/product_tag?post=5841"}],"curies":[{"name":"wp","href":"https:\/\/api.w.org\/{rel}","templated":true}]}}