{"id":5815,"date":"2025-12-17T08:50:59","date_gmt":"2025-12-17T08:50:59","guid":{"rendered":"https:\/\/raytalkcomms.com\/?post_type=product&#038;p=5815"},"modified":"2025-12-17T09:21:00","modified_gmt":"2025-12-17T09:21:00","slug":"rpb-knb35l-rechargeable-battery-for-kenwood-radios","status":"publish","type":"product","link":"https:\/\/raytalkcomms.com\/es\/producto\/rpb-knb35l-rechargeable-battery-for-kenwood-radios\/","title":{"rendered":"RPB-KNB35L Bater\u00eda recargable para radios Kenwood"},"content":{"rendered":"<h3>Caracter\u00edsticas:<\/h3>\n<ul>\n<li>Compatible with kenwood radios Rechargeable Battery, including the TK-385 TK2140 3140\/3160\/3148\/3178\/NX220\/320<\/li>\n<li>Las pilas LI-ION de alta capacidad permiten un uso prolongado en turnos y ciclos de trabajo largos.<\/li>\n<li>Bater\u00edas LI-ION de alto rendimiento<\/li>\n<li>Proporciona hasta largas horas de funcionamiento continuo.<\/li>\n<li>La bater\u00eda de repuesto original de RayTalk ofrece una alternativa rentable a los paquetes OEM\/ODM.<\/li>\n<li>Dise\u00f1ado para un uso cr\u00edtico con un rendimiento estable en condiciones de uso intensivo.<\/li>\n<\/ul>","protected":false},"excerpt":{"rendered":"<p>This is a professional, high-quality Rechargeable Battery for an kenwood radio. This RayTalk rechargeable battery is designed for Kenwood, including the TK-385 TK2140 3140\/3160\/3148\/3178\/NX220\/320<br \/>\nProporciona energ\u00eda de larga duraci\u00f3n sin necesidad de recarga, incluso con un uso intensivo.<br \/>\nThe battery capacity is 1380mAh and 2200mAL and 1800mal . Made with LI-ION cells, it offers reliable, cost-effective power for the Icom walkie talkies in demanding daily use.<br \/>\nRayTalk ofrece una bater\u00eda de radio Icom fiable dise\u00f1ada para proporcionar energ\u00eda constante para diversos sistemas de comunicaci\u00f3n y herramientas.<\/p>","protected":false},"featured_media":5827,"template":"","meta":[],"product_brand":[],"product_cat":[214,219,274],"product_tag":[],"class_list":{"0":"post-5815","1":"product","2":"type-product","3":"status-publish","4":"has-post-thumbnail","6":"product_cat-two-way-radio-accessories","7":"product_cat-batteries-and-chargers","8":"product_cat-kenwood","10":"first","11":"instock","12":"shipping-taxable","13":"purchasable","14":"product-type-simple"},"_links":{"self":[{"href":"https:\/\/raytalkcomms.com\/es\/wp-json\/wp\/v2\/product\/5815","targetHints":{"allow":["GET"]}}],"collection":[{"href":"https:\/\/raytalkcomms.com\/es\/wp-json\/wp\/v2\/product"}],"about":[{"href":"https:\/\/raytalkcomms.com\/es\/wp-json\/wp\/v2\/types\/product"}],"wp:featuredmedia":[{"embeddable":true,"href":"https:\/\/raytalkcomms.com\/es\/wp-json\/wp\/v2\/media\/5827"}],"wp:attachment":[{"href":"https:\/\/raytalkcomms.com\/es\/wp-json\/wp\/v2\/media?parent=5815"}],"wp:term":[{"taxonomy":"product_brand","embeddable":true,"href":"https:\/\/raytalkcomms.com\/es\/wp-json\/wp\/v2\/product_brand?post=5815"},{"taxonomy":"product_cat","embeddable":true,"href":"https:\/\/raytalkcomms.com\/es\/wp-json\/wp\/v2\/product_cat?post=5815"},{"taxonomy":"product_tag","embeddable":true,"href":"https:\/\/raytalkcomms.com\/es\/wp-json\/wp\/v2\/product_tag?post=5815"}],"curies":[{"name":"wp","href":"https:\/\/api.w.org\/{rel}","templated":true}]}}