{"id":5782,"date":"2025-12-16T10:48:26","date_gmt":"2025-12-16T10:48:26","guid":{"rendered":"https:\/\/raytalkcomms.com\/?post_type=product&#038;p=5782"},"modified":"2025-12-16T10:48:26","modified_gmt":"2025-12-16T10:48:26","slug":"rpb-knb14-rechargeable-battery-for-kenwood-battery-radios","status":"publish","type":"product","link":"https:\/\/raytalkcomms.com\/es\/producto\/rpb-knb14-rechargeable-battery-for-kenwood-battery-radios\/","title":{"rendered":"RPB-KNB14 Bater\u00eda recargable para radios a bater\u00eda Kenwood"},"content":{"rendered":"<h3>Caracter\u00edsticas:<\/h3>\n<ul>\n<li>Compatible con las radios Kenwood, incluidas las TK2107\/TK3107 TK2100\/TK3100 TK3101\/TK-278 TK378\/TK-278G TK378G\/TK388 TK\/388G TK260\/360\/270\/370\/272\/372.<\/li>\n<li>Las pilas Li-ion o NI-MH de alta capacidad permiten un uso prolongado en turnos y ciclos de trabajo largos.<\/li>\n<li>Bater\u00eda Kenwood Li-ion o NI-MH de alto rendimiento.<\/li>\n<li>Proporciona hasta largas horas de funcionamiento continuo.<\/li>\n<li>La bater\u00eda de repuesto original de RayTalk ofrece una alternativa rentable a los paquetes OEM\/ODM.<\/li>\n<li>Dise\u00f1ado para un uso cr\u00edtico con un rendimiento estable en condiciones de uso intensivo.<\/li>\n<\/ul>","protected":false},"excerpt":{"rendered":"<p>Esta es una bater\u00eda de repuesto profesional de alta calidad para una radio Icom. Esta bater\u00eda recargable RayTalk Kenwood est\u00e1 dise\u00f1ada para Kenwood, incluyendo el TK2107\/TK3107 TK2100\/TK3100 TK3101\/TK-278 TK378\/TK-278G TK378G\/TK388 TK\/388G TK260\/360\/270\/370\/272\/372.<br \/>\nProporciona energ\u00eda de larga duraci\u00f3n sin necesidad de recarga, incluso con un uso intensivo.<br \/>\nLa capacidad de la bater\u00eda es de 600mAh y 900mAL y 1800mal . Fabricada con celdas Li-ion\/NI-MH, ofrece una alimentaci\u00f3n fiable y rentable para los walkie talkies Kenwood en el exigente uso diario.<br \/>\nRayTalk ofrece una bater\u00eda de radio Icom fiable dise\u00f1ada para proporcionar energ\u00eda constante para diversos sistemas de comunicaci\u00f3n y herramientas.<\/p>","protected":false},"featured_media":5781,"template":"","meta":[],"product_brand":[],"product_cat":[214,219,274],"product_tag":[],"class_list":{"0":"post-5782","1":"product","2":"type-product","3":"status-publish","4":"has-post-thumbnail","6":"product_cat-two-way-radio-accessories","7":"product_cat-batteries-and-chargers","8":"product_cat-kenwood","10":"first","11":"instock","12":"shipping-taxable","13":"purchasable","14":"product-type-simple"},"_links":{"self":[{"href":"https:\/\/raytalkcomms.com\/es\/wp-json\/wp\/v2\/product\/5782","targetHints":{"allow":["GET"]}}],"collection":[{"href":"https:\/\/raytalkcomms.com\/es\/wp-json\/wp\/v2\/product"}],"about":[{"href":"https:\/\/raytalkcomms.com\/es\/wp-json\/wp\/v2\/types\/product"}],"wp:featuredmedia":[{"embeddable":true,"href":"https:\/\/raytalkcomms.com\/es\/wp-json\/wp\/v2\/media\/5781"}],"wp:attachment":[{"href":"https:\/\/raytalkcomms.com\/es\/wp-json\/wp\/v2\/media?parent=5782"}],"wp:term":[{"taxonomy":"product_brand","embeddable":true,"href":"https:\/\/raytalkcomms.com\/es\/wp-json\/wp\/v2\/product_brand?post=5782"},{"taxonomy":"product_cat","embeddable":true,"href":"https:\/\/raytalkcomms.com\/es\/wp-json\/wp\/v2\/product_cat?post=5782"},{"taxonomy":"product_tag","embeddable":true,"href":"https:\/\/raytalkcomms.com\/es\/wp-json\/wp\/v2\/product_tag?post=5782"}],"curies":[{"name":"wp","href":"https:\/\/api.w.org\/{rel}","templated":true}]}}