{"id":5599,"date":"2025-12-10T12:33:51","date_gmt":"2025-12-10T12:33:51","guid":{"rendered":"https:\/\/raytalkcomms.com\/?post_type=product&#038;p=5599"},"modified":"2025-12-23T03:18:48","modified_gmt":"2025-12-23T03:18:48","slug":"bt-01-bluetooth-receiver-ptt-lapel-mic","status":"publish","type":"product","link":"https:\/\/raytalkcomms.com\/es\/producto\/bt-01-bluetooth-receiver-ptt-lapel-mic\/","title":{"rendered":"BT-01 Receptor Bluetooth PTT Micr\u00f3fono de solapa"},"content":{"rendered":"<h3>Caracter\u00edsticas:<\/h3>\n<ul>\n<li>Versi\u00f3n Bluetooth 5.0 para una conexi\u00f3n inal\u00e1mbrica estable y r\u00e1pida.<\/li>\n<li>Modos de emparejamiento Bluetooth y BLE para una conectividad inal\u00e1mbrica vers\u00e1til.<\/li>\n<li>Se empareja con walkie-talkies mediante adaptadores Bluetooth y BT-PTT1 para una comunicaci\u00f3n manos libres.<\/li>\n<li>Admite radios PoC y aplicaciones como Zello, ESChat y Tassta para una amplia compatibilidad.<\/li>\n<li>Toma de audio externa de 3,5 mm para conectar dispositivos de audio adicionales.<\/li>\n<li>Controles f\u00e1ciles de usar con botones de volumen, PTT y encendido.<\/li>\n<li>Puerto de carga USB con indicadores luminosos para facilitar la gesti\u00f3n de la energ\u00eda.<\/li>\n<li>Alcance operativo de hasta 30 metros, que proporciona una comunicaci\u00f3n fiable en grandes \u00e1reas.<\/li>\n<\/ul>","protected":false},"excerpt":{"rendered":"<p>El micr\u00f3fono de solapa BT-01 Bluetooth Receiver PTT est\u00e1 dise\u00f1ado para equipos que operan en grandes \u00e1reas, proporcionando soluciones de comunicaci\u00f3n flexibles. Es compatible con los modos de emparejamiento Bluetooth y BLE, lo que permite una conexi\u00f3n perfecta con walkie-talkies a trav\u00e9s de adaptadores Bluetooth y PTT Bluetooth (BT-PTT1). Adem\u00e1s, puede emparejarse con radios PoC y aplicaciones como Zello, ESChat y Tassta cuando se utiliza con el BT-PTT1. Equipado con un conector de audio externo de 3,5 mm, un puerto de carga USB y controles f\u00e1ciles de usar, este dispositivo garantiza una comunicaci\u00f3n eficaz para equipos m\u00f3viles en amplios espacios de trabajo.<\/p>\n<p>El receptor Bluetooth BT-01 puede ser compacto, pero cuenta con un potente rendimiento Bluetooth inal\u00e1mbrico, por lo que es muy popular entre los organizadores de eventos y los equipos de transporte y almac\u00e9n.<\/p>","protected":false},"featured_media":5980,"template":"","meta":[],"product_brand":[],"product_cat":[212,247],"product_tag":[],"class_list":{"0":"post-5599","1":"product","2":"type-product","3":"status-publish","4":"has-post-thumbnail","6":"product_cat-bluetooth","7":"product_cat-receiver","9":"first","10":"instock","11":"shipping-taxable","12":"purchasable","13":"product-type-simple"},"_links":{"self":[{"href":"https:\/\/raytalkcomms.com\/es\/wp-json\/wp\/v2\/product\/5599","targetHints":{"allow":["GET"]}}],"collection":[{"href":"https:\/\/raytalkcomms.com\/es\/wp-json\/wp\/v2\/product"}],"about":[{"href":"https:\/\/raytalkcomms.com\/es\/wp-json\/wp\/v2\/types\/product"}],"wp:featuredmedia":[{"embeddable":true,"href":"https:\/\/raytalkcomms.com\/es\/wp-json\/wp\/v2\/media\/5980"}],"wp:attachment":[{"href":"https:\/\/raytalkcomms.com\/es\/wp-json\/wp\/v2\/media?parent=5599"}],"wp:term":[{"taxonomy":"product_brand","embeddable":true,"href":"https:\/\/raytalkcomms.com\/es\/wp-json\/wp\/v2\/product_brand?post=5599"},{"taxonomy":"product_cat","embeddable":true,"href":"https:\/\/raytalkcomms.com\/es\/wp-json\/wp\/v2\/product_cat?post=5599"},{"taxonomy":"product_tag","embeddable":true,"href":"https:\/\/raytalkcomms.com\/es\/wp-json\/wp\/v2\/product_tag?post=5599"}],"curies":[{"name":"wp","href":"https:\/\/api.w.org\/{rel}","templated":true}]}}