{"id":5597,"date":"2025-12-10T11:57:24","date_gmt":"2025-12-10T11:57:24","guid":{"rendered":"https:\/\/raytalkcomms.com\/?post_type=product&#038;p=5597"},"modified":"2025-12-10T11:57:24","modified_gmt":"2025-12-10T11:57:24","slug":"blueptt-m9-wireless-bluetooth-adapter-for-motorola-dp-series-radio","status":"publish","type":"product","link":"https:\/\/raytalkcomms.com\/es\/producto\/blueptt-m9-wireless-bluetooth-adapter-for-motorola-dp-series-radio\/","title":{"rendered":"Adaptador Bluetooth inal\u00e1mbrico BluePTT-M9 para radio Motorola de la serie DP"},"content":{"rendered":"<h3>Caracter\u00edsticas:<\/h3>\n<ul>\n<li>Adaptador Bluetooth para radios bidireccionales Motorola, incluidas las series DP, APX y XPR, que ofrece una comunicaci\u00f3n inal\u00e1mbrica flexible.<\/li>\n<li>Conectar productos PoC y aplicaciones PoC.<\/li>\n<li>Tecnolog\u00eda Dual-Mode: Admite tanto Bluetooth cl\u00e1sico como BLE para un rendimiento y una duraci\u00f3n de la bater\u00eda \u00f3ptimos.<\/li>\n<li>Soluci\u00f3n Bluetooth para micr\u00f3fono de altavoz, auricular, auriculares de alta resistencia.<\/li>\n<li>Compatible con auriculares de consumo: utilice sus auriculares de consumo preferidos para mayor comodidad y ahorro de costes.<\/li>\n<li>Control mejorado: Destacado con f\u00e1cil volumen + &amp;-.<\/li>\n<li>Funcionamiento flexible: PTT de dedo opcional para todas las soluciones.<\/li>\n<li>Compatible con el est\u00e1ndar de audio de desconexi\u00f3n r\u00e1pida de 6 patillas de Hirose, dise\u00f1ado para auriculares con cable de 6 patillas cuando no se necesita Bluetooth.<\/li>\n<\/ul>","protected":false},"excerpt":{"rendered":"<p>El adaptador Bluetooth BluePTT-M9 para radios Motorola (series MotoTRBO\/DP3400\/DP3401\/DP3600\/DP4000\/DP4400\/DP4600\/XPR3600\/XPR6500\/XPR7350\/XPR7550\/APX1000\/APX2000\/APX4000\/APX6000\/APX7000\/MTP6000) ofrece soluciones de comunicaci\u00f3n inal\u00e1mbrica para equipos que operan en grandes \u00e1reas. Con una simple pulsaci\u00f3n de 3 segundos para encenderlo, el indicador LED se vuelve verde, se\u00f1al de que la conexi\u00f3n se ha realizado correctamente.<\/p>\n<p>Es compatible con los modos de emparejamiento Bluetooth y BLE, lo que permite una f\u00e1cil conexi\u00f3n con el micr\u00f3fono Bluetooth RSM-350-BT de RayTalk o el PTT Bluetooth (BT-PTT1) y el receptor Bluetooth BT-01. La interfaz de audio HRS-6P es compatible con el est\u00e1ndar de audio de desconexi\u00f3n r\u00e1pida de 6 patillas de Hirose, dise\u00f1ado para conexiones de auriculares con cable cuando no se requiere Bluetooth.<\/p>\n<p>Es ideal para equipos de almac\u00e9n, equipos de eventos y mucho m\u00e1s. Este adaptador Bluetooth BluePTT-M9 resuelve el problema de emparejamiento entre radios y productos Bluetooth, ofreciendo una verdadera comunicaci\u00f3n inal\u00e1mbrica y una experiencia mejorada.<\/p>\n<p>Para un uso \u00f3ptimo, aseg\u00farate de que el Bluetooth est\u00e1 desactivado antes de conectar el adaptador al walkie-talkie. Adem\u00e1s, aseg\u00farate de bloquear bien la leng\u00fceta cuando el adaptador est\u00e9 conectado.<\/p>","protected":false},"featured_media":5594,"template":"","meta":[],"product_brand":[],"product_cat":[212,248],"product_tag":[],"class_list":{"0":"post-5597","1":"product","2":"type-product","3":"status-publish","4":"has-post-thumbnail","6":"product_cat-bluetooth","7":"product_cat-transmitter","9":"first","10":"instock","11":"shipping-taxable","12":"purchasable","13":"product-type-simple"},"_links":{"self":[{"href":"https:\/\/raytalkcomms.com\/es\/wp-json\/wp\/v2\/product\/5597","targetHints":{"allow":["GET"]}}],"collection":[{"href":"https:\/\/raytalkcomms.com\/es\/wp-json\/wp\/v2\/product"}],"about":[{"href":"https:\/\/raytalkcomms.com\/es\/wp-json\/wp\/v2\/types\/product"}],"wp:featuredmedia":[{"embeddable":true,"href":"https:\/\/raytalkcomms.com\/es\/wp-json\/wp\/v2\/media\/5594"}],"wp:attachment":[{"href":"https:\/\/raytalkcomms.com\/es\/wp-json\/wp\/v2\/media?parent=5597"}],"wp:term":[{"taxonomy":"product_brand","embeddable":true,"href":"https:\/\/raytalkcomms.com\/es\/wp-json\/wp\/v2\/product_brand?post=5597"},{"taxonomy":"product_cat","embeddable":true,"href":"https:\/\/raytalkcomms.com\/es\/wp-json\/wp\/v2\/product_cat?post=5597"},{"taxonomy":"product_tag","embeddable":true,"href":"https:\/\/raytalkcomms.com\/es\/wp-json\/wp\/v2\/product_tag?post=5597"}],"curies":[{"name":"wp","href":"https:\/\/api.w.org\/{rel}","templated":true}]}}