{"id":5590,"date":"2025-12-10T11:55:24","date_gmt":"2025-12-10T11:55:24","guid":{"rendered":"https:\/\/raytalkcomms.com\/?post_type=product&#038;p=5590"},"modified":"2025-12-10T12:01:10","modified_gmt":"2025-12-10T12:01:10","slug":"blueptt-m11-bluetooth-radio-adapter-for-motorola-dp-and-xpr-series-radio","status":"publish","type":"product","link":"https:\/\/raytalkcomms.com\/es\/producto\/blueptt-m11-bluetooth-radio-adapter-for-motorola-dp-and-xpr-series-radio\/","title":{"rendered":"Adaptador de radio Bluetooth BluePTT-M11 para radios Motorola de las series DP y XPR"},"content":{"rendered":"<h3>Caracter\u00edsticas:<\/h3>\n<ul>\n<li>Bluetooth radio adapter for Motorola two-way radios, including the DP, XPR, and MTP series, offering flexible wireless communication.<\/li>\n<li>Conectar productos PoC y aplicaciones PoC.<\/li>\n<li>Tecnolog\u00eda Dual-Mode: Admite tanto Bluetooth cl\u00e1sico como BLE para un rendimiento y una duraci\u00f3n de la bater\u00eda \u00f3ptimos.<\/li>\n<li>Soluci\u00f3n Bluetooth para micr\u00f3fono de altavoz, auricular, auriculares de alta resistencia.<\/li>\n<li>Compatible con auriculares de consumo: utilice sus auriculares de consumo preferidos para mayor comodidad y ahorro de costes.<\/li>\n<li>Control mejorado: Destacado con f\u00e1cil volumen + &amp;-.<\/li>\n<li>Funcionamiento flexible: PTT de dedo opcional para todas las soluciones.<\/li>\n<li>Compatible con el est\u00e1ndar de audio de desconexi\u00f3n r\u00e1pida de 6 patillas de Hirose, dise\u00f1ado para auriculares con cable de 6 patillas cuando no se necesita Bluetooth.<\/li>\n<\/ul>","protected":false},"excerpt":{"rendered":"<p>The BluePTT-M11 Bluetooth radio adapter for Motorola radios (DP2000\/DP2400\/DP2600\/DP3440\/DP3441\/XPR3000\/XPR3300\/XPR3500\/MTP3250\/MTP3100\/MTP3200) provides wireless communication solutions for teams operating in large areas. With a simple 3-second press to power on, the LED indicator turns green, signaling a successful connection.<\/p>\n<p>Es compatible con los modos de emparejamiento Bluetooth y BLE, lo que permite una f\u00e1cil conexi\u00f3n con el micr\u00f3fono Bluetooth RSM-350-BT de RayTalk o el PTT Bluetooth (BT-PTT1) y el receptor Bluetooth BT-01. La interfaz de audio HRS-6P es compatible con el est\u00e1ndar de audio de desconexi\u00f3n r\u00e1pida de 6 patillas de Hirose, dise\u00f1ado para conexiones de auriculares con cable cuando no se requiere Bluetooth.<\/p>\n<p>It\u2019s ideal for warehouse teams, event crews, and more. This BluePTT-M11 Bluetooth radio adapter solves the pairing challenge between radios and Bluetooth products, delivering true wireless communication and an enhanced experience.<\/p>\n<p>Para un uso \u00f3ptimo, aseg\u00farate de que el Bluetooth est\u00e1 desactivado antes de conectar el adaptador al walkie-talkie. Adem\u00e1s, aseg\u00farate de bloquear bien la leng\u00fceta cuando el adaptador est\u00e9 conectado.<\/p>","protected":false},"featured_media":5591,"template":"","meta":[],"product_brand":[],"product_cat":[212,248],"product_tag":[],"class_list":{"0":"post-5590","1":"product","2":"type-product","3":"status-publish","4":"has-post-thumbnail","6":"product_cat-bluetooth","7":"product_cat-transmitter","9":"first","10":"instock","11":"shipping-taxable","12":"purchasable","13":"product-type-simple"},"_links":{"self":[{"href":"https:\/\/raytalkcomms.com\/es\/wp-json\/wp\/v2\/product\/5590","targetHints":{"allow":["GET"]}}],"collection":[{"href":"https:\/\/raytalkcomms.com\/es\/wp-json\/wp\/v2\/product"}],"about":[{"href":"https:\/\/raytalkcomms.com\/es\/wp-json\/wp\/v2\/types\/product"}],"wp:featuredmedia":[{"embeddable":true,"href":"https:\/\/raytalkcomms.com\/es\/wp-json\/wp\/v2\/media\/5591"}],"wp:attachment":[{"href":"https:\/\/raytalkcomms.com\/es\/wp-json\/wp\/v2\/media?parent=5590"}],"wp:term":[{"taxonomy":"product_brand","embeddable":true,"href":"https:\/\/raytalkcomms.com\/es\/wp-json\/wp\/v2\/product_brand?post=5590"},{"taxonomy":"product_cat","embeddable":true,"href":"https:\/\/raytalkcomms.com\/es\/wp-json\/wp\/v2\/product_cat?post=5590"},{"taxonomy":"product_tag","embeddable":true,"href":"https:\/\/raytalkcomms.com\/es\/wp-json\/wp\/v2\/product_tag?post=5590"}],"curies":[{"name":"wp","href":"https:\/\/api.w.org\/{rel}","templated":true}]}}