{"id":5557,"date":"2025-12-09T12:11:09","date_gmt":"2025-12-09T12:11:09","guid":{"rendered":"https:\/\/raytalkcomms.com\/?post_type=product&#038;p=5557"},"modified":"2025-12-31T10:26:28","modified_gmt":"2025-12-31T10:26:28","slug":"rsm-350-bt-bluetooth-speaker-mic","status":"publish","type":"product","link":"https:\/\/raytalkcomms.com\/es\/producto\/rsm-350-bt-bluetooth-speaker-mic\/","title":{"rendered":"RSM-350-BT Altavoz con micr\u00f3fono Bluetooth"},"content":{"rendered":"<h3>Caracter\u00edsticas:<\/h3>\n<ul>\n<li>Micr\u00f3fono altavoz compacto y resistente con control de volumen y bot\u00f3n PTT (pulsar para hablar).<\/li>\n<li>Micr\u00f3fono con reducci\u00f3n de ruido ENC para una comunicaci\u00f3n m\u00e1s clara en entornos ruidosos.<\/li>\n<li>Carga USB-C y puerto de audio de 3,5 mm para una conectividad vers\u00e1til con transmisores inal\u00e1mbricos y con cable.<\/li>\n<li>El grado de impermeabilidad IP67 garantiza la durabilidad en entornos h\u00famedos y dif\u00edciles.<\/li>\n<li>Bluetooth V5.2.<\/li>\n<li>Bater\u00eda de litio de 1200 mAh<\/li>\n<li>Admite BLE (POC) y Bluetooth para facilitar la integraci\u00f3n con aplicaciones PTTOC de walkie-talkie.<\/li>\n<li>Compatible con Zello, Eschat, Tassta APP.<\/li>\n<li>Temperatura de funcionamiento: de -20 \u00b0C a 60 \u00b0C.<\/li>\n<\/ul>\n<p><strong><em>A continuaci\u00f3n se enumeran las aplicaciones POC soportadas hasta ahora, m\u00e1s integraciones de aplicaciones est\u00e1n en desarrollo.<\/em><\/strong><\/p>\n<p><img fetchpriority=\"high\" decoding=\"async\" class=\"wp-image-6685 size-full aligncenter\" src=\"https:\/\/raytalkcomms.com\/wp-content\/uploads\/2025\/12\/POC-02-02.jpg\" alt=\"Push-to-Talk over Cellular applications\" width=\"1000\" height=\"563\" srcset=\"https:\/\/raytalkcomms.com\/wp-content\/uploads\/2025\/12\/POC-02-02.jpg 1000w, https:\/\/raytalkcomms.com\/wp-content\/uploads\/2025\/12\/POC-02-02-300x169.jpg 300w, https:\/\/raytalkcomms.com\/wp-content\/uploads\/2025\/12\/POC-02-02-768x432.jpg 768w\" sizes=\"(max-width: 1000px) 100vw, 1000px\" \/><\/p>","protected":false},"excerpt":{"rendered":"<p>El micr\u00f3fono con altavoz Bluetooth RSM-350-BT est\u00e1 dise\u00f1ado para entornos m\u00f3viles de ritmo r\u00e1pido en los que los trabajadores necesitan una comunicaci\u00f3n r\u00e1pida en movimiento. Este micr\u00f3fono con altavoz Bluetooth, perfecto para el personal de almacenes, equipos de conducci\u00f3n y equipos de eventos, proporciona un audio n\u00edtido con un grado de impermeabilidad IP67, lo que garantiza la fiabilidad incluso en condiciones de humedad. Equipado con reducci\u00f3n de ruido ENC, ofrece una mayor claridad de voz en entornos ruidosos. Es compatible con Bluetooth (BT) y POC (BLE) para una integraci\u00f3n perfecta con apps PoC de walkie-talkie como Zello, Eschat y TASSTA, lo que lo hace ideal para la comunicaci\u00f3n en tiempo real. Con un puerto de carga USB-C y un conector de audio de 3,5 mm, este vers\u00e1til micr\u00f3fono ayuda a aumentar la eficiencia y la coordinaci\u00f3n.<\/p>","protected":false},"featured_media":5551,"template":"","meta":[],"product_brand":[],"product_cat":[212,247,213,251],"product_tag":[],"class_list":{"0":"post-5557","1":"product","2":"type-product","3":"status-publish","4":"has-post-thumbnail","6":"product_cat-bluetooth","7":"product_cat-receiver","8":"product_cat-poc","9":"product_cat-speaker-microphone-poc","11":"first","12":"instock","13":"shipping-taxable","14":"purchasable","15":"product-type-simple"},"_links":{"self":[{"href":"https:\/\/raytalkcomms.com\/es\/wp-json\/wp\/v2\/product\/5557","targetHints":{"allow":["GET"]}}],"collection":[{"href":"https:\/\/raytalkcomms.com\/es\/wp-json\/wp\/v2\/product"}],"about":[{"href":"https:\/\/raytalkcomms.com\/es\/wp-json\/wp\/v2\/types\/product"}],"wp:featuredmedia":[{"embeddable":true,"href":"https:\/\/raytalkcomms.com\/es\/wp-json\/wp\/v2\/media\/5551"}],"wp:attachment":[{"href":"https:\/\/raytalkcomms.com\/es\/wp-json\/wp\/v2\/media?parent=5557"}],"wp:term":[{"taxonomy":"product_brand","embeddable":true,"href":"https:\/\/raytalkcomms.com\/es\/wp-json\/wp\/v2\/product_brand?post=5557"},{"taxonomy":"product_cat","embeddable":true,"href":"https:\/\/raytalkcomms.com\/es\/wp-json\/wp\/v2\/product_cat?post=5557"},{"taxonomy":"product_tag","embeddable":true,"href":"https:\/\/raytalkcomms.com\/es\/wp-json\/wp\/v2\/product_tag?post=5557"}],"curies":[{"name":"wp","href":"https:\/\/api.w.org\/{rel}","templated":true}]}}