{"id":5502,"date":"2025-12-09T07:39:54","date_gmt":"2025-12-09T07:39:54","guid":{"rendered":"https:\/\/raytalkcomms.com\/?post_type=product&#038;p=5502"},"modified":"2025-12-09T07:39:54","modified_gmt":"2025-12-09T07:39:54","slug":"wd-30-full-duplex-wireless-intercom-headset","status":"publish","type":"product","link":"https:\/\/raytalkcomms.com\/es\/producto\/wd-30-full-duplex-wireless-intercom-headset\/","title":{"rendered":"WD-30 Auricular de intercomunicaci\u00f3n inal\u00e1mbrico full d\u00faplex"},"content":{"rendered":"<h3>Caracter\u00edsticas:<\/h3>\n<ul>\n<li>La avanzada tecnolog\u00eda ENC garantiza una comunicaci\u00f3n cristalina, incluso en entornos ruidosos.<\/li>\n<li>Conecta hasta 8 personas en un grupo, lo que permite una comunicaci\u00f3n y coordinaci\u00f3n perfectas.<\/li>\n<li>Funciona en frecuencias estables de 863 MHz o 900 MHz con un alcance de hasta 500 metros.<\/li>\n<li>Dise\u00f1o ligero de doble oreja con micr\u00f3fono de cuello de cisne de silenciamiento autom\u00e1tico y c\u00f3modas almohadillas.<\/li>\n<li>14 horas de autonom\u00eda, que proporcionan energ\u00eda de larga duraci\u00f3n para turnos prolongados.<\/li>\n<\/ul>\n<p>&nbsp;<\/p>","protected":false},"excerpt":{"rendered":"<p>Los auriculares de intercomunicaci\u00f3n inal\u00e1mbricos full d\u00faplex WD-30 proporcionan una comunicaci\u00f3n perfecta para equipos en interiores y exteriores, ideal para entornos industriales, almacenes log\u00edsticos, miner\u00eda, petr\u00f3leo y operaciones mar\u00edtimas. Con tecnolog\u00eda ENC avanzada, garantiza conversaciones claras y sin ruidos al reducir el ruido ambiente, el eco y la reverberaci\u00f3n, incluso en entornos ruidosos. Los usuarios pueden conectarse con hasta 8 personas en un grupo o equipos de 4 personas, con capacidades de env\u00edo\/recepci\u00f3n simult\u00e1neas. Los auriculares funcionan con frecuencias estables (863 MHz o 900 MHz) y ofrecen un amplio alcance de comunicaci\u00f3n de hasta 500 metros.<\/p>\n<p>Sus auriculares con protecci\u00f3n ac\u00fastica mejoran la comodidad durante los turnos largos, proporcionando una mejor experiencia de uso a los equipos que trabajan todo el d\u00eda. Su dise\u00f1o ligero de doble oreja garantiza la comodidad durante turnos largos, con funcionamiento manos libres, micr\u00f3fono de cuello de cisne con silenciador autom\u00e1tico y almohadillas blandas para mayor comodidad. Con una bater\u00eda de larga duraci\u00f3n y una intensidad de se\u00f1al fiable, el WD-30 aumenta la eficacia y la coordinaci\u00f3n de cualquier equipo.<\/p>\n<p>Este auricular de intercomunicaci\u00f3n todo en uno full d\u00faplex, fabricado por RayTalk, ofrece una calidad excepcional y permite realmente una comunicaci\u00f3n full d\u00faplex. Con un potente rendimiento, facilita la coordinaci\u00f3n de equipos manos libres y en tiempo real en entornos muy ruidosos, como almacenes industriales y log\u00edsticos.<\/p>","protected":false},"featured_media":5501,"template":"","meta":[],"product_brand":[],"product_cat":[211],"product_tag":[],"class_list":{"0":"post-5502","1":"product","2":"type-product","3":"status-publish","4":"has-post-thumbnail","6":"product_cat-full-duplex-communication","8":"first","9":"instock","10":"shipping-taxable","11":"purchasable","12":"product-type-simple"},"_links":{"self":[{"href":"https:\/\/raytalkcomms.com\/es\/wp-json\/wp\/v2\/product\/5502","targetHints":{"allow":["GET"]}}],"collection":[{"href":"https:\/\/raytalkcomms.com\/es\/wp-json\/wp\/v2\/product"}],"about":[{"href":"https:\/\/raytalkcomms.com\/es\/wp-json\/wp\/v2\/types\/product"}],"wp:featuredmedia":[{"embeddable":true,"href":"https:\/\/raytalkcomms.com\/es\/wp-json\/wp\/v2\/media\/5501"}],"wp:attachment":[{"href":"https:\/\/raytalkcomms.com\/es\/wp-json\/wp\/v2\/media?parent=5502"}],"wp:term":[{"taxonomy":"product_brand","embeddable":true,"href":"https:\/\/raytalkcomms.com\/es\/wp-json\/wp\/v2\/product_brand?post=5502"},{"taxonomy":"product_cat","embeddable":true,"href":"https:\/\/raytalkcomms.com\/es\/wp-json\/wp\/v2\/product_cat?post=5502"},{"taxonomy":"product_tag","embeddable":true,"href":"https:\/\/raytalkcomms.com\/es\/wp-json\/wp\/v2\/product_tag?post=5502"}],"curies":[{"name":"wp","href":"https:\/\/api.w.org\/{rel}","templated":true}]}}