{"id":5319,"date":"2025-12-03T03:26:37","date_gmt":"2025-12-03T03:26:37","guid":{"rendered":"https:\/\/raytalkcomms.com\/?post_type=product&#038;p=5319"},"modified":"2025-12-19T13:04:07","modified_gmt":"2025-12-19T13:04:07","slug":"ph-410a-ultra-lightweight-pnr-headset-with-carbon-fiber","status":"publish","type":"product","link":"https:\/\/raytalkcomms.com\/es\/producto\/ph-410a-ultra-lightweight-pnr-headset-with-carbon-fiber\/","title":{"rendered":"PH-410A Auricular PNR ultraligero con fibra de carbono"},"content":{"rendered":"<h3>Caracter\u00edsticas:<\/h3>\n<ul>\n<li>Auricular PNR ultraligero mejorado a partir del PH-400A para mejorar la ergonom\u00eda del piloto.<\/li>\n<li>C\u00f3moda almohadilla de espuma y suaves almohadillas de piel sint\u00e9tica para vuelos largos.<\/li>\n<li>Diadema ajustable de acero inoxidable para un ajuste seguro y personalizado.<\/li>\n<li>Reducci\u00f3n pasiva del ruido con micr\u00f3fono electret con supresi\u00f3n de ruido para una transmisi\u00f3n clara de la voz.<\/li>\n<li>Brazo de micr\u00f3fono giratorio 270\u00b0 para uso en el lado izquierdo o derecho.<\/li>\n<li>M\u00f3dulo de control con resistencia ajustable, interruptor mono\/est\u00e9reo y control de volumen.<\/li>\n<li>Toma de audio de 3,5 mm para tabletas, smartphones y otros dispositivos de audio.<\/li>\n<li>Enchufes dobles GA est\u00e1ndar compatibles con la mayor\u00eda de las aeronaves de aviaci\u00f3n general.<\/li>\n<\/ul>\n<h3>Ventajas:<\/h3>\n<p>Los auriculares PNR ultraligeros PH-410A ofrecen a pilotos y operadores una soluci\u00f3n m\u00e1s c\u00f3moda y fiable para el vuelo diario. Su dise\u00f1o ultraligero y sus suaves almohadillas ayudan a reducir la fatiga en los trayectos largos, mientras que la reducci\u00f3n pasiva del ruido y un micr\u00f3fono claro mejoran la inteligibilidad de la radio en cabinas con mucho tr\u00e1fico. Los conectores dobles GA est\u00e1ndar simplifican la integraci\u00f3n de la flota en distintas aeronaves, lo que facilita a las escuelas de vuelo, aeroclubes y aerol\u00edneas el equipamiento y la rotaci\u00f3n de las tripulaciones. Con entrada de audio para EFB y contenidos de formaci\u00f3n, tambi\u00e9n es compatible con los modernos flujos de trabajo de cabina conectada.<\/p>","protected":false},"excerpt":{"rendered":"<p>El auricular ultraligero PNR PH-410A es la versi\u00f3n mejorada del auricular <a href=\"https:\/\/raytalkcomms.com\/es\/producto\/ph-400a-carbon-fiber-lightweight-aviation-headset-for-airline-pilots\/\">PH-400A<\/a>, redise\u00f1ado para adaptarse mejor a los h\u00e1bitos de pilotaje y las necesidades de comodidad de los pilotos. Incorpora una c\u00f3moda almohadilla de espuma, diadema ajustable de acero inoxidable y suaves almohadillas de piel sint\u00e9tica para vuelos largos. La reducci\u00f3n pasiva del ruido y el micr\u00f3fono electret con supresi\u00f3n de ruido garantizan una transmisi\u00f3n clara de la voz. El m\u00f3dulo de control ofrece resistencia ajustable, conmutador mono\/est\u00e9reo, control de volumen y una toma de audio de 3,5 mm para tabletas, tel\u00e9fonos y otros dispositivos de audio. Las clavijas dobles GA est\u00e1ndar lo hacen compatible con la mayor\u00eda de los aviones.<\/p>","protected":false},"featured_media":5320,"template":"","meta":[],"product_brand":[],"product_cat":[208,314,319],"product_tag":[],"class_list":{"0":"post-5319","1":"product","2":"type-product","3":"status-publish","4":"has-post-thumbnail","6":"product_cat-aviation","7":"product_cat-fixed-wing","8":"product_cat-passive-noise-reduction-fixed-wing","10":"first","11":"instock","12":"shipping-taxable","13":"purchasable","14":"product-type-simple"},"_links":{"self":[{"href":"https:\/\/raytalkcomms.com\/es\/wp-json\/wp\/v2\/product\/5319","targetHints":{"allow":["GET"]}}],"collection":[{"href":"https:\/\/raytalkcomms.com\/es\/wp-json\/wp\/v2\/product"}],"about":[{"href":"https:\/\/raytalkcomms.com\/es\/wp-json\/wp\/v2\/types\/product"}],"wp:featuredmedia":[{"embeddable":true,"href":"https:\/\/raytalkcomms.com\/es\/wp-json\/wp\/v2\/media\/5320"}],"wp:attachment":[{"href":"https:\/\/raytalkcomms.com\/es\/wp-json\/wp\/v2\/media?parent=5319"}],"wp:term":[{"taxonomy":"product_brand","embeddable":true,"href":"https:\/\/raytalkcomms.com\/es\/wp-json\/wp\/v2\/product_brand?post=5319"},{"taxonomy":"product_cat","embeddable":true,"href":"https:\/\/raytalkcomms.com\/es\/wp-json\/wp\/v2\/product_cat?post=5319"},{"taxonomy":"product_tag","embeddable":true,"href":"https:\/\/raytalkcomms.com\/es\/wp-json\/wp\/v2\/product_tag?post=5319"}],"curies":[{"name":"wp","href":"https:\/\/api.w.org\/{rel}","templated":true}]}}