{"id":5318,"date":"2025-12-03T02:52:50","date_gmt":"2025-12-03T02:52:50","guid":{"rendered":"https:\/\/raytalkcomms.com\/?post_type=product&#038;p=5318"},"modified":"2025-12-05T03:51:30","modified_gmt":"2025-12-05T03:51:30","slug":"rpb-nntn8020ac-lithium-ion-battery-for-motorola-mtp3100-mtp3150-mtp3250","status":"publish","type":"product","link":"https:\/\/raytalkcomms.com\/es\/producto\/rpb-nntn8020ac-lithium-ion-battery-for-motorola-mtp3100-mtp3150-mtp3250\/","title":{"rendered":"RPB-NNTN8020AC Bater\u00eda de iones de litio para Motorola MTP3100 MTP3150 MTP3250"},"content":{"rendered":"<h3>Caracter\u00edsticas:<\/h3>\n<ul>\n<li>Compatible with Motorola A10, A12, CP1100, CP1180, and EP15 commercial two-way radios.<\/li>\n<li>Las bater\u00edas de alta capacidad permiten un uso prolongado en turnos y ciclos de trabajo largos.<\/li>\n<li>Qu\u00edmica de iones de litio de alto rendimiento<\/li>\n<li>Proporciona hasta largas horas de funcionamiento continuo.<\/li>\n<li>La bater\u00eda de repuesto original de RayTalk ofrece una alternativa rentable a los paquetes OEM\/ODM.<\/li>\n<li>Dise\u00f1ado para un uso cr\u00edtico con un rendimiento estable en condiciones de uso intensivo.<\/li>\n<\/ul>\n<div id=\"gtx-trans\" style=\"position: absolute; left: -9px; top: 3.9125px;\">\n<div class=\"gtx-trans-icon\"><\/div>\n<\/div>","protected":false},"excerpt":{"rendered":"<p>This is a premium Lithium Ion battery for Motorola radios. This RayTalk rechargeable battery is designed for Motorola commercial two-way radios, including MTP3100, MTP3150 and MTP3250.<br \/>\nProporciona largas horas de energ\u00eda sin necesidad de recarga, incluso en condiciones de uso intensivo.<br \/>\nThe battery capacity is 1650 mAh. A high-capacity Lithium Ion battery delivers more stable discharge and maintains consistent power output over time.<br \/>\nFabricado con qu\u00edmica de iones de litio, ofrece una alimentaci\u00f3n fiable y rentable para las radios bidireccionales Motorola de uso diario exigente.<br \/>\nRayTalk ofrece bater\u00edas de radio motorola fiables dise\u00f1adas para proporcionar una alimentaci\u00f3n constante a diversos sistemas y herramientas de comunicaci\u00f3n.<\/p>","protected":false},"featured_media":5312,"template":"","meta":[],"product_brand":[],"product_cat":[214,219,271],"product_tag":[],"class_list":{"0":"post-5318","1":"product","2":"type-product","3":"status-publish","4":"has-post-thumbnail","6":"product_cat-two-way-radio-accessories","7":"product_cat-batteries-and-chargers","8":"product_cat-motorola","10":"first","11":"instock","12":"shipping-taxable","13":"purchasable","14":"product-type-simple"},"_links":{"self":[{"href":"https:\/\/raytalkcomms.com\/es\/wp-json\/wp\/v2\/product\/5318","targetHints":{"allow":["GET"]}}],"collection":[{"href":"https:\/\/raytalkcomms.com\/es\/wp-json\/wp\/v2\/product"}],"about":[{"href":"https:\/\/raytalkcomms.com\/es\/wp-json\/wp\/v2\/types\/product"}],"wp:featuredmedia":[{"embeddable":true,"href":"https:\/\/raytalkcomms.com\/es\/wp-json\/wp\/v2\/media\/5312"}],"wp:attachment":[{"href":"https:\/\/raytalkcomms.com\/es\/wp-json\/wp\/v2\/media?parent=5318"}],"wp:term":[{"taxonomy":"product_brand","embeddable":true,"href":"https:\/\/raytalkcomms.com\/es\/wp-json\/wp\/v2\/product_brand?post=5318"},{"taxonomy":"product_cat","embeddable":true,"href":"https:\/\/raytalkcomms.com\/es\/wp-json\/wp\/v2\/product_cat?post=5318"},{"taxonomy":"product_tag","embeddable":true,"href":"https:\/\/raytalkcomms.com\/es\/wp-json\/wp\/v2\/product_tag?post=5318"}],"curies":[{"name":"wp","href":"https:\/\/api.w.org\/{rel}","templated":true}]}}