{"id":5316,"date":"2025-12-03T02:46:20","date_gmt":"2025-12-03T02:46:20","guid":{"rendered":"https:\/\/raytalkcomms.com\/?post_type=product&#038;p=5316"},"modified":"2025-12-05T03:51:31","modified_gmt":"2025-12-05T03:51:31","slug":"rpb-rln6308b-high-quality-replacement-battery-for-motorola-a10-a12-cp1100-cp1180-ep150","status":"publish","type":"product","link":"https:\/\/raytalkcomms.com\/es\/producto\/rpb-rln6308b-high-quality-replacement-battery-for-motorola-a10-a12-cp1100-cp1180-ep150\/","title":{"rendered":"RPB-RLN6308B Bater\u00eda de repuesto de alta calidad para Motorola A10 A12 CP1100 CP1180 EP150"},"content":{"rendered":"<h3>Caracter\u00edsticas\uff1a<\/h3>\n<ul>\n<li>Compatible con las radios port\u00e1tiles Motorola A10, A12, CP1100, CP1180 y EP15.<\/li>\n<li>Las bater\u00edas de alta capacidad permiten un uso prolongado en turnos y ciclos de trabajo largos.<\/li>\n<li>Qu\u00edmica de iones de litio de alto rendimiento<\/li>\n<li>Proporciona hasta largas horas de funcionamiento continuo.<\/li>\n<li>La bater\u00eda de repuesto original de RayTalk ofrece una alternativa rentable a los paquetes OEM\/ODM.<\/li>\n<li>Dise\u00f1ado para un uso cr\u00edtico con un rendimiento estable en condiciones de uso intensivo.<\/li>\n<\/ul>","protected":false},"excerpt":{"rendered":"<p>Se trata de una bater\u00eda de repuesto profesional de alta calidad para radios Motorola. Esta bater\u00eda recargable RayTalk est\u00e1 dise\u00f1ada para las radios profesionales Motorola, incluidas las A10, A12, CP1100, CP1180 y EP150.<\/p>\n<p>La bater\u00eda de repuesto de alta calidad proporciona largas horas de energ\u00eda sin necesidad de recarga, incluso en condiciones de uso intensivo.<\/p>\n<p>La capacidad de la bater\u00eda es de 2200 mAh, y se pueden personalizar otras capacidades a petici\u00f3n poni\u00e9ndose en contacto con nuestro equipo.<\/p>\n<p>Con las pilas Sanyo, la capacidad alcanza los 2200 mAh. Tambi\u00e9n ofrecemos una opci\u00f3n de celda Samsung popular y de alta calidad, que ofrece una capacidad a\u00fan mayor de 2600 mAh.<\/p>\n<p>Fabricado con qu\u00edmica de iones de litio, ofrece una alimentaci\u00f3n fiable y rentable para las radios bidireccionales Motorola de uso diario exigente.<\/p>\n<p>RayTalk ofrece bater\u00edas de radio motorola fiables dise\u00f1adas para proporcionar una alimentaci\u00f3n constante a diversos sistemas y herramientas de comunicaci\u00f3n.<\/p>","protected":false},"featured_media":5304,"template":"","meta":[],"product_brand":[],"product_cat":[214,219,271],"product_tag":[],"class_list":{"0":"post-5316","1":"product","2":"type-product","3":"status-publish","4":"has-post-thumbnail","6":"product_cat-two-way-radio-accessories","7":"product_cat-batteries-and-chargers","8":"product_cat-motorola","10":"first","11":"instock","12":"shipping-taxable","13":"purchasable","14":"product-type-simple"},"_links":{"self":[{"href":"https:\/\/raytalkcomms.com\/es\/wp-json\/wp\/v2\/product\/5316","targetHints":{"allow":["GET"]}}],"collection":[{"href":"https:\/\/raytalkcomms.com\/es\/wp-json\/wp\/v2\/product"}],"about":[{"href":"https:\/\/raytalkcomms.com\/es\/wp-json\/wp\/v2\/types\/product"}],"wp:featuredmedia":[{"embeddable":true,"href":"https:\/\/raytalkcomms.com\/es\/wp-json\/wp\/v2\/media\/5304"}],"wp:attachment":[{"href":"https:\/\/raytalkcomms.com\/es\/wp-json\/wp\/v2\/media?parent=5316"}],"wp:term":[{"taxonomy":"product_brand","embeddable":true,"href":"https:\/\/raytalkcomms.com\/es\/wp-json\/wp\/v2\/product_brand?post=5316"},{"taxonomy":"product_cat","embeddable":true,"href":"https:\/\/raytalkcomms.com\/es\/wp-json\/wp\/v2\/product_cat?post=5316"},{"taxonomy":"product_tag","embeddable":true,"href":"https:\/\/raytalkcomms.com\/es\/wp-json\/wp\/v2\/product_tag?post=5316"}],"curies":[{"name":"wp","href":"https:\/\/api.w.org\/{rel}","templated":true}]}}