{"id":5248,"date":"2025-12-01T10:10:31","date_gmt":"2025-12-01T10:10:31","guid":{"rendered":"https:\/\/raytalkcomms.com\/?post_type=product&#038;p=5248"},"modified":"2025-12-05T03:51:31","modified_gmt":"2025-12-05T03:51:31","slug":"rpb-ntn8294-rpb-ntn8299-walkie-talkie-ni-mh-battery-for-motorola-xts3000-xts5000","status":"publish","type":"product","link":"https:\/\/raytalkcomms.com\/es\/producto\/rpb-ntn8294-rpb-ntn8299-walkie-talkie-ni-mh-battery-for-motorola-xts3000-xts5000\/","title":{"rendered":"RPB-NTN8294 RPB-NTN8299 Bater\u00eda NI-MH Walkie Talkie para Motorola XTS3000 XTS5000"},"content":{"rendered":"<h3>Caracter\u00edsticas:<\/h3>\n<ul>\n<li>Compatible with Motorola XTS series radios, including XTS3000, and XTS5000.<\/li>\n<li>Qu\u00edmica NI-MH de alto rendimiento<\/li>\n<li>M\u00e1s resistente al calor y al fr\u00edo extremos.<\/li>\n<li>Reducci\u00f3n del riesgo de embalamiento t\u00e9rmico para un funcionamiento m\u00e1s seguro.<\/li>\n<li>El bajo coste de las bater\u00edas y la madurez de su producci\u00f3n lo hacen ideal para grandes flotas (seguridad, hoteles, almacenes, f\u00e1bricas).<\/li>\n<li>Larga vida \u00fatil, adecuada para cargas y descargas frecuentes.<\/li>\n<li>Dise\u00f1o duradero para satisfacer las exigencias de exteriores y entornos dif\u00edciles.<\/li>\n<li>Construcci\u00f3n sin cadmio para una bater\u00eda m\u00e1s respetuosa con el medio ambiente.<\/li>\n<li>Proporciona hasta largas horas de funcionamiento continuo.<\/li>\n<\/ul>","protected":false},"excerpt":{"rendered":"<p>This is a reliable, superior-quality battery pack for a Motorola two way radio. The RayTalk replacement battery RPB-NTN8294 &amp; RPB-NTN8299 is designed for Motorola XTS series radios, including XTS3000, and XTS5000.<\/p>\n<p>The Walkie Talkie NI-MH battery capacity is 1800 mAh, 2200 mAh or 2500 mAh; other capacities can be customized upon request by contacting our team.<br \/>\nThe high-capacity battery is built with high-quality Ni-MH chemistry, offering superior resistance to extreme heat and cold. This walkie talkie Ni-MH battery is designed to withstand rough handling, drops, and prolonged charging in harsh environments.<\/p>\n<p>With a long cycle life, this replacement walkie talkie Ni-MH battery is ideal for frequent charge-and-discharge use. It is especially well-suited for high-demand applications such as security, construction sites, warehouses, and industrial facilities.<\/p>\n<p>Proporciona una alimentaci\u00f3n fiable y rentable para los walkie-talkies Motorola, garantizando que sus tareas cr\u00edticas funcionen sin problemas en todo momento.<\/p>","protected":false},"featured_media":5247,"template":"","meta":[],"product_brand":[],"product_cat":[214,219,271],"product_tag":[],"class_list":{"0":"post-5248","1":"product","2":"type-product","3":"status-publish","4":"has-post-thumbnail","6":"product_cat-two-way-radio-accessories","7":"product_cat-batteries-and-chargers","8":"product_cat-motorola","10":"first","11":"instock","12":"shipping-taxable","13":"purchasable","14":"product-type-simple"},"_links":{"self":[{"href":"https:\/\/raytalkcomms.com\/es\/wp-json\/wp\/v2\/product\/5248","targetHints":{"allow":["GET"]}}],"collection":[{"href":"https:\/\/raytalkcomms.com\/es\/wp-json\/wp\/v2\/product"}],"about":[{"href":"https:\/\/raytalkcomms.com\/es\/wp-json\/wp\/v2\/types\/product"}],"wp:featuredmedia":[{"embeddable":true,"href":"https:\/\/raytalkcomms.com\/es\/wp-json\/wp\/v2\/media\/5247"}],"wp:attachment":[{"href":"https:\/\/raytalkcomms.com\/es\/wp-json\/wp\/v2\/media?parent=5248"}],"wp:term":[{"taxonomy":"product_brand","embeddable":true,"href":"https:\/\/raytalkcomms.com\/es\/wp-json\/wp\/v2\/product_brand?post=5248"},{"taxonomy":"product_cat","embeddable":true,"href":"https:\/\/raytalkcomms.com\/es\/wp-json\/wp\/v2\/product_cat?post=5248"},{"taxonomy":"product_tag","embeddable":true,"href":"https:\/\/raytalkcomms.com\/es\/wp-json\/wp\/v2\/product_tag?post=5248"}],"curies":[{"name":"wp","href":"https:\/\/api.w.org\/{rel}","templated":true}]}}