{"id":5137,"date":"2025-11-27T09:56:47","date_gmt":"2025-11-27T09:56:47","guid":{"rendered":"https:\/\/raytalkcomms.com\/?post_type=product&#038;p=5137"},"modified":"2025-12-05T03:50:31","modified_gmt":"2025-12-05T03:50:31","slug":"rpb-nntn6923a-replacement-li-ion-battery-for-motorola-dtr620-and-dtr-650","status":"publish","type":"product","link":"https:\/\/raytalkcomms.com\/es\/producto\/rpb-nntn6923a-replacement-li-ion-battery-for-motorola-dtr620-and-dtr-650\/","title":{"rendered":"RPB-NNTN6923A Bater\u00eda de Li-ion de repuesto para Motorola DTR620 y DTR 650"},"content":{"rendered":"<p>Caracter\u00edsticas:<\/p>\n<ul>\n<li>Compatible con las radios Motorola de la serie DTR, incluidas las DTR620 y DTR 650.<\/li>\n<li>La bater\u00eda de alta capacidad de 1800mAh permite un uso prolongado en turnos y ciclos de trabajo largos.<\/li>\n<li>Bater\u00edas de iones de litio de alto rendimiento<\/li>\n<li>Proporciona hasta largas horas de funcionamiento continuo.<\/li>\n<li>La bater\u00eda de repuesto original de RayTalk ofrece una alternativa rentable a los paquetes OEM\/ODM.<\/li>\n<li>Dise\u00f1ado para un uso cr\u00edtico con un rendimiento estable en condiciones de uso intensivo.<\/li>\n<\/ul>","protected":false},"excerpt":{"rendered":"<p>Esta es una bater\u00eda de Li-ion de repuesto de alta capacidad para radios Motorola. Esta bater\u00eda recargable RayTalk est\u00e1 dise\u00f1ada para las radios Motorola de la serie DTR, incluidas las DTR620 y DTR 650.<br \/>\nProporciona energ\u00eda de larga duraci\u00f3n sin necesidad de recarga, incluso con un uso intensivo.<br \/>\nLa capacidad de la bater\u00eda es de 1800 mAh. Fabricada con la qu\u00edmica Li-ion, esta bater\u00eda RPB-NNTN6923A ofrece una mayor densidad de energ\u00eda y un rendimiento m\u00e1s estable que los packs est\u00e1ndar.<br \/>\nOfrece una alimentaci\u00f3n fiable y de alto rendimiento para las radios Motorola de la serie DTR en el exigente uso diario.<br \/>\nAunque este pack original de Motorola ha sido descatalogado, siempre puede encontrar esta bater\u00eda de repuesto de RayTalk, que es la bater\u00eda ideal para las radios de la serie DTR existentes.<\/p>","protected":false},"featured_media":5139,"template":"","meta":[],"product_brand":[],"product_cat":[214,219,271],"product_tag":[],"class_list":{"0":"post-5137","1":"product","2":"type-product","3":"status-publish","4":"has-post-thumbnail","6":"product_cat-two-way-radio-accessories","7":"product_cat-batteries-and-chargers","8":"product_cat-motorola","10":"first","11":"instock","12":"shipping-taxable","13":"purchasable","14":"product-type-simple"},"_links":{"self":[{"href":"https:\/\/raytalkcomms.com\/es\/wp-json\/wp\/v2\/product\/5137","targetHints":{"allow":["GET"]}}],"collection":[{"href":"https:\/\/raytalkcomms.com\/es\/wp-json\/wp\/v2\/product"}],"about":[{"href":"https:\/\/raytalkcomms.com\/es\/wp-json\/wp\/v2\/types\/product"}],"wp:featuredmedia":[{"embeddable":true,"href":"https:\/\/raytalkcomms.com\/es\/wp-json\/wp\/v2\/media\/5139"}],"wp:attachment":[{"href":"https:\/\/raytalkcomms.com\/es\/wp-json\/wp\/v2\/media?parent=5137"}],"wp:term":[{"taxonomy":"product_brand","embeddable":true,"href":"https:\/\/raytalkcomms.com\/es\/wp-json\/wp\/v2\/product_brand?post=5137"},{"taxonomy":"product_cat","embeddable":true,"href":"https:\/\/raytalkcomms.com\/es\/wp-json\/wp\/v2\/product_cat?post=5137"},{"taxonomy":"product_tag","embeddable":true,"href":"https:\/\/raytalkcomms.com\/es\/wp-json\/wp\/v2\/product_tag?post=5137"}],"curies":[{"name":"wp","href":"https:\/\/api.w.org\/{rel}","templated":true}]}}