{"id":5107,"date":"2025-11-27T07:17:54","date_gmt":"2025-11-27T07:17:54","guid":{"rendered":"https:\/\/raytalkcomms.com\/?post_type=product&#038;p=5107"},"modified":"2025-12-05T03:50:31","modified_gmt":"2025-12-05T03:50:31","slug":"rpb-pmnn4807-replacement-rechargeable-battery-for-motorola-r7-radio","status":"publish","type":"product","link":"https:\/\/raytalkcomms.com\/es\/producto\/rpb-pmnn4807-replacement-rechargeable-battery-for-motorola-r7-radio\/","title":{"rendered":"RPB-PMNN4807 Bater\u00eda recargable de repuesto para radio Motorola R7"},"content":{"rendered":"<h3>Caracter\u00edsticas\uff1a<\/h3>\n<ul>\n<li>Compatible con las radios port\u00e1tiles Motorola R7.<\/li>\n<li>Las pilas LI-ION de alta capacidad permiten un uso prolongado en turnos y ciclos de trabajo largos.<\/li>\n<li>High-performance LI-ION batteries for Motorola R7 Radio<\/li>\n<li>Proporciona hasta largas horas de funcionamiento continuo.<\/li>\n<li>La bater\u00eda de repuesto original de RayTalk ofrece una alternativa rentable a los paquetes OEM\/ODM.<\/li>\n<li>Dise\u00f1ado para un uso cr\u00edtico con un rendimiento estable en condiciones de uso intensivo\u201d.\u201d<\/li>\n<\/ul>","protected":false},"excerpt":{"rendered":"<p>This is a professional, high-quality replacement battery for Motorola R7 Radio. This RayTalk replacement battery is designed for Motorola radios, including R7<br \/>\nProporciona largas horas de energ\u00eda sin necesidad de recarga, incluso en condiciones de uso intensivo.<br \/>\nThe battery capacity is panasonic 2250mAh, and other capacities can be customized upon request by contacting our team.<br \/>\nFabricado con celdas LI-ION, ofrece una alimentaci\u00f3n fiable y rentable para las radios bidireccionales Motorola de uso diario exigente.<br \/>\nRayTalk ofrece bater\u00edas de radio motorola fiables dise\u00f1adas para proporcionar una alimentaci\u00f3n constante a diversos sistemas y herramientas de comunicaci\u00f3n.<\/p>","protected":false},"featured_media":5105,"template":"","meta":[],"product_brand":[],"product_cat":[214,219,271],"product_tag":[],"class_list":{"0":"post-5107","1":"product","2":"type-product","3":"status-publish","4":"has-post-thumbnail","6":"product_cat-two-way-radio-accessories","7":"product_cat-batteries-and-chargers","8":"product_cat-motorola","10":"first","11":"instock","12":"shipping-taxable","13":"purchasable","14":"product-type-simple"},"_links":{"self":[{"href":"https:\/\/raytalkcomms.com\/es\/wp-json\/wp\/v2\/product\/5107","targetHints":{"allow":["GET"]}}],"collection":[{"href":"https:\/\/raytalkcomms.com\/es\/wp-json\/wp\/v2\/product"}],"about":[{"href":"https:\/\/raytalkcomms.com\/es\/wp-json\/wp\/v2\/types\/product"}],"wp:featuredmedia":[{"embeddable":true,"href":"https:\/\/raytalkcomms.com\/es\/wp-json\/wp\/v2\/media\/5105"}],"wp:attachment":[{"href":"https:\/\/raytalkcomms.com\/es\/wp-json\/wp\/v2\/media?parent=5107"}],"wp:term":[{"taxonomy":"product_brand","embeddable":true,"href":"https:\/\/raytalkcomms.com\/es\/wp-json\/wp\/v2\/product_brand?post=5107"},{"taxonomy":"product_cat","embeddable":true,"href":"https:\/\/raytalkcomms.com\/es\/wp-json\/wp\/v2\/product_cat?post=5107"},{"taxonomy":"product_tag","embeddable":true,"href":"https:\/\/raytalkcomms.com\/es\/wp-json\/wp\/v2\/product_tag?post=5107"}],"curies":[{"name":"wp","href":"https:\/\/api.w.org\/{rel}","templated":true}]}}