{"id":5064,"date":"2025-11-25T10:08:37","date_gmt":"2025-11-25T10:08:37","guid":{"rendered":"https:\/\/raytalkcomms.com\/?post_type=product&#038;p=5064"},"modified":"2025-12-05T03:50:31","modified_gmt":"2025-12-05T03:50:31","slug":"rpb-nntn8023a-replacement-rechargeable-battery-for-motorola-radio","status":"publish","type":"product","link":"https:\/\/raytalkcomms.com\/es\/producto\/rpb-nntn8023a-replacement-rechargeable-battery-for-motorola-radio\/","title":{"rendered":"RPB-NNTN8023A Bater\u00eda recargable de repuesto para radio Motorola"},"content":{"rendered":"<h3>Caracter\u00edsticas\uff1a<\/h3>\n<ul>\n<li>Compatible with Motorola MTP3000 MTP3550 MTP3100 MTP3150 MTP3250 portable radios.<\/li>\n<li>Las pilas LI-ION de alta capacidad permiten un uso prolongado en turnos y ciclos de trabajo largos.<\/li>\n<li>Bater\u00eda recargable Bater\u00edas de iones de litio de alto rendimiento<\/li>\n<li>Proporciona hasta largas horas de funcionamiento continuo.<\/li>\n<li>La bater\u00eda de repuesto original de RayTalk ofrece una alternativa rentable a los paquetes OEM\/ODM.<\/li>\n<li>Dise\u00f1ado para un uso cr\u00edtico con un rendimiento estable en condiciones de uso intensivo\u201d.\u201d<\/li>\n<\/ul>","protected":false},"excerpt":{"rendered":"<p>This is a professional, high-quality replacement battery for Motorola radios. This RayTalk Rechargeable Battery is designed for Motorola radios, including MTP3000 MTP3550 MTP3100 MTP3150 MTP3250<br \/>\nProporciona largas horas de energ\u00eda sin necesidad de recarga, incluso en condiciones de uso intensivo.<br \/>\nLa capacidad de la bater\u00eda es de 2200mAh, y se pueden personalizar otras capacidades a petici\u00f3n poni\u00e9ndose en contacto con nuestro equipo.<br \/>\nFabricado con celdas LI-ION, ofrece una alimentaci\u00f3n fiable y rentable para las radios bidireccionales Motorola de uso diario exigente.<br \/>\nRayTalk ofrece bater\u00edas de radio motorola fiables dise\u00f1adas para proporcionar una alimentaci\u00f3n constante a diversos sistemas y herramientas de comunicaci\u00f3n.<\/p>","protected":false},"featured_media":5223,"template":"","meta":[],"product_brand":[],"product_cat":[214,219,271],"product_tag":[],"class_list":{"0":"post-5064","1":"product","2":"type-product","3":"status-publish","4":"has-post-thumbnail","6":"product_cat-two-way-radio-accessories","7":"product_cat-batteries-and-chargers","8":"product_cat-motorola","10":"first","11":"instock","12":"shipping-taxable","13":"purchasable","14":"product-type-simple"},"_links":{"self":[{"href":"https:\/\/raytalkcomms.com\/es\/wp-json\/wp\/v2\/product\/5064","targetHints":{"allow":["GET"]}}],"collection":[{"href":"https:\/\/raytalkcomms.com\/es\/wp-json\/wp\/v2\/product"}],"about":[{"href":"https:\/\/raytalkcomms.com\/es\/wp-json\/wp\/v2\/types\/product"}],"wp:featuredmedia":[{"embeddable":true,"href":"https:\/\/raytalkcomms.com\/es\/wp-json\/wp\/v2\/media\/5223"}],"wp:attachment":[{"href":"https:\/\/raytalkcomms.com\/es\/wp-json\/wp\/v2\/media?parent=5064"}],"wp:term":[{"taxonomy":"product_brand","embeddable":true,"href":"https:\/\/raytalkcomms.com\/es\/wp-json\/wp\/v2\/product_brand?post=5064"},{"taxonomy":"product_cat","embeddable":true,"href":"https:\/\/raytalkcomms.com\/es\/wp-json\/wp\/v2\/product_cat?post=5064"},{"taxonomy":"product_tag","embeddable":true,"href":"https:\/\/raytalkcomms.com\/es\/wp-json\/wp\/v2\/product_tag?post=5064"}],"curies":[{"name":"wp","href":"https:\/\/api.w.org\/{rel}","templated":true}]}}