{"id":4981,"date":"2025-11-24T02:29:12","date_gmt":"2025-11-24T02:29:12","guid":{"rendered":"https:\/\/raytalkcomms.com\/?post_type=product&#038;p=4981"},"modified":"2025-12-03T12:15:13","modified_gmt":"2025-12-03T12:15:13","slug":"mclip-04-speaker-microphone-clip-with-screws","status":"publish","type":"product","link":"https:\/\/raytalkcomms.com\/es\/producto\/mclip-04-speaker-microphone-clip-with-screws\/","title":{"rendered":"MCLIP-04 Pinza para micr\u00f3fono con altavoz y tornillos"},"content":{"rendered":"<h3>Caracter\u00edsticas:<\/h3>\n<ul>\n<li>Clip de micro altavoz giratorio 360\u00b0 para un posicionamiento flexible<\/li>\n<li>Clip de pl\u00e1stico antideslizante para el cintur\u00f3n<\/li>\n<li>Incluye tornillos para una instalaci\u00f3n r\u00e1pida y sencilla<\/li>\n<li>Ideal para micr\u00f3fonos de mano m\u00f3viles\/de veh\u00edculos y uniformes de servicio<\/li>\n<\/ul>","protected":false},"excerpt":{"rendered":"<p>La pinza para micr\u00f3fono con altavoz MCLIP-04 con tornillos es una robusta pinza para micr\u00f3fono con altavoz muy utilizada por funcionarios gubernamentales e institucionales. La pinza giratoria de pl\u00e1stico para cintur\u00f3n ofrece una superficie c\u00f3moda y antideslizante para sujetar el micr\u00f3fono con altavoz de forma segura a uniformes o equipos. El MCLIP-04 gira 360\u00b0, lo que permite a los usuarios ajustar la posici\u00f3n del micr\u00f3fono seg\u00fan sea necesario para lograr la m\u00e1xima comodidad y accesibilidad. Se puede montar en nuestros micr\u00f3fonos de mano para m\u00f3viles\/veh\u00edculos e incluye tornillos para una instalaci\u00f3n r\u00e1pida y segura.<\/p>","protected":false},"featured_media":4976,"template":"","meta":[],"product_brand":[],"product_cat":[214,218],"product_tag":[],"class_list":{"0":"post-4981","1":"product","2":"type-product","3":"status-publish","4":"has-post-thumbnail","6":"product_cat-two-way-radio-accessories","7":"product_cat-spare-parts","9":"first","10":"instock","11":"shipping-taxable","12":"purchasable","13":"product-type-simple"},"_links":{"self":[{"href":"https:\/\/raytalkcomms.com\/es\/wp-json\/wp\/v2\/product\/4981","targetHints":{"allow":["GET"]}}],"collection":[{"href":"https:\/\/raytalkcomms.com\/es\/wp-json\/wp\/v2\/product"}],"about":[{"href":"https:\/\/raytalkcomms.com\/es\/wp-json\/wp\/v2\/types\/product"}],"wp:featuredmedia":[{"embeddable":true,"href":"https:\/\/raytalkcomms.com\/es\/wp-json\/wp\/v2\/media\/4976"}],"wp:attachment":[{"href":"https:\/\/raytalkcomms.com\/es\/wp-json\/wp\/v2\/media?parent=4981"}],"wp:term":[{"taxonomy":"product_brand","embeddable":true,"href":"https:\/\/raytalkcomms.com\/es\/wp-json\/wp\/v2\/product_brand?post=4981"},{"taxonomy":"product_cat","embeddable":true,"href":"https:\/\/raytalkcomms.com\/es\/wp-json\/wp\/v2\/product_cat?post=4981"},{"taxonomy":"product_tag","embeddable":true,"href":"https:\/\/raytalkcomms.com\/es\/wp-json\/wp\/v2\/product_tag?post=4981"}],"curies":[{"name":"wp","href":"https:\/\/api.w.org\/{rel}","templated":true}]}}