{"id":4975,"date":"2025-11-24T02:25:56","date_gmt":"2025-11-24T02:25:56","guid":{"rendered":"https:\/\/raytalkcomms.com\/?post_type=product&#038;p=4975"},"modified":"2025-12-03T12:13:34","modified_gmt":"2025-12-03T12:13:34","slug":"replacement-swivel-speaker-mic-clip-mclip-03-rsm-300","status":"publish","type":"product","link":"https:\/\/raytalkcomms.com\/es\/producto\/replacement-swivel-speaker-mic-clip-mclip-03-rsm-300\/","title":{"rendered":"Pinza giratoria de repuesto para micr\u00f3fono de altavoz MCLIP-03 para RSM-300"},"content":{"rendered":"<h3>Caracter\u00edsticas:<\/h3>\n<ul>\n<li>Clip de micr\u00f3fono de altavoz giratorio de repuesto para unidades desgastadas o rotas<\/li>\n<li>Compatible con la mayor\u00eda de micr\u00f3fonos de altavoz, incluido el RSM-300<\/li>\n<li>Placa de pinza con resorte de acero inoxidable para un agarre fuerte y duradero<\/li>\n<li>La almohadilla cuadrada proporciona un \u00e1rea de contacto mayor y m\u00e1s estable<\/li>\n<li>Construcci\u00f3n duradera en la que conf\u00edan los equipos de seguridad profesionales<\/li>\n<\/ul>","protected":false},"excerpt":{"rendered":"<p>La pinza giratoria para micr\u00f3fono con altavoz MCLIP-03 est\u00e1 dise\u00f1ada para sustituir las pinzas desgastadas o da\u00f1adas de los micr\u00f3fonos con altavoz. Esta pinza giratoria para micr\u00f3fono de altavoz se monta en la mayor\u00eda de los micr\u00f3fonos de altavoz y es totalmente compatible con nuestro micr\u00f3fono de altavoz RSM-300. La placa de la pinza con resorte de acero inoxidable proporciona una fuerza de sujeci\u00f3n fuerte y resistente, mientras que la almohadilla cuadrada ofrece una mayor superficie de contacto para una sujeci\u00f3n m\u00e1s segura del micr\u00f3fono. Ideal para agentes de seguridad, equipos de protecci\u00f3n privada y personal de eventos, se agarra firmemente a uniformes y equipos de radio y ha superado duras pruebas de durabilidad, gan\u00e1ndose la confianza de muchas empresas de seguridad.<\/p>\n<p>Si busca accesorios de repuesto de gran calidad y valor, RayTalk es un proveedor integral experimentado de accesorios de comunicaci\u00f3n profesionales. Fabricamos una amplia gama de piezas de repuesto y bien merecen su atenci\u00f3n.<\/p>","protected":false},"featured_media":4972,"template":"","meta":[],"product_brand":[],"product_cat":[214,218],"product_tag":[],"class_list":{"0":"post-4975","1":"product","2":"type-product","3":"status-publish","4":"has-post-thumbnail","6":"product_cat-two-way-radio-accessories","7":"product_cat-spare-parts","9":"first","10":"instock","11":"shipping-taxable","12":"purchasable","13":"product-type-simple"},"_links":{"self":[{"href":"https:\/\/raytalkcomms.com\/es\/wp-json\/wp\/v2\/product\/4975","targetHints":{"allow":["GET"]}}],"collection":[{"href":"https:\/\/raytalkcomms.com\/es\/wp-json\/wp\/v2\/product"}],"about":[{"href":"https:\/\/raytalkcomms.com\/es\/wp-json\/wp\/v2\/types\/product"}],"wp:featuredmedia":[{"embeddable":true,"href":"https:\/\/raytalkcomms.com\/es\/wp-json\/wp\/v2\/media\/4972"}],"wp:attachment":[{"href":"https:\/\/raytalkcomms.com\/es\/wp-json\/wp\/v2\/media?parent=4975"}],"wp:term":[{"taxonomy":"product_brand","embeddable":true,"href":"https:\/\/raytalkcomms.com\/es\/wp-json\/wp\/v2\/product_brand?post=4975"},{"taxonomy":"product_cat","embeddable":true,"href":"https:\/\/raytalkcomms.com\/es\/wp-json\/wp\/v2\/product_cat?post=4975"},{"taxonomy":"product_tag","embeddable":true,"href":"https:\/\/raytalkcomms.com\/es\/wp-json\/wp\/v2\/product_tag?post=4975"}],"curies":[{"name":"wp","href":"https:\/\/api.w.org\/{rel}","templated":true}]}}