{"id":4956,"date":"2025-11-21T08:31:52","date_gmt":"2025-11-21T08:31:52","guid":{"rendered":"https:\/\/raytalkcomms.com\/?post_type=product&#038;p=4956"},"modified":"2025-12-03T12:32:56","modified_gmt":"2025-12-03T12:32:56","slug":"rpt-c003-rapid-access-walkie-talkie-holder","status":"publish","type":"product","link":"https:\/\/raytalkcomms.com\/es\/producto\/rpt-c003-rapid-access-walkie-talkie-holder\/","title":{"rendered":"RPT-C003 Soporte para walkie talkie de acceso r\u00e1pido"},"content":{"rendered":"<h3>Caracter\u00edsticas:<\/h3>\n<ul>\n<li>Nuestras fundas de transporte de cuero, fabricadas con cuero de grano superior, est\u00e1n dise\u00f1adas para soportar condiciones duras, por lo que son ideales para usuarios de seguridad p\u00fablica, construcci\u00f3n, servicios p\u00fablicos y otros trabajadores.<\/li>\n<\/ul>","protected":false},"excerpt":{"rendered":"<p>RayTalk RPT-C003 Soporte para walkie talkie de acceso r\u00e1pido apto para radio bidireccional Caltta PH-690<\/p>\n<div id=\"gtx-trans\" style=\"position: absolute; left: -72px; top: -8.8px;\">\n<div class=\"gtx-trans-icon\"><\/div>\n<\/div>","protected":false},"featured_media":5007,"template":"","meta":[],"product_brand":[],"product_cat":[218,214],"product_tag":[],"class_list":{"0":"post-4956","1":"product","2":"type-product","3":"status-publish","4":"has-post-thumbnail","6":"product_cat-spare-parts","7":"product_cat-two-way-radio-accessories","9":"first","10":"instock","11":"shipping-taxable","12":"purchasable","13":"product-type-simple"},"_links":{"self":[{"href":"https:\/\/raytalkcomms.com\/es\/wp-json\/wp\/v2\/product\/4956","targetHints":{"allow":["GET"]}}],"collection":[{"href":"https:\/\/raytalkcomms.com\/es\/wp-json\/wp\/v2\/product"}],"about":[{"href":"https:\/\/raytalkcomms.com\/es\/wp-json\/wp\/v2\/types\/product"}],"wp:featuredmedia":[{"embeddable":true,"href":"https:\/\/raytalkcomms.com\/es\/wp-json\/wp\/v2\/media\/5007"}],"wp:attachment":[{"href":"https:\/\/raytalkcomms.com\/es\/wp-json\/wp\/v2\/media?parent=4956"}],"wp:term":[{"taxonomy":"product_brand","embeddable":true,"href":"https:\/\/raytalkcomms.com\/es\/wp-json\/wp\/v2\/product_brand?post=4956"},{"taxonomy":"product_cat","embeddable":true,"href":"https:\/\/raytalkcomms.com\/es\/wp-json\/wp\/v2\/product_cat?post=4956"},{"taxonomy":"product_tag","embeddable":true,"href":"https:\/\/raytalkcomms.com\/es\/wp-json\/wp\/v2\/product_tag?post=4956"}],"curies":[{"name":"wp","href":"https:\/\/api.w.org\/{rel}","templated":true}]}}