{"id":4923,"date":"2025-11-21T07:22:09","date_gmt":"2025-11-21T07:22:09","guid":{"rendered":"https:\/\/raytalkcomms.com\/?post_type=product&#038;p=4923"},"modified":"2025-12-03T12:32:33","modified_gmt":"2025-12-03T12:32:33","slug":"rpt-m002-walkie-talkie-holster-fit","status":"publish","type":"product","link":"https:\/\/raytalkcomms.com\/es\/producto\/rpt-m002-walkie-talkie-holster-fit\/","title":{"rendered":"Funda para radio bidireccional RPT-M002"},"content":{"rendered":"<h3>Caracter\u00edsticas:<\/h3>\n<ul>\n<li>Swivel, Detachable, Locking Steel Belt Clip.<\/li>\n<li>Elastic sides.<\/li>\n<li>Hay una gran variedad de accesorios de transporte disponibles para mayor comodidad y conveniencia. Los estuches y soportes de transporte est\u00e1n disponibles en tama\u00f1os dise\u00f1ados para adaptarse a su radio y bater\u00eda, y permitir que el audio se escuche con claridad.<\/li>\n<\/ul>","protected":false},"excerpt":{"rendered":"<p>RayTalk RPT-M002 Walkie-Talkie Holster Fit for MOTOROLA DP3400<\/p>","protected":false},"featured_media":5108,"template":"","meta":[],"product_brand":[],"product_cat":[214,218],"product_tag":[],"class_list":{"0":"post-4923","1":"product","2":"type-product","3":"status-publish","4":"has-post-thumbnail","6":"product_cat-two-way-radio-accessories","7":"product_cat-spare-parts","9":"first","10":"instock","11":"shipping-taxable","12":"purchasable","13":"product-type-simple"},"_links":{"self":[{"href":"https:\/\/raytalkcomms.com\/es\/wp-json\/wp\/v2\/product\/4923","targetHints":{"allow":["GET"]}}],"collection":[{"href":"https:\/\/raytalkcomms.com\/es\/wp-json\/wp\/v2\/product"}],"about":[{"href":"https:\/\/raytalkcomms.com\/es\/wp-json\/wp\/v2\/types\/product"}],"wp:featuredmedia":[{"embeddable":true,"href":"https:\/\/raytalkcomms.com\/es\/wp-json\/wp\/v2\/media\/5108"}],"wp:attachment":[{"href":"https:\/\/raytalkcomms.com\/es\/wp-json\/wp\/v2\/media?parent=4923"}],"wp:term":[{"taxonomy":"product_brand","embeddable":true,"href":"https:\/\/raytalkcomms.com\/es\/wp-json\/wp\/v2\/product_brand?post=4923"},{"taxonomy":"product_cat","embeddable":true,"href":"https:\/\/raytalkcomms.com\/es\/wp-json\/wp\/v2\/product_cat?post=4923"},{"taxonomy":"product_tag","embeddable":true,"href":"https:\/\/raytalkcomms.com\/es\/wp-json\/wp\/v2\/product_tag?post=4923"}],"curies":[{"name":"wp","href":"https:\/\/api.w.org\/{rel}","templated":true}]}}