{"id":4883,"date":"2025-11-20T03:45:07","date_gmt":"2025-11-20T03:45:07","guid":{"rendered":"https:\/\/raytalkcomms.com\/?post_type=product&#038;p=4883"},"modified":"2025-12-04T01:54:06","modified_gmt":"2025-12-04T01:54:06","slug":"epac-08a-soft-mic-cover-for-boom-mic","status":"publish","type":"product","link":"https:\/\/raytalkcomms.com\/es\/producto\/epac-08a-soft-mic-cover-for-boom-mic\/","title":{"rendered":"EPAC-08A Funda blanda para micr\u00f3fonos de brazo"},"content":{"rendered":"<h3>Caracter\u00edsticas:<\/h3>\n<ul>\n<li>Funda de espuma suave para micr\u00f3fonos de brazo y auriculares ligeros RHS-02<\/li>\n<li>25 mm de di\u00e1metro \u00d7 30 mm de longitud para un ajuste seguro y eficaz<\/li>\n<li>Mejora la higiene al tiempo que protege y prolonga la vida \u00fatil del micr\u00f3fono<\/li>\n<\/ul>","protected":false},"excerpt":{"rendered":"<p>La funda blanda para micr\u00f3fono EPAC-08A es una funda de espuma higi\u00e9nica dise\u00f1ada para micr\u00f3fonos de brazo en auriculares ligeros, incluidos los de la serie RHS-02.<\/p>\n<p>Con un di\u00e1metro de 25 mm y una longitud de 30 mm, EPAC-08A soft mic muff proporciona nuestro perfil de cubierta de micr\u00f3fono m\u00e1s grande, con un parabrisas m\u00e1s grande que puede acomodar m\u00e1s tipos de micr\u00f3fonos de brazo.<\/p>\n<p>Ofrece un ajuste seguro, por lo que se reduce el ruido innecesario y los micr\u00f3fonos de los auriculares est\u00e1n mejor protegidos, lo que ayuda a prolongar la vida \u00fatil de estos componentes.<\/p>\n<p>La suave espuma protege el micr\u00f3fono del sudor, el polvo y peque\u00f1os contaminantes como las bacterias. Estas part\u00edculas invisibles pueden da\u00f1ar el micr\u00f3fono con el tiempo y son una de las principales causas de la degradaci\u00f3n de la calidad de audio.<\/p>\n<p>Comprar EPAC-08A al por mayor ayuda a los equipos de alquiler a proteger sus activos de comunicaci\u00f3n, reducir el desgaste de los micr\u00f3fonos de diadema y mantener las operaciones en marcha de forma m\u00e1s eficiente y sostenible.<\/p>","protected":false},"featured_media":4881,"template":"","meta":[],"product_brand":[],"product_cat":[214,218],"product_tag":[],"class_list":{"0":"post-4883","1":"product","2":"type-product","3":"status-publish","4":"has-post-thumbnail","6":"product_cat-two-way-radio-accessories","7":"product_cat-spare-parts","9":"first","10":"instock","11":"shipping-taxable","12":"purchasable","13":"product-type-simple"},"_links":{"self":[{"href":"https:\/\/raytalkcomms.com\/es\/wp-json\/wp\/v2\/product\/4883","targetHints":{"allow":["GET"]}}],"collection":[{"href":"https:\/\/raytalkcomms.com\/es\/wp-json\/wp\/v2\/product"}],"about":[{"href":"https:\/\/raytalkcomms.com\/es\/wp-json\/wp\/v2\/types\/product"}],"wp:featuredmedia":[{"embeddable":true,"href":"https:\/\/raytalkcomms.com\/es\/wp-json\/wp\/v2\/media\/4881"}],"wp:attachment":[{"href":"https:\/\/raytalkcomms.com\/es\/wp-json\/wp\/v2\/media?parent=4883"}],"wp:term":[{"taxonomy":"product_brand","embeddable":true,"href":"https:\/\/raytalkcomms.com\/es\/wp-json\/wp\/v2\/product_brand?post=4883"},{"taxonomy":"product_cat","embeddable":true,"href":"https:\/\/raytalkcomms.com\/es\/wp-json\/wp\/v2\/product_cat?post=4883"},{"taxonomy":"product_tag","embeddable":true,"href":"https:\/\/raytalkcomms.com\/es\/wp-json\/wp\/v2\/product_tag?post=4883"}],"curies":[{"name":"wp","href":"https:\/\/api.w.org\/{rel}","templated":true}]}}