{"id":4882,"date":"2025-11-20T03:40:20","date_gmt":"2025-11-20T03:40:20","guid":{"rendered":"https:\/\/raytalkcomms.com\/?post_type=product&#038;p=4882"},"modified":"2025-12-04T01:54:17","modified_gmt":"2025-12-04T01:54:17","slug":"epac-08-foam-boom-mic-muff","status":"publish","type":"product","link":"https:\/\/raytalkcomms.com\/es\/producto\/epac-08-foam-boom-mic-muff\/","title":{"rendered":"EPAC-08 Boom de espuma Mic Muff"},"content":{"rendered":"<h3>Caracter\u00edsticas:<\/h3>\n<ul>\n<li>Funda higi\u00e9nica de espuma para micr\u00f3fono de brazo para auriculares ligeros y REMB-03<\/li>\n<li>17 mm de di\u00e1metro, 35 mm de longitud para un ajuste perfecto y una mejor reducci\u00f3n del ruido<\/li>\n<li>Mantiene los micr\u00f3fonos compartidos limpios, protegidos y con un aspecto profesional<\/li>\n<\/ul>","protected":false},"excerpt":{"rendered":"<p>EPAC-08 Foam Boom Mic Muff es una funda higi\u00e9nica de espuma dise\u00f1ada para auriculares ligeros y el auricular con micr\u00f3fono boom REMB-03. Con un di\u00e1metro de 17 mm y una longitud de 35 mm, se ajusta perfectamente a la mayor\u00eda de los micr\u00f3fonos de brazo delgados, ayudando a reducir el ruido del viento, los chasquidos de la respiraci\u00f3n y los sonidos de fondo. La suave espuma protege contra el polvo, el sudor y el maquillaje, prolongando la vida \u00fatil del micr\u00f3fono y manteniendo limpio y profesional el equipo de comunicaci\u00f3n compartido. EPAC-08 Foam Boom Mic Muff es ideal para seguridad, despacho, aviaci\u00f3n y usuarios industriales.<\/p>","protected":false},"featured_media":4880,"template":"","meta":[],"product_brand":[],"product_cat":[214,218],"product_tag":[],"class_list":{"0":"post-4882","1":"product","2":"type-product","3":"status-publish","4":"has-post-thumbnail","6":"product_cat-two-way-radio-accessories","7":"product_cat-spare-parts","9":"first","10":"instock","11":"shipping-taxable","12":"purchasable","13":"product-type-simple"},"_links":{"self":[{"href":"https:\/\/raytalkcomms.com\/es\/wp-json\/wp\/v2\/product\/4882","targetHints":{"allow":["GET"]}}],"collection":[{"href":"https:\/\/raytalkcomms.com\/es\/wp-json\/wp\/v2\/product"}],"about":[{"href":"https:\/\/raytalkcomms.com\/es\/wp-json\/wp\/v2\/types\/product"}],"wp:featuredmedia":[{"embeddable":true,"href":"https:\/\/raytalkcomms.com\/es\/wp-json\/wp\/v2\/media\/4880"}],"wp:attachment":[{"href":"https:\/\/raytalkcomms.com\/es\/wp-json\/wp\/v2\/media?parent=4882"}],"wp:term":[{"taxonomy":"product_brand","embeddable":true,"href":"https:\/\/raytalkcomms.com\/es\/wp-json\/wp\/v2\/product_brand?post=4882"},{"taxonomy":"product_cat","embeddable":true,"href":"https:\/\/raytalkcomms.com\/es\/wp-json\/wp\/v2\/product_cat?post=4882"},{"taxonomy":"product_tag","embeddable":true,"href":"https:\/\/raytalkcomms.com\/es\/wp-json\/wp\/v2\/product_tag?post=4882"}],"curies":[{"name":"wp","href":"https:\/\/api.w.org\/{rel}","templated":true}]}}