{"id":4852,"date":"2025-11-18T11:15:39","date_gmt":"2025-11-18T11:15:39","guid":{"rendered":"https:\/\/raytalkcomms.com\/?post_type=product&#038;p=4852"},"modified":"2025-12-04T02:32:37","modified_gmt":"2025-12-04T02:32:37","slug":"epac-11-headset-velcro-pad","status":"publish","type":"product","link":"https:\/\/raytalkcomms.com\/es\/producto\/epac-11-headset-velcro-pad\/","title":{"rendered":"EPAC-11 Almohadilla de velcro para auriculares"},"content":{"rendered":"<h3>Caracter\u00edsticas:<\/h3>\n<ul>\n<li>Almohadilla de velcro de recambio para auriculares<\/li>\n<li>Funciona con los auriculares de alta resistencia B-50 y B-51<\/li>\n<\/ul>","protected":false},"excerpt":{"rendered":"<p>EPAC-11 es la almohadilla de velcro de recambio para los auriculares RayTalk B-50 y B-51 de uso intensivo. La banda de velcro ajustable restablece un ajuste seguro y c\u00f3modo despu\u00e9s del uso, haciendo que el reensamblaje, la reparaci\u00f3n y el mantenimiento de rutina sean r\u00e1pidos. El tejido duradero con costuras reforzadas soporta el uso industrial, en carreras y en l\u00edneas de vuelo. Tambi\u00e9n se puede utilizar en muchos de los auriculares para uso intensivo que se colocan detr\u00e1s de la cabeza y que llevan una cinta de velcro, lo que prolonga su vida \u00fatil y mantiene el equipo a punto.<\/p>","protected":false},"featured_media":4851,"template":"","meta":[],"product_brand":[],"product_cat":[214,218],"product_tag":[],"class_list":{"0":"post-4852","1":"product","2":"type-product","3":"status-publish","4":"has-post-thumbnail","6":"product_cat-two-way-radio-accessories","7":"product_cat-spare-parts","9":"first","10":"instock","11":"shipping-taxable","12":"purchasable","13":"product-type-simple"},"_links":{"self":[{"href":"https:\/\/raytalkcomms.com\/es\/wp-json\/wp\/v2\/product\/4852","targetHints":{"allow":["GET"]}}],"collection":[{"href":"https:\/\/raytalkcomms.com\/es\/wp-json\/wp\/v2\/product"}],"about":[{"href":"https:\/\/raytalkcomms.com\/es\/wp-json\/wp\/v2\/types\/product"}],"wp:featuredmedia":[{"embeddable":true,"href":"https:\/\/raytalkcomms.com\/es\/wp-json\/wp\/v2\/media\/4851"}],"wp:attachment":[{"href":"https:\/\/raytalkcomms.com\/es\/wp-json\/wp\/v2\/media?parent=4852"}],"wp:term":[{"taxonomy":"product_brand","embeddable":true,"href":"https:\/\/raytalkcomms.com\/es\/wp-json\/wp\/v2\/product_brand?post=4852"},{"taxonomy":"product_cat","embeddable":true,"href":"https:\/\/raytalkcomms.com\/es\/wp-json\/wp\/v2\/product_cat?post=4852"},{"taxonomy":"product_tag","embeddable":true,"href":"https:\/\/raytalkcomms.com\/es\/wp-json\/wp\/v2\/product_tag?post=4852"}],"curies":[{"name":"wp","href":"https:\/\/api.w.org\/{rel}","templated":true}]}}