{"id":4824,"date":"2025-11-17T10:38:04","date_gmt":"2025-11-17T10:38:04","guid":{"rendered":"https:\/\/raytalkcomms.com\/?post_type=product&#038;p=4824"},"modified":"2025-12-04T02:08:45","modified_gmt":"2025-12-04T02:08:45","slug":"epac-04g-pink-earplug-for-two-way-radio-tube-audio-kits","status":"publish","type":"product","link":"https:\/\/raytalkcomms.com\/es\/producto\/epac-04g-pink-earplug-for-two-way-radio-tube-audio-kits\/","title":{"rendered":"EPAC-04G Tap\u00f3n de o\u00eddo rosa para kits de audio de tubo de radio bidireccional"},"content":{"rendered":"<h3>Caracter\u00edsticas:<\/h3>\n<ul>\n<li>Tapones rosas de 2 capas<\/li>\n<\/ul>\n<div id=\"gtx-trans\" style=\"position: absolute; left: 91px; top: 97.3125px;\">\n<div class=\"gtx-trans-icon\"><\/div>\n<\/div>","protected":false},"excerpt":{"rendered":"<p>El EPAC-04G es un tap\u00f3n para los o\u00eddos con reborde m\u00faltiple. Los tapones rosas de 2 capas est\u00e1n fabricados en goma blanda, utilizada habitualmente como recambio para auriculares walkie. Proporcionan una reducci\u00f3n eficaz del ruido y una comunicaci\u00f3n clara. Su ajuste seguro evita que se deslicen, lo que los hace ideales para seguridad, cuerpos de seguridad y gesti\u00f3n de eventos durante largas jornadas de trabajo.<\/p>\n<div id=\"gtx-trans\" style=\"position: absolute; left: 198px; top: -8.8px;\">\n<div class=\"gtx-trans-icon\"><\/div>\n<\/div>","protected":false},"featured_media":4825,"template":"","meta":[],"product_brand":[],"product_cat":[214,218],"product_tag":[],"class_list":{"0":"post-4824","1":"product","2":"type-product","3":"status-publish","4":"has-post-thumbnail","6":"product_cat-two-way-radio-accessories","7":"product_cat-spare-parts","9":"first","10":"instock","11":"shipping-taxable","12":"purchasable","13":"product-type-simple"},"_links":{"self":[{"href":"https:\/\/raytalkcomms.com\/es\/wp-json\/wp\/v2\/product\/4824","targetHints":{"allow":["GET"]}}],"collection":[{"href":"https:\/\/raytalkcomms.com\/es\/wp-json\/wp\/v2\/product"}],"about":[{"href":"https:\/\/raytalkcomms.com\/es\/wp-json\/wp\/v2\/types\/product"}],"wp:featuredmedia":[{"embeddable":true,"href":"https:\/\/raytalkcomms.com\/es\/wp-json\/wp\/v2\/media\/4825"}],"wp:attachment":[{"href":"https:\/\/raytalkcomms.com\/es\/wp-json\/wp\/v2\/media?parent=4824"}],"wp:term":[{"taxonomy":"product_brand","embeddable":true,"href":"https:\/\/raytalkcomms.com\/es\/wp-json\/wp\/v2\/product_brand?post=4824"},{"taxonomy":"product_cat","embeddable":true,"href":"https:\/\/raytalkcomms.com\/es\/wp-json\/wp\/v2\/product_cat?post=4824"},{"taxonomy":"product_tag","embeddable":true,"href":"https:\/\/raytalkcomms.com\/es\/wp-json\/wp\/v2\/product_tag?post=4824"}],"curies":[{"name":"wp","href":"https:\/\/api.w.org\/{rel}","templated":true}]}}