{"id":4816,"date":"2025-11-17T10:23:06","date_gmt":"2025-11-17T10:23:06","guid":{"rendered":"https:\/\/raytalkcomms.com\/?post_type=product&#038;p=4816"},"modified":"2025-12-04T02:14:12","modified_gmt":"2025-12-04T02:14:12","slug":"epac-02f-soft-rubber-ear-buds-for-walkie-talkie-earphone","status":"publish","type":"product","link":"https:\/\/raytalkcomms.com\/es\/producto\/epac-02f-soft-rubber-ear-buds-for-walkie-talkie-earphone\/","title":{"rendered":"EPAC-02F Auriculares de goma blanda para walkie talkie"},"content":{"rendered":"<h3>Caracter\u00edsticas:<\/h3>\n<ul>\n<li>Auriculares de goma blanda para E-34<\/li>\n<li>Disponible en tama\u00f1o S, M o L para oreja izquierda o derecha<\/li>\n<\/ul>","protected":false},"excerpt":{"rendered":"<p>Los auriculares EPAC-02F de goma blanda est\u00e1n dise\u00f1ados para los auriculares de radio bidireccional con micr\u00f3fono de la serie E-34. Disponibles en tama\u00f1os S, M o L para proporcionar un mejor ajuste y comodidad al usuario. Auriculares flexibles que se adaptan tanto a la oreja izquierda como a la derecha, lo que permite a los usuarios cambiar o ajustar r\u00e1pidamente seg\u00fan sea necesario.<\/p>","protected":false},"featured_media":4817,"template":"","meta":[],"product_brand":[],"product_cat":[214,218],"product_tag":[],"class_list":{"0":"post-4816","1":"product","2":"type-product","3":"status-publish","4":"has-post-thumbnail","6":"product_cat-two-way-radio-accessories","7":"product_cat-spare-parts","9":"first","10":"instock","11":"shipping-taxable","12":"purchasable","13":"product-type-simple"},"_links":{"self":[{"href":"https:\/\/raytalkcomms.com\/es\/wp-json\/wp\/v2\/product\/4816","targetHints":{"allow":["GET"]}}],"collection":[{"href":"https:\/\/raytalkcomms.com\/es\/wp-json\/wp\/v2\/product"}],"about":[{"href":"https:\/\/raytalkcomms.com\/es\/wp-json\/wp\/v2\/types\/product"}],"wp:featuredmedia":[{"embeddable":true,"href":"https:\/\/raytalkcomms.com\/es\/wp-json\/wp\/v2\/media\/4817"}],"wp:attachment":[{"href":"https:\/\/raytalkcomms.com\/es\/wp-json\/wp\/v2\/media?parent=4816"}],"wp:term":[{"taxonomy":"product_brand","embeddable":true,"href":"https:\/\/raytalkcomms.com\/es\/wp-json\/wp\/v2\/product_brand?post=4816"},{"taxonomy":"product_cat","embeddable":true,"href":"https:\/\/raytalkcomms.com\/es\/wp-json\/wp\/v2\/product_cat?post=4816"},{"taxonomy":"product_tag","embeddable":true,"href":"https:\/\/raytalkcomms.com\/es\/wp-json\/wp\/v2\/product_tag?post=4816"}],"curies":[{"name":"wp","href":"https:\/\/api.w.org\/{rel}","templated":true}]}}