{"id":4801,"date":"2025-11-17T09:00:46","date_gmt":"2025-11-17T09:00:46","guid":{"rendered":"https:\/\/raytalkcomms.com\/?post_type=product&#038;p=4801"},"modified":"2025-12-30T06:49:53","modified_gmt":"2025-12-30T06:49:53","slug":"adc-hrs6f-m3-two-way-radio-cable-intercom-connector","status":"publish","type":"product","link":"https:\/\/raytalkcomms.com\/es\/producto\/adc-hrs6f-m3-two-way-radio-cable-intercom-connector\/","title":{"rendered":"ADC-HRS6F-M3 Cable de radio de dos v\u00edas Conector de intercomunicaci\u00f3n"},"content":{"rendered":"<h3>Caracter\u00edsticas:<\/h3>\n<ul>\n<li>forEX500,EX600,GL2000,GP328PLUS,GP344,GP388,PRO5150elite,RELM:RPV30000,RPV3600,RPU3000,RPU3600<br \/>\nRobust and highly flexible&#8221;<\/li>\n<\/ul>","protected":false},"excerpt":{"rendered":"<p>ADC-HRS6F-M3 Two way radio cable intercom connector Quick Disconnect feature is available on most of our products<\/p>","protected":false},"featured_media":4800,"template":"","meta":[],"product_brand":[],"product_cat":[214,307],"product_tag":[],"class_list":{"0":"post-4801","1":"product","2":"type-product","3":"status-publish","4":"has-post-thumbnail","6":"product_cat-two-way-radio-accessories","7":"product_cat-audio-adapter","9":"first","10":"instock","11":"shipping-taxable","12":"purchasable","13":"product-type-simple"},"_links":{"self":[{"href":"https:\/\/raytalkcomms.com\/es\/wp-json\/wp\/v2\/product\/4801","targetHints":{"allow":["GET"]}}],"collection":[{"href":"https:\/\/raytalkcomms.com\/es\/wp-json\/wp\/v2\/product"}],"about":[{"href":"https:\/\/raytalkcomms.com\/es\/wp-json\/wp\/v2\/types\/product"}],"wp:featuredmedia":[{"embeddable":true,"href":"https:\/\/raytalkcomms.com\/es\/wp-json\/wp\/v2\/media\/4800"}],"wp:attachment":[{"href":"https:\/\/raytalkcomms.com\/es\/wp-json\/wp\/v2\/media?parent=4801"}],"wp:term":[{"taxonomy":"product_brand","embeddable":true,"href":"https:\/\/raytalkcomms.com\/es\/wp-json\/wp\/v2\/product_brand?post=4801"},{"taxonomy":"product_cat","embeddable":true,"href":"https:\/\/raytalkcomms.com\/es\/wp-json\/wp\/v2\/product_cat?post=4801"},{"taxonomy":"product_tag","embeddable":true,"href":"https:\/\/raytalkcomms.com\/es\/wp-json\/wp\/v2\/product_tag?post=4801"}],"curies":[{"name":"wp","href":"https:\/\/api.w.org\/{rel}","templated":true}]}}