{"id":4789,"date":"2025-11-17T07:17:55","date_gmt":"2025-11-17T07:17:55","guid":{"rendered":"https:\/\/raytalkcomms.com\/?post_type=product&#038;p=4789"},"modified":"2025-12-04T02:39:26","modified_gmt":"2025-12-04T02:39:26","slug":"epac-01-replacement-acoustic-tube-for-covert-earpiece","status":"publish","type":"product","link":"https:\/\/raytalkcomms.com\/es\/producto\/epac-01-replacement-acoustic-tube-for-covert-earpiece\/","title":{"rendered":"EPAC-01A\/B Tubo ac\u00fastico de repuesto para auricular encubierto"},"content":{"rendered":"<h3>Caracter\u00edsticas:<\/h3>\n<ul>\n<li>Tubo ac\u00fastico sin auriculares<\/li>\n<li>Disponible en transparente o negro<\/li>\n<\/ul>\n<div id=\"gtx-trans\" style=\"position: absolute; left: -65px; top: 1.2px;\">\n<div class=\"gtx-trans-icon\"><\/div>\n<\/div>","protected":false},"excerpt":{"rendered":"<p>EPAC-01A\/B Tubo ac\u00fastico de repuesto para auricular encubierto. Adecuado para los kits de vigilancia RayTalk transparent Airtube series EM-4238, EM-4238P, EM-4132, etc.<\/p>\n<p>Disponible en transparente y negro para una compatibilidad flexible con diferentes auriculares de radio bidireccional. El tubo ac\u00fastico EPAC-01A\/B no incluye auriculares. Esto lo convierte en la elecci\u00f3n perfecta para equipos y departamentos de adquisiciones que ya disponen de un amplio stock de auriculares. Tambi\u00e9n es muy ventajoso para los equipos que realizan con regularidad tareas encubiertas de mantenimiento y reparaci\u00f3n de auriculares.<\/p>\n<p>RayTalk se dedica a proporcionar una gama completa de tubos ac\u00fasticos para los o\u00eddos, ofrecemos soluciones rentables y fiables.<\/p>\n<div id=\"gtx-trans\" style=\"position: absolute; left: 779px; top: 55.2px;\">\n<div class=\"gtx-trans-icon\"><\/div>\n<\/div>","protected":false},"featured_media":4787,"template":"","meta":[],"product_brand":[],"product_cat":[214,218],"product_tag":[],"class_list":{"0":"post-4789","1":"product","2":"type-product","3":"status-publish","4":"has-post-thumbnail","6":"product_cat-two-way-radio-accessories","7":"product_cat-spare-parts","9":"first","10":"instock","11":"shipping-taxable","12":"purchasable","13":"product-type-simple"},"_links":{"self":[{"href":"https:\/\/raytalkcomms.com\/es\/wp-json\/wp\/v2\/product\/4789","targetHints":{"allow":["GET"]}}],"collection":[{"href":"https:\/\/raytalkcomms.com\/es\/wp-json\/wp\/v2\/product"}],"about":[{"href":"https:\/\/raytalkcomms.com\/es\/wp-json\/wp\/v2\/types\/product"}],"wp:featuredmedia":[{"embeddable":true,"href":"https:\/\/raytalkcomms.com\/es\/wp-json\/wp\/v2\/media\/4787"}],"wp:attachment":[{"href":"https:\/\/raytalkcomms.com\/es\/wp-json\/wp\/v2\/media?parent=4789"}],"wp:term":[{"taxonomy":"product_brand","embeddable":true,"href":"https:\/\/raytalkcomms.com\/es\/wp-json\/wp\/v2\/product_brand?post=4789"},{"taxonomy":"product_cat","embeddable":true,"href":"https:\/\/raytalkcomms.com\/es\/wp-json\/wp\/v2\/product_cat?post=4789"},{"taxonomy":"product_tag","embeddable":true,"href":"https:\/\/raytalkcomms.com\/es\/wp-json\/wp\/v2\/product_tag?post=4789"}],"curies":[{"name":"wp","href":"https:\/\/api.w.org\/{rel}","templated":true}]}}