{"id":4784,"date":"2025-11-17T07:08:40","date_gmt":"2025-11-17T07:08:40","guid":{"rendered":"https:\/\/raytalkcomms.com\/?post_type=product&#038;p=4784"},"modified":"2025-12-04T02:40:34","modified_gmt":"2025-12-04T02:40:34","slug":"epac-01x-replacement-transparent-acoustic-tube-earpiece-hook","status":"publish","type":"product","link":"https:\/\/raytalkcomms.com\/es\/producto\/epac-01x-replacement-transparent-acoustic-tube-earpiece-hook\/","title":{"rendered":"EPAC-01X\/01BX Gancho transparente de recambio para auricular de tubo ac\u00fastico"},"content":{"rendered":"<h3>Caracter\u00edsticas:<\/h3>\n<ul>\n<li>El tubo ac\u00fastico viene con un auricular<\/li>\n<li>Disponible con gancho para auricular transparente o negro<\/li>\n<\/ul>","protected":false},"excerpt":{"rendered":"<p>EPAC-01X\/01BX es un juego de tubos ac\u00fasticos transparentes para el gancho del auricular de su walkie talkie, suministrado con un codo y un auricular para una sustituci\u00f3n r\u00e1pida y limpia. Se adapta a todos los auriculares RayTalk, incluidos los modelos EM-4342, EM-4238N y EM-3927.<\/p>\n<p>Este accesorio de tubo ac\u00fastico intercambiable incluye el tubo ac\u00fastico transparente (EPAC-01X) y el tubo ac\u00fastico negro (EPAC-01BX). El tubo ac\u00fastico transparente EPAC-01X\/01BX viene con un auricular, por lo que no es necesario adquirir auriculares adicionales para su montaje.<\/p>\n<p>RayTalk siempre ha proporcionado soluciones de comunicaci\u00f3n fiables. Tubo ac\u00fastico profesional y duradero a un gran precio.<\/p>","protected":false},"featured_media":4785,"template":"","meta":[],"product_brand":[],"product_cat":[218,214],"product_tag":[],"class_list":{"0":"post-4784","1":"product","2":"type-product","3":"status-publish","4":"has-post-thumbnail","6":"product_cat-spare-parts","7":"product_cat-two-way-radio-accessories","9":"first","10":"instock","11":"shipping-taxable","12":"purchasable","13":"product-type-simple"},"_links":{"self":[{"href":"https:\/\/raytalkcomms.com\/es\/wp-json\/wp\/v2\/product\/4784","targetHints":{"allow":["GET"]}}],"collection":[{"href":"https:\/\/raytalkcomms.com\/es\/wp-json\/wp\/v2\/product"}],"about":[{"href":"https:\/\/raytalkcomms.com\/es\/wp-json\/wp\/v2\/types\/product"}],"wp:featuredmedia":[{"embeddable":true,"href":"https:\/\/raytalkcomms.com\/es\/wp-json\/wp\/v2\/media\/4785"}],"wp:attachment":[{"href":"https:\/\/raytalkcomms.com\/es\/wp-json\/wp\/v2\/media?parent=4784"}],"wp:term":[{"taxonomy":"product_brand","embeddable":true,"href":"https:\/\/raytalkcomms.com\/es\/wp-json\/wp\/v2\/product_brand?post=4784"},{"taxonomy":"product_cat","embeddable":true,"href":"https:\/\/raytalkcomms.com\/es\/wp-json\/wp\/v2\/product_cat?post=4784"},{"taxonomy":"product_tag","embeddable":true,"href":"https:\/\/raytalkcomms.com\/es\/wp-json\/wp\/v2\/product_tag?post=4784"}],"curies":[{"name":"wp","href":"https:\/\/api.w.org\/{rel}","templated":true}]}}