{"id":4746,"date":"2025-11-14T09:15:29","date_gmt":"2025-11-14T09:15:29","guid":{"rendered":"https:\/\/raytalkcomms.com\/?post_type=product&#038;p=4746"},"modified":"2025-12-30T06:51:17","modified_gmt":"2025-12-30T06:51:17","slug":"ap-mc02h-audio-connector-adapter-for-harris-radio","status":"publish","type":"product","link":"https:\/\/raytalkcomms.com\/es\/producto\/ap-mc02h-audio-connector-adapter-for-harris-radio\/","title":{"rendered":"AP-MC02H Adaptador de conector de audio para radio Harris"},"content":{"rendered":"<h3>Caracter\u00edsticas:<\/h3>\n<ul>\n<li>Convierte un conector Harris multipolo en un conector hembra Hirose de 6 polos<\/li>\n<li>Dise\u00f1o compacto de cierre r\u00e1pido y conexi\u00f3n r\u00e1pida<\/li>\n<li>Funciona con auriculares y cascos Hirose de 6 patillas<\/li>\n<li>Cuerpo robusto con alivio de tensi\u00f3n para un servicio fiable<\/li>\n<li>Trayectoria de audio clara y estable para misiones<\/li>\n<li>Ayuda a estandarizar los accesorios y a reducir el tiempo de implantaci\u00f3n<\/li>\n<li>Reduce el desgaste de la toma de audio de la radio utilizando el adaptador del conector de audio como punto de conexi\u00f3n diario.<\/li>\n<\/ul>\n<div id=\"gtx-trans\" style=\"position: absolute; left: 243px; top: 97.3125px;\">\n<div class=\"gtx-trans-icon\"><\/div>\n<\/div>","protected":false},"excerpt":{"rendered":"<p>Este adaptador de conector de audio AP-MC02H ofrece a los usuarios de Harris una forma compacta y muy fiable de conectar y desconectar r\u00e1pidamente los equipos de audio. Convierte la interfaz multipolo de Harris en una hembra Hirose de 6 pines, por lo que los auriculares y cascos con conectores de 6 pines se pueden utilizar directamente con las radios Harris compatibles. Mantenga la coherencia de las comunicaciones en todos los equipos reutilizando accesorios de eficacia probada y reduciendo el tiempo de implementaci\u00f3n. Carcasa resistente y alivio de tensi\u00f3n para el trabajo diario sobre el terreno. Compatible con Harris XL200P, XL-150\/P, XG-100\/P, XL-185\/P\/Pi, XL-200\/P\/Pi y XL-400.<\/p>\n<p>Los problemas de compatibilidad entre dispositivos de radio y accesorios pueden resolverse con los adaptadores RayTalk. Ofrecen una liberaci\u00f3n r\u00e1pida, configuraciones flexibles y una comunicaci\u00f3n por radio clara y fiable.<\/p>","protected":false},"featured_media":4745,"template":"","meta":[],"product_brand":[],"product_cat":[214,307],"product_tag":[],"class_list":{"0":"post-4746","1":"product","2":"type-product","3":"status-publish","4":"has-post-thumbnail","6":"product_cat-two-way-radio-accessories","7":"product_cat-audio-adapter","9":"first","10":"instock","11":"shipping-taxable","12":"purchasable","13":"product-type-simple"},"_links":{"self":[{"href":"https:\/\/raytalkcomms.com\/es\/wp-json\/wp\/v2\/product\/4746","targetHints":{"allow":["GET"]}}],"collection":[{"href":"https:\/\/raytalkcomms.com\/es\/wp-json\/wp\/v2\/product"}],"about":[{"href":"https:\/\/raytalkcomms.com\/es\/wp-json\/wp\/v2\/types\/product"}],"wp:featuredmedia":[{"embeddable":true,"href":"https:\/\/raytalkcomms.com\/es\/wp-json\/wp\/v2\/media\/4745"}],"wp:attachment":[{"href":"https:\/\/raytalkcomms.com\/es\/wp-json\/wp\/v2\/media?parent=4746"}],"wp:term":[{"taxonomy":"product_brand","embeddable":true,"href":"https:\/\/raytalkcomms.com\/es\/wp-json\/wp\/v2\/product_brand?post=4746"},{"taxonomy":"product_cat","embeddable":true,"href":"https:\/\/raytalkcomms.com\/es\/wp-json\/wp\/v2\/product_cat?post=4746"},{"taxonomy":"product_tag","embeddable":true,"href":"https:\/\/raytalkcomms.com\/es\/wp-json\/wp\/v2\/product_tag?post=4746"}],"curies":[{"name":"wp","href":"https:\/\/api.w.org\/{rel}","templated":true}]}}