{"id":4743,"date":"2025-11-14T09:03:16","date_gmt":"2025-11-14T09:03:16","guid":{"rendered":"https:\/\/raytalkcomms.com\/?post_type=product&#038;p=4743"},"modified":"2025-12-30T06:51:13","modified_gmt":"2025-12-30T06:51:13","slug":"qdc-m1-quick-connect-disconnect-cable-with-round-ptt","status":"publish","type":"product","link":"https:\/\/raytalkcomms.com\/es\/producto\/qdc-m1-quick-connect-disconnect-cable-with-round-ptt\/","title":{"rendered":"QDC-53-M1\/CC Cable de desconexi\u00f3n r\u00e1pida con PTT redondo"},"content":{"rendered":"<h3>Caracter\u00edsticas<\/h3>\n<ul>\n<li>un bot\u00f3n PTT redondo en l\u00ednea de alta visibilidad y f\u00e1cil de pulsar.<\/li>\n<li>Dise\u00f1ado para una conexi\u00f3n y liberaci\u00f3n r\u00e1pidas con el sistema QDC.<\/li>\n<li>Longitud de cable personalizable para satisfacer sus necesidades operativas espec\u00edficas.<\/li>\n<\/ul>","protected":false},"excerpt":{"rendered":"<p>Una soluci\u00f3n de desconexi\u00f3n r\u00e1pida de primera calidad que incluye un bot\u00f3n PTT t\u00e1ctil de gran tama\u00f1o y un cable que puede adaptarse a la longitud que necesite para ofrecer la m\u00e1xima flexibilidad y control.<\/p>","protected":false},"featured_media":4744,"template":"","meta":[],"product_brand":[],"product_cat":[307,214],"product_tag":[],"class_list":{"0":"post-4743","1":"product","2":"type-product","3":"status-publish","4":"has-post-thumbnail","6":"product_cat-audio-adapter","7":"product_cat-two-way-radio-accessories","9":"first","10":"instock","11":"shipping-taxable","12":"purchasable","13":"product-type-simple"},"_links":{"self":[{"href":"https:\/\/raytalkcomms.com\/es\/wp-json\/wp\/v2\/product\/4743","targetHints":{"allow":["GET"]}}],"collection":[{"href":"https:\/\/raytalkcomms.com\/es\/wp-json\/wp\/v2\/product"}],"about":[{"href":"https:\/\/raytalkcomms.com\/es\/wp-json\/wp\/v2\/types\/product"}],"wp:featuredmedia":[{"embeddable":true,"href":"https:\/\/raytalkcomms.com\/es\/wp-json\/wp\/v2\/media\/4744"}],"wp:attachment":[{"href":"https:\/\/raytalkcomms.com\/es\/wp-json\/wp\/v2\/media?parent=4743"}],"wp:term":[{"taxonomy":"product_brand","embeddable":true,"href":"https:\/\/raytalkcomms.com\/es\/wp-json\/wp\/v2\/product_brand?post=4743"},{"taxonomy":"product_cat","embeddable":true,"href":"https:\/\/raytalkcomms.com\/es\/wp-json\/wp\/v2\/product_cat?post=4743"},{"taxonomy":"product_tag","embeddable":true,"href":"https:\/\/raytalkcomms.com\/es\/wp-json\/wp\/v2\/product_tag?post=4743"}],"curies":[{"name":"wp","href":"https:\/\/api.w.org\/{rel}","templated":true}]}}