{"id":4702,"date":"2025-11-13T07:19:07","date_gmt":"2025-11-13T07:19:07","guid":{"rendered":"https:\/\/raytalkcomms.com\/?post_type=product&#038;p=4702"},"modified":"2025-12-30T06:54:32","modified_gmt":"2025-12-30T06:54:32","slug":"ap-m16-3-5f-radio-connectors-adapters-for-motorola-r7-mxp600-apx-series","status":"publish","type":"product","link":"https:\/\/raytalkcomms.com\/es\/producto\/ap-m16-3-5f-radio-connectors-adapters-for-motorola-r7-mxp600-apx-series\/","title":{"rendered":"AP-M16-3.5F Radio Conectores Adaptadores para Motorola R7, MXP600, APX Series"},"content":{"rendered":"<h3>Caracter\u00edsticas:<\/h3>\n<ul>\n<li>Conecta las radios Motorola compatibles a una toma hembra de 3,5 mm<\/li>\n<li>Compatible con Motorola R7, R7A, Motorola ION ,Tetra MXP600, APX N70, APX N50, APX N30<\/li>\n<li>Funciona con auriculares, cascos, tabletas y tel\u00e9fonos<\/li>\n<li>Cuerpo robusto con alivio de tensi\u00f3n para el uso diario sobre el terreno<\/li>\n<li>R\u00e1pida instalaci\u00f3n que reduce la formaci\u00f3n y el tiempo de inactividad<\/li>\n<\/ul>","protected":false},"excerpt":{"rendered":"<p>AP-M16-3.5F es un adaptador de conectores de radio dise\u00f1ado para conectar modelos espec\u00edficos de Motorola a un conector hembra de 3,5 mm.<\/p>\n<p>Los equipos de gesti\u00f3n hotelera, las comunicaciones in situ, los equipos de escenarios y conciertos y los grupos de log\u00edstica y transporte por carretera suelen disponer de grandes flotas de radiocomunicaci\u00f3n mixtas. Dispositivos como Motorola R7, Motorola ION, TETRA MXP600 y la serie APX se sit\u00faan junto a tabletas, tel\u00e9fonos y auriculares de 3,5 mm. El resultado es un desajuste de conectores, un despliegue lento y un mayor coste.<\/p>\n<p>Los adaptadores de conectores de radio AP-M16-3.5F solucionan este problema conectando los modelos Motorola compatibles a una toma hembra est\u00e1ndar de 3,5 mm, para que los equipos puedan utilizar equipos de audio comunes, mantener los repuestos sencillos y salir al aire m\u00e1s r\u00e1pido con un sonido claro y fiable. El adaptador de conectores de radio garantiza un rendimiento fiable.<\/p>","protected":false},"featured_media":4708,"template":"","meta":[],"product_brand":[],"product_cat":[214,307],"product_tag":[],"class_list":{"0":"post-4702","1":"product","2":"type-product","3":"status-publish","4":"has-post-thumbnail","6":"product_cat-two-way-radio-accessories","7":"product_cat-audio-adapter","9":"first","10":"instock","11":"shipping-taxable","12":"purchasable","13":"product-type-simple"},"_links":{"self":[{"href":"https:\/\/raytalkcomms.com\/es\/wp-json\/wp\/v2\/product\/4702","targetHints":{"allow":["GET"]}}],"collection":[{"href":"https:\/\/raytalkcomms.com\/es\/wp-json\/wp\/v2\/product"}],"about":[{"href":"https:\/\/raytalkcomms.com\/es\/wp-json\/wp\/v2\/types\/product"}],"wp:featuredmedia":[{"embeddable":true,"href":"https:\/\/raytalkcomms.com\/es\/wp-json\/wp\/v2\/media\/4708"}],"wp:attachment":[{"href":"https:\/\/raytalkcomms.com\/es\/wp-json\/wp\/v2\/media?parent=4702"}],"wp:term":[{"taxonomy":"product_brand","embeddable":true,"href":"https:\/\/raytalkcomms.com\/es\/wp-json\/wp\/v2\/product_brand?post=4702"},{"taxonomy":"product_cat","embeddable":true,"href":"https:\/\/raytalkcomms.com\/es\/wp-json\/wp\/v2\/product_cat?post=4702"},{"taxonomy":"product_tag","embeddable":true,"href":"https:\/\/raytalkcomms.com\/es\/wp-json\/wp\/v2\/product_tag?post=4702"}],"curies":[{"name":"wp","href":"https:\/\/api.w.org\/{rel}","templated":true}]}}