{"id":4691,"date":"2025-11-12T11:25:23","date_gmt":"2025-11-12T11:25:23","guid":{"rendered":"https:\/\/raytalkcomms.com\/?post_type=product&#038;p=4691"},"modified":"2025-12-30T06:56:24","modified_gmt":"2025-12-30T06:56:24","slug":"ap-3-5m-3-5f-radio-earphone-adapter-3-5mm-mono-or-stereo-jack-to-electret-acoustic-earphone-2-pin-jack","status":"publish","type":"product","link":"https:\/\/raytalkcomms.com\/es\/producto\/ap-3-5m-3-5f-radio-earphone-adapter-3-5mm-mono-or-stereo-jack-to-electret-acoustic-earphone-2-pin-jack\/","title":{"rendered":"AP-3.5M-3.5F Adaptador de auriculares para radio-Clavija mono o est\u00e9reo de 3,5 mm a auricular ac\u00fastico electret de 2 clavijas"},"content":{"rendered":"<h3>Caracter\u00edsticas:<\/h3>\n<ul>\n<li>Experience a seamless bridge between your gear and your radio.<\/li>\n<li>Crafted from high-quality materials, this adapter is both highly durable and impressively lightweight, offering a stable connection you can rely on.<\/li>\n<li>Its slim form factor stays unobtrusive in your pocket, making it the ultimate portable solution for interoperability.<\/li>\n<\/ul>","protected":false},"excerpt":{"rendered":"<p>AP-3.5M-3.5F Radio Earphone Adapter-3.5mm Mono or Stereo Jack to Electret Acoustic Earphone 2 Pin Jack Adapter for your two way radio.<\/p>","protected":false},"featured_media":4693,"template":"","meta":[],"product_brand":[],"product_cat":[214,307],"product_tag":[],"class_list":{"0":"post-4691","1":"product","2":"type-product","3":"status-publish","4":"has-post-thumbnail","6":"product_cat-two-way-radio-accessories","7":"product_cat-audio-adapter","9":"first","10":"instock","11":"shipping-taxable","12":"purchasable","13":"product-type-simple"},"_links":{"self":[{"href":"https:\/\/raytalkcomms.com\/es\/wp-json\/wp\/v2\/product\/4691","targetHints":{"allow":["GET"]}}],"collection":[{"href":"https:\/\/raytalkcomms.com\/es\/wp-json\/wp\/v2\/product"}],"about":[{"href":"https:\/\/raytalkcomms.com\/es\/wp-json\/wp\/v2\/types\/product"}],"wp:featuredmedia":[{"embeddable":true,"href":"https:\/\/raytalkcomms.com\/es\/wp-json\/wp\/v2\/media\/4693"}],"wp:attachment":[{"href":"https:\/\/raytalkcomms.com\/es\/wp-json\/wp\/v2\/media?parent=4691"}],"wp:term":[{"taxonomy":"product_brand","embeddable":true,"href":"https:\/\/raytalkcomms.com\/es\/wp-json\/wp\/v2\/product_brand?post=4691"},{"taxonomy":"product_cat","embeddable":true,"href":"https:\/\/raytalkcomms.com\/es\/wp-json\/wp\/v2\/product_cat?post=4691"},{"taxonomy":"product_tag","embeddable":true,"href":"https:\/\/raytalkcomms.com\/es\/wp-json\/wp\/v2\/product_tag?post=4691"}],"curies":[{"name":"wp","href":"https:\/\/api.w.org\/{rel}","templated":true}]}}