{"id":4657,"date":"2025-11-12T03:54:32","date_gmt":"2025-11-12T03:54:32","guid":{"rendered":"https:\/\/raytalkcomms.com\/?post_type=product&#038;p=4657"},"modified":"2025-12-30T07:02:06","modified_gmt":"2025-12-30T07:02:06","slug":"em-5033-bone-conduction-radio-earpiece-with-finger-ptt","status":"publish","type":"product","link":"https:\/\/raytalkcomms.com\/es\/producto\/em-5033-bone-conduction-radio-earpiece-with-finger-ptt\/","title":{"rendered":"EM-5033 Auricular para radio de conducci\u00f3n \u00f3sea con PTT de dedo"},"content":{"rendered":"<h3>Caracter\u00edsticas:<\/h3>\n<ul>\n<li>Earbone microphone with big lapel PTT.<\/li>\n<li>Transmit and receive through the ear (use jaw bone to conduct sound).<\/li>\n<li>Discreet application to professional personnel such as SWAT, polices who are on a special mission.<\/li>\n<li>PU coiled cable with Kevlar.<\/li>\n<li>PTT with external 2.5mm jack for remote finger PTT.<\/li>\n<li>Perfect solution for loud environments.<\/li>\n<\/ul>\n<h3>Personalizaci\u00f3n opcional:<\/h3>\n<ul>\n<li>Optional finger PTT with Velcro strap.<\/li>\n<\/ul>\n<div id=\"gtx-trans\" style=\"position: absolute; left: -56px; top: 257.312px;\">\n<div class=\"gtx-trans-icon\"><\/div>\n<\/div>","protected":false},"excerpt":{"rendered":"<p>EM-5033 bone conduction radio earpiece lets you hear ambient sounds for better situational awareness. The ear-bone microphone combines a bone conduction microphone and an in-ear speaker into a single earpiece that fits comfortably in your ear. The earpiece delivers your radio&#8217;s speaker output to your ear for clear, private radio reception.<\/p>\n<p>The EM-5033 Ear-Bone Microphone is a discreet and effective communication solution for surveillance, SWAT, military, and tactical operations, providing clear and private audio transmission. Features an elliptical earpiece with a soft cushion that rotates to make optimal contact in any size ear.<\/p>\n<p>RayTalk offers the EM-5033 bone conduction radio earpiece as a bone communication solution for two-way radios. We also provide ear bone kits such as EM-5043-M1\/CC\/2W and EM-5033-M1\/CC\/1W.<\/p>\n<p>These two ear bone kits feature different PTT designs from the EM-5033, offering greater flexibility for various applications such as security, event management, and outdoor operations.<\/p>\n<p>EM-5033 bone conduction radio earpiece is ideal for surveillance, SWAT, military, and tactical use.<\/p>","protected":false},"featured_media":4655,"template":"","meta":[],"product_brand":[],"product_cat":[210,252],"product_tag":[],"class_list":{"0":"post-4657","1":"product","2":"type-product","3":"status-publish","4":"has-post-thumbnail","6":"product_cat-military-tactical","7":"product_cat-headset","9":"first","10":"instock","11":"shipping-taxable","12":"purchasable","13":"product-type-simple"},"_links":{"self":[{"href":"https:\/\/raytalkcomms.com\/es\/wp-json\/wp\/v2\/product\/4657","targetHints":{"allow":["GET"]}}],"collection":[{"href":"https:\/\/raytalkcomms.com\/es\/wp-json\/wp\/v2\/product"}],"about":[{"href":"https:\/\/raytalkcomms.com\/es\/wp-json\/wp\/v2\/types\/product"}],"wp:featuredmedia":[{"embeddable":true,"href":"https:\/\/raytalkcomms.com\/es\/wp-json\/wp\/v2\/media\/4655"}],"wp:attachment":[{"href":"https:\/\/raytalkcomms.com\/es\/wp-json\/wp\/v2\/media?parent=4657"}],"wp:term":[{"taxonomy":"product_brand","embeddable":true,"href":"https:\/\/raytalkcomms.com\/es\/wp-json\/wp\/v2\/product_brand?post=4657"},{"taxonomy":"product_cat","embeddable":true,"href":"https:\/\/raytalkcomms.com\/es\/wp-json\/wp\/v2\/product_cat?post=4657"},{"taxonomy":"product_tag","embeddable":true,"href":"https:\/\/raytalkcomms.com\/es\/wp-json\/wp\/v2\/product_tag?post=4657"}],"curies":[{"name":"wp","href":"https:\/\/api.w.org\/{rel}","templated":true}]}}