{"id":4643,"date":"2025-11-11T11:20:06","date_gmt":"2025-11-11T11:20:06","guid":{"rendered":"https:\/\/raytalkcomms.com\/?post_type=product&#038;p=4643"},"modified":"2025-12-04T08:52:57","modified_gmt":"2025-12-04T08:52:57","slug":"ran-3000cf-2ptt-noise-cancelling-headset-with-mic-and-2-ptt-button","status":"publish","type":"product","link":"https:\/\/raytalkcomms.com\/es\/producto\/ran-3000cf-2ptt-noise-cancelling-headset-with-mic-and-2-ptt-button\/","title":{"rendered":"RAN-3000CF\/2PTT Auricular con cancelaci\u00f3n de ruido, micr\u00f3fono y 2 botones PTT"},"content":{"rendered":"<h3>Caracter\u00edsticas:<\/h3>\n<ul>\n<li>Puerto universal para conector de cable de 5 patillas.<\/li>\n<li>Puerto de cable de liberaci\u00f3n r\u00e1pida, para conectar f\u00e1cilmente cables para cualquier radio bidireccional o tel\u00e9fono Sprint\/ Nextel.<\/li>\n<li>Bot\u00f3n PTT (pulsar para hablar) integrado en el auricular, control de volumen disponible.<\/li>\n<li>Micr\u00f3fono electret con supresi\u00f3n de ruido.<\/li>\n<li>\u00cdndice de reducci\u00f3n de ruido (NRR): 24 dB.<\/li>\n<li>Entrada de audio opcional de 3,5 mm .<\/li>\n<li>Disponible en negro, amarillo, azul y verde.<\/li>\n<li>El interruptor de volumen no viene de serie, pero est\u00e1 disponible.<\/li>\n<\/ul>","protected":false},"excerpt":{"rendered":"<p>RAN-3000CF\/2PTT es un auricular de doble orejera de fibra de carbono con cancelaci\u00f3n de ruido. Con 2 x 5 pines XLR conector de puerto, puede conectar dos radios diferentes, alambre de resorte flex boom de cancelaci\u00f3n de ruido para la colocaci\u00f3n del micr\u00f3fono perfecto. Cuenta con dos botones rojos PTT, uno en cada auricular, satisfacer la mayor\u00eda de las necesidades de comunicaci\u00f3n del equipo.<br \/>\nDise\u00f1ado pensando en los usuarios zurdos, cuenta con botones PTT rojos dobles en ambos auriculares, lo que permite una comunicaci\u00f3n sin esfuerzo y comodidad para cualquier estilo de trabajo. Ofrece una reducci\u00f3n de ruido mejorada, una voz superior con cancelaci\u00f3n de ruido, al tiempo que proporciona comodidad y estabilidad.<\/p>","protected":false},"featured_media":4644,"template":"","meta":[],"product_brand":[],"product_cat":[214,217],"product_tag":[],"class_list":{"0":"post-4643","1":"product","2":"type-product","3":"status-publish","4":"has-post-thumbnail","6":"product_cat-two-way-radio-accessories","7":"product_cat-heavy-duty-headset","9":"first","10":"instock","11":"shipping-taxable","12":"purchasable","13":"product-type-simple"},"_links":{"self":[{"href":"https:\/\/raytalkcomms.com\/es\/wp-json\/wp\/v2\/product\/4643","targetHints":{"allow":["GET"]}}],"collection":[{"href":"https:\/\/raytalkcomms.com\/es\/wp-json\/wp\/v2\/product"}],"about":[{"href":"https:\/\/raytalkcomms.com\/es\/wp-json\/wp\/v2\/types\/product"}],"wp:featuredmedia":[{"embeddable":true,"href":"https:\/\/raytalkcomms.com\/es\/wp-json\/wp\/v2\/media\/4644"}],"wp:attachment":[{"href":"https:\/\/raytalkcomms.com\/es\/wp-json\/wp\/v2\/media?parent=4643"}],"wp:term":[{"taxonomy":"product_brand","embeddable":true,"href":"https:\/\/raytalkcomms.com\/es\/wp-json\/wp\/v2\/product_brand?post=4643"},{"taxonomy":"product_cat","embeddable":true,"href":"https:\/\/raytalkcomms.com\/es\/wp-json\/wp\/v2\/product_cat?post=4643"},{"taxonomy":"product_tag","embeddable":true,"href":"https:\/\/raytalkcomms.com\/es\/wp-json\/wp\/v2\/product_tag?post=4643"}],"curies":[{"name":"wp","href":"https:\/\/api.w.org\/{rel}","templated":true}]}}