{"id":4632,"date":"2025-11-11T10:54:49","date_gmt":"2025-11-11T10:54:49","guid":{"rendered":"https:\/\/raytalkcomms.com\/?post_type=product&#038;p=4632"},"modified":"2025-12-04T09:46:12","modified_gmt":"2025-12-04T09:46:12","slug":"ran-1000mq-racing-headphones-for-drag-racing","status":"publish","type":"product","link":"https:\/\/raytalkcomms.com\/es\/producto\/ran-1000mq-racing-headphones-for-drag-racing\/","title":{"rendered":"Auriculares de competici\u00f3n RAN-1000MQ para carreras de aceleraci\u00f3n"},"content":{"rendered":"<h3>Caracter\u00edsticas:<\/h3>\n<ul>\n<li>Estilo por encima de la cabeza.<\/li>\n<li>Brazo met\u00e1lico totalmente flexible que gira 270 grados para colocar el micr\u00f3fono con precisi\u00f3n.<\/li>\n<li>Conjunto de diadema de baja tensi\u00f3n.<\/li>\n<li>Micr\u00f3fono electret con supresi\u00f3n de ruido para una comunicaci\u00f3n clara.<\/li>\n<li>Auriculares resistentes con conector mini XLR de desconexi\u00f3n r\u00e1pida.<\/li>\n<\/ul>","protected":false},"excerpt":{"rendered":"<p>Los auriculares de competici\u00f3n RAN-1000MQ son auriculares profesionales con doble orejera de alta resistencia. Fabricados para equipos y tripulaciones de carreras que viven en boxes y paddocks ruidosos. Estos auriculares con orejeras duales de alta resistencia utilizan copas de fibra de carbono 100% real para una gran resistencia sin peso adicional. El micr\u00f3fono de brazo flexible ultrasuave gira 270\u00b0 para que pueda colocarlo exactamente donde lo desee, manteniendo el habla clara incluso junto a motores rugientes. Las almohadillas de gel y la gruesa almohadilla para la cabeza facilitan el uso prolongado.<br \/>\nEl dise\u00f1o sobre la cabeza se mantiene estable, la diadema se ajusta a ambos lados, y el volumen en l\u00ednea y el PTT de una sola pulsaci\u00f3n hacen que las llamadas por radio sean r\u00e1pidas y sencillas.<\/p>","protected":false},"featured_media":4634,"template":"","meta":[],"product_brand":[],"product_cat":[217,214],"product_tag":[],"class_list":{"0":"post-4632","1":"product","2":"type-product","3":"status-publish","4":"has-post-thumbnail","6":"product_cat-heavy-duty-headset","7":"product_cat-two-way-radio-accessories","9":"first","10":"instock","11":"shipping-taxable","12":"purchasable","13":"product-type-simple"},"_links":{"self":[{"href":"https:\/\/raytalkcomms.com\/es\/wp-json\/wp\/v2\/product\/4632","targetHints":{"allow":["GET"]}}],"collection":[{"href":"https:\/\/raytalkcomms.com\/es\/wp-json\/wp\/v2\/product"}],"about":[{"href":"https:\/\/raytalkcomms.com\/es\/wp-json\/wp\/v2\/types\/product"}],"wp:featuredmedia":[{"embeddable":true,"href":"https:\/\/raytalkcomms.com\/es\/wp-json\/wp\/v2\/media\/4634"}],"wp:attachment":[{"href":"https:\/\/raytalkcomms.com\/es\/wp-json\/wp\/v2\/media?parent=4632"}],"wp:term":[{"taxonomy":"product_brand","embeddable":true,"href":"https:\/\/raytalkcomms.com\/es\/wp-json\/wp\/v2\/product_brand?post=4632"},{"taxonomy":"product_cat","embeddable":true,"href":"https:\/\/raytalkcomms.com\/es\/wp-json\/wp\/v2\/product_cat?post=4632"},{"taxonomy":"product_tag","embeddable":true,"href":"https:\/\/raytalkcomms.com\/es\/wp-json\/wp\/v2\/product_tag?post=4632"}],"curies":[{"name":"wp","href":"https:\/\/api.w.org\/{rel}","templated":true}]}}