{"id":4631,"date":"2025-11-11T10:40:02","date_gmt":"2025-11-11T10:40:02","guid":{"rendered":"https:\/\/raytalkcomms.com\/?post_type=product&#038;p=4631"},"modified":"2025-12-04T08:27:02","modified_gmt":"2025-12-04T08:27:02","slug":"b-50cf-radio-intercom-heavy-duty-noise-reduction-headset","status":"publish","type":"product","link":"https:\/\/raytalkcomms.com\/es\/producto\/b-50cf-radio-intercom-heavy-duty-noise-reduction-headset\/","title":{"rendered":"B-50CF Auriculares de radiointercomunicaci\u00f3n con reducci\u00f3n de ruido de alta resistencia"},"content":{"rendered":"<h3>Caracter\u00edsticas:<\/h3>\n<ul>\n<li>Auricular con material de reducci\u00f3n del ruido ac\u00fastico y c\u00f3modas almohadillas de gel.<\/li>\n<li>Cinta met\u00e1lica detr\u00e1s de la cabeza con correa superior, ideal para usar con cascos.<\/li>\n<li>La diadema ajustable con velcro garantiza un ajuste seguro y comodidad durante todo el d\u00eda.<\/li>\n<li>La toma mini XLR de desconexi\u00f3n r\u00e1pida permite cambiar de dispositivo de forma f\u00e1cil y flexible.<\/li>\n<\/ul>\n<h3>Personalizaci\u00f3n opcional:<\/h3>\n<ul>\n<li>PTT rojo opcional en los auriculares.<\/li>\n<li>Bot\u00f3n PTT redondo grande de alta calidad con clip met\u00e1lico de 270 grados.<\/li>\n<li>Est\u00e1n disponibles en rojo, amarillo, rosa, verde y azul.<\/li>\n<li>Se aceptan auriculares de s\u00f3lo escucha de 3,5 mm.<\/li>\n<li>Funci\u00f3n de interruptor de volumen opcional.<\/li>\n<\/ul>","protected":false},"excerpt":{"rendered":"<p>El B-50CF es un auricular con doble micr\u00f3fono de carreras. Est\u00e1 equipado con un micr\u00f3fono de brazo electret flexible con cancelaci\u00f3n de ruido que reduce el ruido fuerte y ofrece una transmisi\u00f3n limpia para los equipos de flotas y construcci\u00f3n. Los auriculares de intercomunicaci\u00f3n de alta resistencia vienen con un interruptor Push-To-Talk (PTT) en l\u00ednea, lo que permite la comunicaci\u00f3n y coordinaci\u00f3n instant\u00e1nea del equipo directamente desde el auricular.<br \/>\nDise\u00f1o de fibra de carbono impresa para un acabado elegante y duradero. La toma Mini XLR de 5 patillas permite una r\u00e1pida conexi\u00f3n y desconexi\u00f3n, ofreciendo una compatibilidad flexible con la mayor\u00eda de los sistemas de radio.<br \/>\nOfrece una claridad de voz superior con cancelaci\u00f3n de ruido, perfecta para intercomunicadores de carreras, avi\u00f3nica y aplicaciones industriales.<\/p>","protected":false},"featured_media":4628,"template":"","meta":[],"product_brand":[],"product_cat":[217,268,209,214],"product_tag":[],"class_list":{"0":"post-4631","1":"product","2":"type-product","3":"status-publish","4":"has-post-thumbnail","6":"product_cat-heavy-duty-headset","7":"product_cat-headset-racing","8":"product_cat-racing","9":"product_cat-two-way-radio-accessories","11":"first","12":"instock","13":"shipping-taxable","14":"purchasable","15":"product-type-simple"},"_links":{"self":[{"href":"https:\/\/raytalkcomms.com\/es\/wp-json\/wp\/v2\/product\/4631","targetHints":{"allow":["GET"]}}],"collection":[{"href":"https:\/\/raytalkcomms.com\/es\/wp-json\/wp\/v2\/product"}],"about":[{"href":"https:\/\/raytalkcomms.com\/es\/wp-json\/wp\/v2\/types\/product"}],"wp:featuredmedia":[{"embeddable":true,"href":"https:\/\/raytalkcomms.com\/es\/wp-json\/wp\/v2\/media\/4628"}],"wp:attachment":[{"href":"https:\/\/raytalkcomms.com\/es\/wp-json\/wp\/v2\/media?parent=4631"}],"wp:term":[{"taxonomy":"product_brand","embeddable":true,"href":"https:\/\/raytalkcomms.com\/es\/wp-json\/wp\/v2\/product_brand?post=4631"},{"taxonomy":"product_cat","embeddable":true,"href":"https:\/\/raytalkcomms.com\/es\/wp-json\/wp\/v2\/product_cat?post=4631"},{"taxonomy":"product_tag","embeddable":true,"href":"https:\/\/raytalkcomms.com\/es\/wp-json\/wp\/v2\/product_tag?post=4631"}],"curies":[{"name":"wp","href":"https:\/\/api.w.org\/{rel}","templated":true}]}}